{"id":41,"date":"2024-08-02T17:32:58","date_gmt":"2024-08-02T15:32:58","guid":{"rendered":"https:\/\/wordpress2439559.home.pl\/autoinstalator\/wordpressplus\/?page_id=41"},"modified":"2024-08-07T11:04:10","modified_gmt":"2024-08-07T11:04:10","slug":"oferta","status":"publish","type":"page","link":"https:\/\/wwsystem.com.pl\/dev\/oferta\/","title":{"rendered":"Oferta"},"content":{"rendered":"\t\t<div data-elementor-type=\"wp-page\" data-elementor-id=\"41\" class=\"elementor elementor-41\" data-elementor-post-type=\"page\">\n\t\t\t\t<div class=\"elementor-element elementor-element-fd04dc1 e-grid e-con-boxed e-con e-parent\" data-id=\"fd04dc1\" data-element_type=\"container\" data-e-type=\"container\" data-settings=\"{&quot;background_background&quot;:&quot;classic&quot;,&quot;shape_divider_top&quot;:&quot;waves&quot;,&quot;shape_divider_bottom&quot;:&quot;waves&quot;}\">\n\t\t\t\t\t<div class=\"e-con-inner\">\n\t\t\t\t<div class=\"elementor-shape elementor-shape-top\" aria-hidden=\"true\" data-negative=\"false\">\n\t\t\t<svg xmlns=\"http:\/\/www.w3.org\/2000\/svg\" viewBox=\"0 0 1000 100\" preserveAspectRatio=\"none\">\n\t<path class=\"elementor-shape-fill\" d=\"M421.9,6.5c22.6-2.5,51.5,0.4,75.5,5.3c23.6,4.9,70.9,23.5,100.5,35.7c75.8,32.2,133.7,44.5,192.6,49.7\n\tc23.6,2.1,48.7,3.5,103.4-2.5c54.7-6,106.2-25.6,106.2-25.6V0H0v30.3c0,0,72,32.6,158.4,30.5c39.2-0.7,92.8-6.7,134-22.4\n\tc21.2-8.1,52.2-18.2,79.7-24.2C399.3,7.9,411.6,7.5,421.9,6.5z\"\/>\n<\/svg>\t\t<\/div>\n\t\t\t\t<div class=\"elementor-shape elementor-shape-bottom\" aria-hidden=\"true\" data-negative=\"false\">\n\t\t\t<svg xmlns=\"http:\/\/www.w3.org\/2000\/svg\" viewBox=\"0 0 1000 100\" preserveAspectRatio=\"none\">\n\t<path class=\"elementor-shape-fill\" d=\"M421.9,6.5c22.6-2.5,51.5,0.4,75.5,5.3c23.6,4.9,70.9,23.5,100.5,35.7c75.8,32.2,133.7,44.5,192.6,49.7\n\tc23.6,2.1,48.7,3.5,103.4-2.5c54.7-6,106.2-25.6,106.2-25.6V0H0v30.3c0,0,72,32.6,158.4,30.5c39.2-0.7,92.8-6.7,134-22.4\n\tc21.2-8.1,52.2-18.2,79.7-24.2C399.3,7.9,411.6,7.5,421.9,6.5z\"\/>\n<\/svg>\t\t<\/div>\n\t\t<div class=\"elementor-element elementor-element-f8663a6 e-con-full e-flex e-con e-child\" data-id=\"f8663a6\" data-element_type=\"container\" data-e-type=\"container\">\n\t\t\t\t<div class=\"elementor-element elementor-element-57fd7ea header-gradient elementor-widget elementor-widget-heading\" data-id=\"57fd7ea\" data-element_type=\"widget\" data-e-type=\"widget\" data-widget_type=\"heading.default\">\n\t\t\t\t<div class=\"elementor-widget-container\">\n\t\t\t\t\t<h2 class=\"elementor-heading-title elementor-size-default\">Oferta<\/h2>\t\t\t\t<\/div>\n\t\t\t\t<\/div>\n\t\t\t\t<div class=\"elementor-element elementor-element-49b0e1c elementor-widget elementor-widget-text-editor\" data-id=\"49b0e1c\" data-element_type=\"widget\" data-e-type=\"widget\" data-widget_type=\"text-editor.default\">\n\t\t\t\t<div class=\"elementor-widget-container\">\n\t\t\t\t\t\t\t\t\t<p>Oferujemy certyfikowane konsultacje, tworzenie dedykowanych dodatk\u00f3w, profesjonalne wsparcie techniczne, partnersk\u0105 wsp\u00f3\u0142prac\u0119 oraz sprzeda\u017c oprogramowania system\u00f3w InsERT i Nexo..<\/p>\t\t\t\t\t\t\t\t<\/div>\n\t\t\t\t<\/div>\n\t\t\t\t<\/div>\n\t\t\t\t<div class=\"elementor-element elementor-element-d240739 bdt-flip-box-easing-quint bdt-flip-box-effect-flip bdt-flip-box-direction-left bdt-flip-box-3d-yes elementor-widget elementor-widget-bdt-flip-box\" data-id=\"d240739\" data-element_type=\"widget\" data-e-type=\"widget\" data-widget_type=\"bdt-flip-box.default\">\n\t\t\t\t<div class=\"elementor-widget-container\">\n\t\t\t\t\t\t\t<div class=\"bdt-flip-box\" data-settings=\"{&quot;flipTrigger&quot;:&quot;hover&quot;}\">\n\t\t\t<div class=\"bdt-flip-box-layer bdt-flip-box-front\">\n\t\t\t\t<div class=\"bdt-flip-box-layer-overlay\">\n\t\t\t\t\t<div class=\"bdt-flip-box-layer-inner\">\n\t\t\t\t\t\t\t\t\t\t\t\t\t<div class=\"elementor-icon-wrapper elementor-view-default\">\n\t\t\t\t\t\t\t\t<div class=\"elementor-icon\">\n\t\t\t\t\t\t\t\t\t\t\t\t\t\t\t\t\t\t\t<svg aria-hidden=\"true\" class=\"fa-fw e-font-icon-svg e-fas-graduation-cap\" viewBox=\"0 0 640 512\" xmlns=\"http:\/\/www.w3.org\/2000\/svg\"><path d=\"M622.34 153.2L343.4 67.5c-15.2-4.67-31.6-4.67-46.79 0L17.66 153.2c-23.54 7.23-23.54 38.36 0 45.59l48.63 14.94c-10.67 13.19-17.23 29.28-17.88 46.9C38.78 266.15 32 276.11 32 288c0 10.78 5.68 19.85 13.86 25.65L20.33 428.53C18.11 438.52 25.71 448 35.94 448h56.11c10.24 0 17.84-9.48 15.62-19.47L82.14 313.65C90.32 307.85 96 298.78 96 288c0-11.57-6.47-21.25-15.66-26.87.76-15.02 8.44-28.3 20.69-36.72L296.6 284.5c9.06 2.78 26.44 6.25 46.79 0l278.95-85.7c23.55-7.24 23.55-38.36 0-45.6zM352.79 315.09c-28.53 8.76-52.84 3.92-65.59 0l-145.02-44.55L128 384c0 35.35 85.96 64 192 64s192-28.65 192-64l-14.18-113.47-145.03 44.56z\"><\/path><\/svg>\t\t\t\t\t\t\t\t\t\t\t\t\t\t\t\t\t<\/div>\n\t\t\t\t\t\t\t<\/div>\n\t\t\t\t\t\t\n\t\t\t\t\t\t\t\t\t\t\t\t\t<h3 class=\"bdt-flip-box-layer-title\">\n\t\t\t\t\t\t\t\tKonsultacje\t\t\t\t\t\t\t<\/h3>\n\t\t\t\t\t\t\n\t\t\t\t\t\t\t\t\t\t\t\t\t<div class=\"bdt-flip-box-layer-desc\">\n\t\t\t\t\t\t\t\tCertyfikowane szkolenia i konsultacje z system\u00f3w Nexo oraz Insert GT. Podnie\u015b swoje kwalifikacje i zdobywaj nowe umiej\u0119tno\u015bci z naszymi ekspertami.\t\t\t\t\t\t\t<\/div>\n\t\t\t\t\t\t\t\t\t\t\t<\/div>\n\t\t\t\t<\/div>\n\t\t\t<\/div>\n\t\t\t<div class=\"bdt-flip-box-layer bdt-flip-box-back\">\n\t\t\t\t<div class=\"bdt-flip-box-layer-overlay\">\n\t\t\t\t\t<div class=\"bdt-flip-box-layer-inner\">\n\t\t\t\t\t\t\t\t\t\t\t\t\t<h3 class=\"bdt-flip-box-layer-title\">\n\t\t\t\t\t\t\t\tKonsultacje\t\t\t\t\t\t\t<\/h3>\n\t\t\t\t\t\t\n\t\t\t\t\t\t\t\t\t\t\t\t\t<div class=\"bdt-flip-box-layer-desc\">\n\t\t\t\t\t\t\t\t Zapisz si\u0119 na nasze szkolenia, aby uzyska\u0107 certyfikaty i praktyczn\u0105 wiedz\u0119, kt\u00f3ra pomo\u017ce Ci efektywnie korzysta\u0107 z narz\u0119dzi InsERT i usprawni\u0107 procesy w Twojej firmie.\t\t\t\t\t\t\t<\/div>\n\t\t\t\t\t\t\n\t\t\t\t\t\t\t\t\t\t\t\t\t<a class=\"bdt-flip-box-button elementor-button elementor-size-sm \">\n\t\t\t\t\t\t\t\tDowiedz si\u0119 wi\u0119cej\t\t\t\t\t\t\t<\/a>\n\t\t\t\t\t\t\t\t\t\t\t<\/div>\n\t\t\t\t<\/div>\n\t\t\t<\/div>\n\t\t<\/div>\n\t\t\t\t\t\t<\/div>\n\t\t\t\t<\/div>\n\t\t\t\t<div class=\"elementor-element elementor-element-f37ca6d bdt-flip-box-easing-quint bdt-flip-box-effect-flip bdt-flip-box-direction-left bdt-flip-box-3d-yes elementor-widget elementor-widget-bdt-flip-box\" data-id=\"f37ca6d\" data-element_type=\"widget\" data-e-type=\"widget\" data-widget_type=\"bdt-flip-box.default\">\n\t\t\t\t<div class=\"elementor-widget-container\">\n\t\t\t\t\t\t\t<div class=\"bdt-flip-box\" data-settings=\"{&quot;flipTrigger&quot;:&quot;hover&quot;}\">\n\t\t\t<div class=\"bdt-flip-box-layer bdt-flip-box-front\">\n\t\t\t\t<div class=\"bdt-flip-box-layer-overlay\">\n\t\t\t\t\t<div class=\"bdt-flip-box-layer-inner\">\n\t\t\t\t\t\t\t\t\t\t\t\t\t<div class=\"elementor-icon-wrapper elementor-view-default\">\n\t\t\t\t\t\t\t\t<div class=\"elementor-icon\">\n\t\t\t\t\t\t\t\t\t\t\t\t\t\t\t\t\t\t\t<svg aria-hidden=\"true\" class=\"fa-fw e-font-icon-svg e-fas-hands-helping\" viewBox=\"0 0 640 512\" xmlns=\"http:\/\/www.w3.org\/2000\/svg\"><path d=\"M488 192H336v56c0 39.7-32.3 72-72 72s-72-32.3-72-72V126.4l-64.9 39C107.8 176.9 96 197.8 96 220.2v47.3l-80 46.2C.7 322.5-4.6 342.1 4.3 357.4l80 138.6c8.8 15.3 28.4 20.5 43.7 11.7L231.4 448H368c35.3 0 64-28.7 64-64h16c17.7 0 32-14.3 32-32v-64h8c13.3 0 24-10.7 24-24v-48c0-13.3-10.7-24-24-24zm147.7-37.4L555.7 16C546.9.7 527.3-4.5 512 4.3L408.6 64H306.4c-12 0-23.7 3.4-33.9 9.7L239 94.6c-9.4 5.8-15 16.1-15 27.1V248c0 22.1 17.9 40 40 40s40-17.9 40-40v-88h184c30.9 0 56 25.1 56 56v28.5l80-46.2c15.3-8.9 20.5-28.4 11.7-43.7z\"><\/path><\/svg>\t\t\t\t\t\t\t\t\t\t\t\t\t\t\t\t\t<\/div>\n\t\t\t\t\t\t\t<\/div>\n\t\t\t\t\t\t\n\t\t\t\t\t\t\t\t\t\t\t\t\t<h3 class=\"bdt-flip-box-layer-title\">\n\t\t\t\t\t\t\t\tWsparcie\t\t\t\t\t\t\t<\/h3>\n\t\t\t\t\t\t\n\t\t\t\t\t\t\t\t\t\t\t\t\t<div class=\"bdt-flip-box-layer-desc\">\n\t\t\t\t\t\t\t\tProfesjonalna pomoc techniczna dla u\u017cytkownik\u00f3w oprogramowania InsERT. Szybkie rozwi\u0105zanie problem\u00f3w dla Twojej firmy.\t\t\t\t\t\t\t<\/div>\n\t\t\t\t\t\t\t\t\t\t\t<\/div>\n\t\t\t\t<\/div>\n\t\t\t<\/div>\n\t\t\t<div class=\"bdt-flip-box-layer bdt-flip-box-back\">\n\t\t\t\t<div class=\"bdt-flip-box-layer-overlay\">\n\t\t\t\t\t<div class=\"bdt-flip-box-layer-inner\">\n\t\t\t\t\t\t\t\t\t\t\t\t\t<h3 class=\"bdt-flip-box-layer-title\">\n\t\t\t\t\t\t\t\tJak to dzia\u0142\u0105?\t\t\t\t\t\t\t<\/h3>\n\t\t\t\t\t\t\n\t\t\t\t\t\t\t\t\t\t\t\t\t<div class=\"bdt-flip-box-layer-desc\">\n\t\t\t\t\t\t\t\tSkontaktuj si\u0119 z naszym zespo\u0142em wsparcia, aby uzyska\u0107 natychmiastow\u0105 pomoc techniczn\u0105 i odpowiedzi na wszelkie pytania dotycz\u0105ce oprogramowania InsERT.\t\t\t\t\t\t\t<\/div>\n\t\t\t\t\t\t\n\t\t\t\t\t\t\t\t\t\t\t\t\t<a class=\"bdt-flip-box-button elementor-button elementor-size-sm \">\n\t\t\t\t\t\t\t\tDowiedz si\u0119 wi\u0119cej\t\t\t\t\t\t\t<\/a>\n\t\t\t\t\t\t\t\t\t\t\t<\/div>\n\t\t\t\t<\/div>\n\t\t\t<\/div>\n\t\t<\/div>\n\t\t\t\t\t\t<\/div>\n\t\t\t\t<\/div>\n\t\t\t\t<div class=\"elementor-element elementor-element-8811315 bdt-flip-box-easing-quint bdt-flip-box-effect-flip bdt-flip-box-direction-left bdt-flip-box-3d-yes elementor-widget elementor-widget-bdt-flip-box\" data-id=\"8811315\" data-element_type=\"widget\" data-e-type=\"widget\" data-widget_type=\"bdt-flip-box.default\">\n\t\t\t\t<div class=\"elementor-widget-container\">\n\t\t\t\t\t\t\t<div class=\"bdt-flip-box\" data-settings=\"{&quot;flipTrigger&quot;:&quot;hover&quot;}\">\n\t\t\t<div class=\"bdt-flip-box-layer bdt-flip-box-front\">\n\t\t\t\t<div class=\"bdt-flip-box-layer-overlay\">\n\t\t\t\t\t<div class=\"bdt-flip-box-layer-inner\">\n\t\t\t\t\t\t\t\t\t\t\t\t\t<div class=\"elementor-icon-wrapper elementor-view-default\">\n\t\t\t\t\t\t\t\t<div class=\"elementor-icon\">\n\t\t\t\t\t\t\t\t\t\t\t\t\t\t\t\t\t\t\t<svg aria-hidden=\"true\" class=\"fa-fw e-font-icon-svg e-fas-shopping-cart\" viewBox=\"0 0 576 512\" xmlns=\"http:\/\/www.w3.org\/2000\/svg\"><path d=\"M528.12 301.319l47.273-208C578.806 78.301 567.391 64 551.99 64H159.208l-9.166-44.81C147.758 8.021 137.93 0 126.529 0H24C10.745 0 0 10.745 0 24v16c0 13.255 10.745 24 24 24h69.883l70.248 343.435C147.325 417.1 136 435.222 136 456c0 30.928 25.072 56 56 56s56-25.072 56-56c0-15.674-6.447-29.835-16.824-40h209.647C430.447 426.165 424 440.326 424 456c0 30.928 25.072 56 56 56s56-25.072 56-56c0-22.172-12.888-41.332-31.579-50.405l5.517-24.276c3.413-15.018-8.002-29.319-23.403-29.319H218.117l-6.545-32h293.145c11.206 0 20.92-7.754 23.403-18.681z\"><\/path><\/svg>\t\t\t\t\t\t\t\t\t\t\t\t\t\t\t\t\t<\/div>\n\t\t\t\t\t\t\t<\/div>\n\t\t\t\t\t\t\n\t\t\t\t\t\t\t\t\t\t\t\t\t<h3 class=\"bdt-flip-box-layer-title\">\n\t\t\t\t\t\t\t\tOprogramowanie\t\t\t\t\t\t\t<\/h3>\n\t\t\t\t\t\t\n\t\t\t\t\t\t\t\t\t\t\t\t\t<div class=\"bdt-flip-box-layer-desc\">\n\t\t\t\t\t\t\t\tZajmujemy si\u0119 sprzedarz\u0105 oprogramowania \t\t\t\t\t\t\t<\/div>\n\t\t\t\t\t\t\t\t\t\t\t<\/div>\n\t\t\t\t<\/div>\n\t\t\t<\/div>\n\t\t\t<div class=\"bdt-flip-box-layer bdt-flip-box-back\">\n\t\t\t\t<div class=\"bdt-flip-box-layer-overlay\">\n\t\t\t\t\t<div class=\"bdt-flip-box-layer-inner\">\n\t\t\t\t\t\t\t\t\t\t\t\t\t<h3 class=\"bdt-flip-box-layer-title\">\n\t\t\t\t\t\t\t\tOprogramowanie\t\t\t\t\t\t\t<\/h3>\n\t\t\t\t\t\t\n\t\t\t\t\t\t\t\t\t\t\t\t\t<div class=\"bdt-flip-box-layer-desc\">\n\t\t\t\t\t\t\t\tSprzedajemy i wdra\u017camy oprogramowanie InsERT i Nexo, dostosowane do r\u00f3\u017cnych bran\u017c. Zapewniamy wsparcie od wyboru programu, przez instalacj\u0119, po szkolenia u\u017cytkownik\u00f3w.\n\n\n\n\n\n\n\t\t\t\t\t\t\t<\/div>\n\t\t\t\t\t\t\n\t\t\t\t\t\t\t\t\t\t\t\t\t<a class=\"bdt-flip-box-button elementor-button elementor-size-sm \">\n\t\t\t\t\t\t\t\tDowiedz si\u0119 wi\u0119cej\t\t\t\t\t\t\t<\/a>\n\t\t\t\t\t\t\t\t\t\t\t<\/div>\n\t\t\t\t<\/div>\n\t\t\t<\/div>\n\t\t<\/div>\n\t\t\t\t\t\t<\/div>\n\t\t\t\t<\/div>\n\t\t\t\t<div class=\"elementor-element elementor-element-6fed842 bdt-flip-box-easing-quint bdt-flip-box-effect-flip bdt-flip-box-direction-left bdt-flip-box-3d-yes elementor-widget elementor-widget-bdt-flip-box\" data-id=\"6fed842\" data-element_type=\"widget\" data-e-type=\"widget\" data-widget_type=\"bdt-flip-box.default\">\n\t\t\t\t<div class=\"elementor-widget-container\">\n\t\t\t\t\t\t\t<div class=\"bdt-flip-box\" data-settings=\"{&quot;flipTrigger&quot;:&quot;hover&quot;}\">\n\t\t\t<div class=\"bdt-flip-box-layer bdt-flip-box-front\">\n\t\t\t\t<div class=\"bdt-flip-box-layer-overlay\">\n\t\t\t\t\t<div class=\"bdt-flip-box-layer-inner\">\n\t\t\t\t\t\t\t\t\t\t\t\t\t<div class=\"bdt-flip-box-image\">\n\t\t\t\t\t\t\t\t<img decoding=\"async\" src=\"http:\/\/wordpress2439559.home.pl\/autoinstalator\/wordpressplus\/wp-content\/uploads\/2024\/08\/nexo.png\" title=\"\" alt=\"\" loading=\"lazy\" \/>\t\t\t\t\t\t\t<\/div>\n\t\t\t\t\t\t\n\t\t\t\t\t\t\t\t\t\t\t\t\t<h3 class=\"bdt-flip-box-layer-title\">\n\t\t\t\t\t\t\t\tDodatki\t\t\t\t\t\t\t<\/h3>\n\t\t\t\t\t\t\n\t\t\t\t\t\t\t\t\t\t\t\t\t<div class=\"bdt-flip-box-layer-desc\">\n\t\t\t\t\t\t\t\tTworzenie dedykowanych dodatk\u00f3w dla program\u00f3w InsERT Nexo. Dostosuj oprogramowanie do swoich potrzeb.\t\t\t\t\t\t\t<\/div>\n\t\t\t\t\t\t\t\t\t\t\t<\/div>\n\t\t\t\t<\/div>\n\t\t\t<\/div>\n\t\t\t<div class=\"bdt-flip-box-layer bdt-flip-box-back\">\n\t\t\t\t<div class=\"bdt-flip-box-layer-overlay\">\n\t\t\t\t\t<div class=\"bdt-flip-box-layer-inner\">\n\t\t\t\t\t\t\t\t\t\t\t\t\t<h3 class=\"bdt-flip-box-layer-title\">\n\t\t\t\t\t\t\t\tTwoja w\u0142asna wtyczka\t\t\t\t\t\t\t<\/h3>\n\t\t\t\t\t\t\n\t\t\t\t\t\t\t\t\t\t\t\t\t<div class=\"bdt-flip-box-layer-desc\">\n\t\t\t\t\t\t\t\tOferujemy indywidualne rozwi\u0105zania, kt\u00f3re zwi\u0119ksz\u0105 funkcjonalno\u015b\u0107 Twojego oprogramowania InsERT Nexo. Skontaktuj si\u0119 z nami, aby om\u00f3wi\u0107 swoje wymagania i uzyska\u0107 spersonalizowane dodatki.\t\t\t\t\t\t\t<\/div>\n\t\t\t\t\t\t\n\t\t\t\t\t\t\t\t\t\t\t\t\t<a class=\"bdt-flip-box-button elementor-button elementor-size-sm \">\n\t\t\t\t\t\t\t\tDowiedz si\u0119 wi\u0119cej\t\t\t\t\t\t\t<\/a>\n\t\t\t\t\t\t\t\t\t\t\t<\/div>\n\t\t\t\t<\/div>\n\t\t\t<\/div>\n\t\t<\/div>\n\t\t\t\t\t\t<\/div>\n\t\t\t\t<\/div>\n\t\t\t\t<div class=\"elementor-element elementor-element-71c5cb2 bdt-flip-box-easing-quint bdt-flip-box-effect-flip bdt-flip-box-direction-left bdt-flip-box-3d-yes elementor-widget elementor-widget-bdt-flip-box\" data-id=\"71c5cb2\" data-element_type=\"widget\" data-e-type=\"widget\" data-widget_type=\"bdt-flip-box.default\">\n\t\t\t\t<div class=\"elementor-widget-container\">\n\t\t\t\t\t\t\t<div class=\"bdt-flip-box\" data-settings=\"{&quot;flipTrigger&quot;:&quot;hover&quot;}\">\n\t\t\t<div class=\"bdt-flip-box-layer bdt-flip-box-front\">\n\t\t\t\t<div class=\"bdt-flip-box-layer-overlay\">\n\t\t\t\t\t<div class=\"bdt-flip-box-layer-inner\">\n\t\t\t\t\t\t\t\t\t\t\t\t\t<div class=\"bdt-flip-box-image\">\n\t\t\t\t\t\t\t\t<img decoding=\"async\" src=\"http:\/\/wordpress2439559.home.pl\/autoinstalator\/wordpressplus\/wp-content\/uploads\/2024\/08\/API.png\" title=\"\" alt=\"\" loading=\"lazy\" \/>\t\t\t\t\t\t\t<\/div>\n\t\t\t\t\t\t\n\t\t\t\t\t\t\t\t\t\t\t\t\t<h3 class=\"bdt-flip-box-layer-title\">\n\t\t\t\t\t\t\t\tPartnerstwo\t\t\t\t\t\t\t<\/h3>\n\t\t\t\t\t\t\n\t\t\t\t\t\t\t\t\t\t\t\t\t<div class=\"bdt-flip-box-layer-desc\">\n\t\t\t\t\t\t\t\tJako Autoryzowany Partner InsERT, zarz\u0105dzamy regionaln\u0105 sieci\u0105 partner\u00f3w. Nawi\u0105zujemy kontakty i wspieramy firmy w dystrybucji program\u00f3w InsERT.\t\t\t\t\t\t\t<\/div>\n\t\t\t\t\t\t\t\t\t\t\t<\/div>\n\t\t\t\t<\/div>\n\t\t\t<\/div>\n\t\t\t<div class=\"bdt-flip-box-layer bdt-flip-box-back\">\n\t\t\t\t<div class=\"bdt-flip-box-layer-overlay\">\n\t\t\t\t\t<div class=\"bdt-flip-box-layer-inner\">\n\t\t\t\t\t\t\t\t\t\t\t\t\t<h3 class=\"bdt-flip-box-layer-title\">\n\t\t\t\t\t\t\t\tKim jest API?\t\t\t\t\t\t\t<\/h3>\n\t\t\t\t\t\t\n\t\t\t\t\t\t\t\t\t\t\t\t\t<div class=\"bdt-flip-box-layer-desc\">\n\t\t\t\t\t\t\t\tRol\u0105 Autoryzowanego Partnera InsERT jest opieka nad regionaln\u0105 sieci\u0105 Partner\u00f3w. API jest odpowiedzialny za nawi\u0105zywanie kontakt\u00f3w i wsparcie firm zainteresowanych wsp\u00f3\u0142prac\u0105 w zakresie dystrybucji program\u00f3w Insertu\t\t\t\t\t\t\t<\/div>\n\t\t\t\t\t\t\n\t\t\t\t\t\t\t\t\t\t\t\t\t<a class=\"bdt-flip-box-button elementor-button elementor-size-sm \">\n\t\t\t\t\t\t\t\tDowiedz si\u0119 wi\u0119cej\t\t\t\t\t\t\t<\/a>\n\t\t\t\t\t\t\t\t\t\t\t<\/div>\n\t\t\t\t<\/div>\n\t\t\t<\/div>\n\t\t<\/div>\n\t\t\t\t\t\t<\/div>\n\t\t\t\t<\/div>\n\t\t\t\t\t<\/div>\n\t\t\t\t<\/div>\n\t\t\t\t<\/div>\n\t\t","protected":false},"excerpt":{"rendered":"<p>Oferta Oferujemy certyfikowane konsultacje, tworzenie dedykowanych dodatk\u00f3w, profesjonalne wsparcie techniczne, partnersk\u0105 wsp\u00f3\u0142prac\u0119 oraz sprzeda\u017c oprogramowania system\u00f3w InsERT i Nexo.. Konsultacje Certyfikowane szkolenia i konsultacje z system\u00f3w Nexo oraz Insert GT. Podnie\u015b swoje kwalifikacje i zdobywaj nowe umiej\u0119tno\u015bci z naszymi ekspertami. Konsultacje Zapisz si\u0119 na nasze szkolenia, aby uzyska\u0107 certyfikaty i praktyczn\u0105 wiedz\u0119, kt\u00f3ra pomo\u017ce Ci [&hellip;]<\/p>\n","protected":false},"author":1,"featured_media":0,"parent":0,"menu_order":0,"comment_status":"closed","ping_status":"closed","template":"","meta":{"footnotes":""},"class_list":["post-41","page","type-page","status-publish","hentry"],"_links":{"self":[{"href":"https:\/\/wwsystem.com.pl\/dev\/wp-json\/wp\/v2\/pages\/41"}],"collection":[{"href":"https:\/\/wwsystem.com.pl\/dev\/wp-json\/wp\/v2\/pages"}],"about":[{"href":"https:\/\/wwsystem.com.pl\/dev\/wp-json\/wp\/v2\/types\/page"}],"author":[{"embeddable":true,"href":"https:\/\/wwsystem.com.pl\/dev\/wp-json\/wp\/v2\/users\/1"}],"replies":[{"embeddable":true,"href":"https:\/\/wwsystem.com.pl\/dev\/wp-json\/wp\/v2\/comments?post=41"}],"version-history":[{"count":6,"href":"https:\/\/wwsystem.com.pl\/dev\/wp-json\/wp\/v2\/pages\/41\/revisions"}],"predecessor-version":[{"id":1018,"href":"https:\/\/wwsystem.com.pl\/dev\/wp-json\/wp\/v2\/pages\/41\/revisions\/1018"}],"wp:attachment":[{"href":"https:\/\/wwsystem.com.pl\/dev\/wp-json\/wp\/v2\/media?parent=41"}],"curies":[{"name":"wp","href":"https:\/\/api.w.org\/{rel}","templated":true}]}}