{"id":750,"date":"2024-08-06T23:56:34","date_gmt":"2024-08-06T21:56:34","guid":{"rendered":"https:\/\/wordpress2439559.home.pl\/autoinstalator\/wordpressplus\/?page_id=750"},"modified":"2024-08-09T09:37:30","modified_gmt":"2024-08-09T09:37:30","slug":"blog","status":"publish","type":"page","link":"https:\/\/wwsystem.com.pl\/dev\/blog\/","title":{"rendered":"Aktualno\u015bci"},"content":{"rendered":"\t\t<div data-elementor-type=\"wp-page\" data-elementor-id=\"750\" class=\"elementor elementor-750\" data-elementor-post-type=\"page\">\n\t\t\t\t<div class=\"elementor-element elementor-element-11963c2 e-con-full e-flex e-con e-parent\" data-id=\"11963c2\" data-element_type=\"container\" data-e-type=\"container\">\n\t\t<div class=\"elementor-element elementor-element-e8db1ef e-flex e-con-boxed e-con e-child\" data-id=\"e8db1ef\" data-element_type=\"container\" data-e-type=\"container\">\n\t\t\t\t\t<div class=\"e-con-inner\">\n\t\t<div class=\"elementor-element elementor-element-e0bbba2 e-con-full e-grid e-con e-child\" data-id=\"e0bbba2\" data-element_type=\"container\" data-e-type=\"container\">\n\t\t\t\t<div class=\"elementor-element elementor-element-9311594 elementor-widget elementor-widget-heading\" data-id=\"9311594\" data-element_type=\"widget\" data-e-type=\"widget\" data-widget_type=\"heading.default\">\n\t\t\t\t<div class=\"elementor-widget-container\">\n\t\t\t\t\t<h2 class=\"elementor-heading-title elementor-size-default\">Aktualno\u015bci<\/h2>\t\t\t\t<\/div>\n\t\t\t\t<\/div>\n\t\t\t\t<div class=\"elementor-element elementor-element-7f3a43d elementor-widget elementor-widget-text-editor\" data-id=\"7f3a43d\" data-element_type=\"widget\" data-e-type=\"widget\" data-widget_type=\"text-editor.default\">\n\t\t\t\t<div class=\"elementor-widget-container\">\n\t\t\t\t\t\t\t\t\t<div class=\"flex max-w-full flex-col flex-grow\"><div class=\"min-h-[20px] text-message flex w-full flex-col items-end gap-2 whitespace-pre-wrap break-words [.text-message+&amp;]:mt-5 overflow-x-auto\" dir=\"auto\" data-message-author-role=\"assistant\" data-message-id=\"dfd91977-b5b7-40b4-abd4-9e41818e8320\"><div class=\"flex w-full flex-col gap-1 empty:hidden first:pt-[3px]\"><div class=\"markdown prose w-full break-words dark:prose-invert dark\"><div class=\"flex max-w-full flex-col flex-grow\"><div class=\"min-h-[20px] text-message flex w-full flex-col items-end gap-2 whitespace-pre-wrap break-words [.text-message+&amp;]:mt-5 overflow-x-auto\" dir=\"auto\" data-message-author-role=\"assistant\" data-message-id=\"dfd91977-b5b7-40b4-abd4-9e41818e8320\"><div class=\"flex w-full flex-col gap-1 empty:hidden first:pt-[3px]\"><div class=\"markdown prose w-full break-words dark:prose-invert dark\"><p>Aktualno\u015bci to sekcja na stronie, gdzie publikowane s\u0105 najnowsze informacje i artyku\u0142y o firmie oraz jej produktach, jak np. nowo\u015bci i porady dotycz\u0105ce Insert Nexoo<\/p><\/div><\/div><\/div><\/div><\/div><\/div><\/div><\/div>\t\t\t\t\t\t\t\t<\/div>\n\t\t\t\t<\/div>\n\t\t\t\t<\/div>\n\t\t<div class=\"elementor-element elementor-element-f253fd9 e-con-full e-flex e-con e-child\" data-id=\"f253fd9\" data-element_type=\"container\" data-e-type=\"container\">\n\t\t\t\t<div class=\"elementor-element elementor-element-8c479a7 elementor-search-form-skin-default elementor-widget elementor-widget-bdt-search\" data-id=\"8c479a7\" data-element_type=\"widget\" data-e-type=\"widget\" data-widget_type=\"bdt-search.default\">\n\t\t\t\t<div class=\"elementor-widget-container\">\n\t\t\t\t\t\t\t<div class=\"bdt-search-container\">\n\t\t\t\n\t\t\t\n\t\t\t<form class=\"bdt-search bdt-ajax-search bdt-search-default\" role=\"search\" method=\"get\" action=\"https:\/\/wwsystem.com.pl\/dev\/\" anchor-target=\"yes\" autocomplete=\"off\" data-settings=\"{&quot;post_type&quot;:&quot;post&quot;,&quot;per_page&quot;:5}\">\n\t\t\t\t<div class=\"bdt-position-relative\">\n\t\t\t\t\t<span class=\"bdt-search-icon-flip\" data-bdt-search-icon><\/span>\t\t\t\t\t\t\t\t\t\t\t<input name=\"post_type\" id=\"post_type\" type=\"hidden\" value=\"post\">\n\t\t\t\t\t\t\t\t\t\t<input placeholder=\"Wyszukaj\" class=\"bdt-search-input\" type=\"search\" name=\"s\" title=\"Search\" value=\"\">\n\t\t\t\t\t\t\t\t\t<\/div>\n\n\n\t\t\t\t\t\t\t\t\t<div class=\"bdt-search-result\" style=\"display:none\"><\/div>\n\t\t\t\t\t\t\t<\/form>\n\n\t\t\t\t<\/div>\n\t\t\t\t\t\t<\/div>\n\t\t\t\t<\/div>\n\t\t\t\t<\/div>\n\t\t\t\t\t<\/div>\n\t\t\t\t<\/div>\n\t\t<div class=\"elementor-element elementor-element-9cc8250 e-flex e-con-boxed e-con e-child\" data-id=\"9cc8250\" data-element_type=\"container\" data-e-type=\"container\">\n\t\t\t\t\t<div class=\"e-con-inner\">\n\t\t\t\t<div class=\"elementor-element elementor-element-23b0685 elementor-posts--show-thumbnail elementor-widget elementor-widget-posts\" data-id=\"23b0685\" data-element_type=\"widget\" data-e-type=\"widget\" data-settings=\"{&quot;pagination_type&quot;:&quot;load_more_infinite_scroll&quot;,&quot;full_content_row_gap&quot;:{&quot;unit&quot;:&quot;px&quot;,&quot;size&quot;:30,&quot;sizes&quot;:[]},&quot;_animation&quot;:&quot;none&quot;,&quot;load_more_spinner&quot;:{&quot;value&quot;:&quot;fas fa-spinner&quot;,&quot;library&quot;:&quot;fa-solid&quot;}}\" data-widget_type=\"posts.full_content\">\n\t\t\t\t<div class=\"elementor-widget-container\">\n\t\t\t\t\t\t\t<div class=\"elementor-posts-container elementor-posts elementor-posts--skin-full_content elementor-grid\" role=\"list\">\n\t\t\t\t<article class=\"elementor-post elementor-grid-item post-1476 post type-post status-publish format-standard has-post-thumbnail hentry category-uncategorized\" role=\"listitem\">\n\t\t\t\t<a class=\"elementor-post__thumbnail__link\" href=\"https:\/\/wwsystem.com.pl\/dev\/poradnik-jak-rozpoczac-prace-z-insert-nexo\/\" tabindex=\"-1\" target=\"_blank\">\n\t\t<div class=\"elementor-post__thumbnail\"><img fetchpriority=\"high\" decoding=\"async\" width=\"451\" height=\"600\" src=\"https:\/\/wwsystem.com.pl\/dev\/wp-content\/uploads\/2024\/08\/productimages5CSN3LE8664663304ddaa-60-4cf-aafb-a65444d64.png\" class=\"attachment-full size-full wp-image-1150\" alt=\"\" srcset=\"https:\/\/wwsystem.com.pl\/dev\/wp-content\/uploads\/2024\/08\/productimages5CSN3LE8664663304ddaa-60-4cf-aafb-a65444d64.png 451w, https:\/\/wwsystem.com.pl\/dev\/wp-content\/uploads\/2024\/08\/productimages5CSN3LE8664663304ddaa-60-4cf-aafb-a65444d64-226x300.png 226w\" sizes=\"(max-width: 451px) 100vw, 451px\" \/><\/div>\n\t\t<\/a>\n\t\t\t\t<div class=\"elementor-post__text\">\n\t\t\t\t<h3 class=\"elementor-post__title\">\n\t\t\t<a href=\"https:\/\/wwsystem.com.pl\/dev\/poradnik-jak-rozpoczac-prace-z-insert-nexo\/\" target=&quot;_blank&quot;>\n\t\t\t\tPoradnik: Jak Rozpocz\u0105\u0107 Prac\u0119 z Insert Nexo?\t\t\t<\/a>\n\t\t<\/h3>\n\t\t\t\t<div class=\"elementor-post__meta-data\">\n\t\t\t\t\t<span class=\"elementor-post-date\">\n\t\t\t9 sierpnia, 2024\t\t<\/span>\n\t\t\t\t<\/div>\n\t\t\t\t<\/div>\n\t\t\t\t<\/article>\n\t\t\t\t<article class=\"elementor-post elementor-grid-item post-1474 post type-post status-publish format-standard hentry category-uncategorized\" role=\"listitem\">\n\t\t\t\t<div class=\"elementor-post__text\">\n\t\t\t\t<h3 class=\"elementor-post__title\">\n\t\t\t<a href=\"https:\/\/wwsystem.com.pl\/dev\/jak-insert-nexo-moze-pomoc-w-skalowaniu-twojego-biznesu\/\" target=&quot;_blank&quot;>\n\t\t\t\tJak Insert Nexo Mo\u017ce Pom\u00f3c w Skalowaniu Twojego Biznesu?\t\t\t<\/a>\n\t\t<\/h3>\n\t\t\t\t<div class=\"elementor-post__meta-data\">\n\t\t\t\t\t<span class=\"elementor-post-date\">\n\t\t\t9 sierpnia, 2024\t\t<\/span>\n\t\t\t\t<\/div>\n\t\t\t\t<\/div>\n\t\t\t\t<\/article>\n\t\t\t\t<article class=\"elementor-post elementor-grid-item post-1472 post type-post status-publish format-standard has-post-thumbnail hentry category-uncategorized\" role=\"listitem\">\n\t\t\t\t<a class=\"elementor-post__thumbnail__link\" href=\"https:\/\/wwsystem.com.pl\/dev\/dlaczego-przedsiebiorcy-wybieraja-insert-nexo-opinie-i-recenzje\/\" tabindex=\"-1\" target=\"_blank\">\n\t\t<div class=\"elementor-post__thumbnail\"><img decoding=\"async\" width=\"600\" height=\"600\" src=\"https:\/\/wwsystem.com.pl\/dev\/wp-content\/uploads\/2024\/08\/productimages5Ceb85f05b-e1cd-4daa-bae8-9f5b87f04d12-Gestor20GT20-20rozszerzenie20320stanowieska.png\" class=\"attachment-full size-full wp-image-1222\" alt=\"\" srcset=\"https:\/\/wwsystem.com.pl\/dev\/wp-content\/uploads\/2024\/08\/productimages5Ceb85f05b-e1cd-4daa-bae8-9f5b87f04d12-Gestor20GT20-20rozszerzenie20320stanowieska.png 600w, https:\/\/wwsystem.com.pl\/dev\/wp-content\/uploads\/2024\/08\/productimages5Ceb85f05b-e1cd-4daa-bae8-9f5b87f04d12-Gestor20GT20-20rozszerzenie20320stanowieska-300x300.png 300w, https:\/\/wwsystem.com.pl\/dev\/wp-content\/uploads\/2024\/08\/productimages5Ceb85f05b-e1cd-4daa-bae8-9f5b87f04d12-Gestor20GT20-20rozszerzenie20320stanowieska-150x150.png 150w, https:\/\/wwsystem.com.pl\/dev\/wp-content\/uploads\/2024\/08\/productimages5Ceb85f05b-e1cd-4daa-bae8-9f5b87f04d12-Gestor20GT20-20rozszerzenie20320stanowieska-100x100.png 100w\" sizes=\"(max-width: 600px) 100vw, 600px\" \/><\/div>\n\t\t<\/a>\n\t\t\t\t<div class=\"elementor-post__text\">\n\t\t\t\t<h3 class=\"elementor-post__title\">\n\t\t\t<a href=\"https:\/\/wwsystem.com.pl\/dev\/dlaczego-przedsiebiorcy-wybieraja-insert-nexo-opinie-i-recenzje\/\" target=&quot;_blank&quot;>\n\t\t\t\tDlaczego Przedsi\u0119biorcy Wybieraj\u0105 Insert Nexo? Opinie i Recenzje\t\t\t<\/a>\n\t\t<\/h3>\n\t\t\t\t<div class=\"elementor-post__meta-data\">\n\t\t\t\t\t<span class=\"elementor-post-date\">\n\t\t\t9 sierpnia, 2024\t\t<\/span>\n\t\t\t\t<\/div>\n\t\t\t\t<\/div>\n\t\t\t\t<\/article>\n\t\t\t\t<\/div>\n\t\t\t\t\t<span class=\"e-load-more-spinner\">\n\t\t\t\t<svg aria-hidden=\"true\" class=\"e-font-icon-svg e-fas-spinner\" viewBox=\"0 0 512 512\" xmlns=\"http:\/\/www.w3.org\/2000\/svg\"><path d=\"M304 48c0 26.51-21.49 48-48 48s-48-21.49-48-48 21.49-48 48-48 48 21.49 48 48zm-48 368c-26.51 0-48 21.49-48 48s21.49 48 48 48 48-21.49 48-48-21.49-48-48-48zm208-208c-26.51 0-48 21.49-48 48s21.49 48 48 48 48-21.49 48-48-21.49-48-48-48zM96 256c0-26.51-21.49-48-48-48S0 229.49 0 256s21.49 48 48 48 48-21.49 48-48zm12.922 99.078c-26.51 0-48 21.49-48 48s21.49 48 48 48 48-21.49 48-48c0-26.509-21.491-48-48-48zm294.156 0c-26.51 0-48 21.49-48 48s21.49 48 48 48 48-21.49 48-48c0-26.509-21.49-48-48-48zM108.922 60.922c-26.51 0-48 21.49-48 48s21.49 48 48 48 48-21.49 48-48-21.491-48-48-48z\"><\/path><\/svg>\t\t\t<\/span>\n\t\t\n\t\t\t\t<div class=\"e-load-more-anchor\" data-page=\"1\" data-max-page=\"4\" data-next-page=\"https:\/\/wwsystem.com.pl\/dev\/wp-json\/wp\/v2\/pages\/750\/page\/2\/\"><\/div>\n\t\t\t\t<div class=\"e-load-more-message\">To ju\u017c wszystkie informacje!<\/div>\n\t\t\t\t\t\t<\/div>\n\t\t\t\t<\/div>\n\t\t\t\t\t<\/div>\n\t\t\t\t<\/div>\n\t\t\t\t<\/div>\n\t\t\t\t<\/div>\n\t\t","protected":false},"excerpt":{"rendered":"<p>Aktualno\u015bci Aktualno\u015bci to sekcja na stronie, gdzie publikowane s\u0105 najnowsze informacje i artyku\u0142y o firmie oraz jej produktach, jak np. nowo\u015bci i porady dotycz\u0105ce Insert Nexoo<\/p>\n","protected":false},"author":1,"featured_media":0,"parent":0,"menu_order":0,"comment_status":"closed","ping_status":"closed","template":"","meta":{"footnotes":""},"class_list":["post-750","page","type-page","status-publish","hentry"],"_links":{"self":[{"href":"https:\/\/wwsystem.com.pl\/dev\/wp-json\/wp\/v2\/pages\/750"}],"collection":[{"href":"https:\/\/wwsystem.com.pl\/dev\/wp-json\/wp\/v2\/pages"}],"about":[{"href":"https:\/\/wwsystem.com.pl\/dev\/wp-json\/wp\/v2\/types\/page"}],"author":[{"embeddable":true,"href":"https:\/\/wwsystem.com.pl\/dev\/wp-json\/wp\/v2\/users\/1"}],"replies":[{"embeddable":true,"href":"https:\/\/wwsystem.com.pl\/dev\/wp-json\/wp\/v2\/comments?post=750"}],"version-history":[{"count":130,"href":"https:\/\/wwsystem.com.pl\/dev\/wp-json\/wp\/v2\/pages\/750\/revisions"}],"predecessor-version":[{"id":1544,"href":"https:\/\/wwsystem.com.pl\/dev\/wp-json\/wp\/v2\/pages\/750\/revisions\/1544"}],"wp:attachment":[{"href":"https:\/\/wwsystem.com.pl\/dev\/wp-json\/wp\/v2\/media?parent=750"}],"curies":[{"name":"wp","href":"https:\/\/api.w.org\/{rel}","templated":true}]}}