{"id":1120,"date":"2024-08-08T12:20:57","date_gmt":"2024-08-08T12:20:57","guid":{"rendered":"https:\/\/wwsystem.com.pl\/dev\/?post_type=product&#038;p=1120"},"modified":"2024-08-08T13:03:37","modified_gmt":"2024-08-08T13:03:37","slug":"rewizor-nexo-licencja-elektroniczna-na-1-st","status":"publish","type":"product","link":"https:\/\/wwsystem.com.pl\/dev\/produkt\/rewizor-nexo-licencja-elektroniczna-na-1-st\/","title":{"rendered":"Rewizor nexo (licencja elektroniczna na 1 st.)"},"content":{"rendered":"<p>Opis<br \/>\nRewizor nexo1 &#8211; system finansowo ksi\u0119gowy (licencja elektroniczna)<br \/>\nLicencja InsERT nexo<br \/>\nCharakterystyka<br \/>\nRewizor nexo to nowoczesny system wspomagaj\u0105cy prowadzenie pe\u0142nej ksi\u0119gowo\u015bci. Zastosowane technologie i rozwi\u0105zania interfejsowe sprawiaj\u0105, \u017ce obs\u0142uga ksi\u0119gowa firmy staje si\u0119 wygodniejsza i szybsza.<br \/>\nRewizor nexo wspiera ksi\u0119gowych na ka\u017cdym etapie pracy: od zarz\u0105dzania planami kont, dekretacji i ksi\u0119gowania, poprzez ewidencje VAT, pojazd\u00f3w, um\u00f3w i p\u0142ac, obs\u0142ug\u0119 \u015brodk\u00f3w trwa\u0142ych, po wystawianie deklaracji skarbowych, operacje kasowe i operacje na rachunkach bankowych oraz ewidencjonowanie i rozliczanie rozrachunk\u00f3w. Mimo bogatej funkcjonalno\u015bci wyr\u00f3\u017cnia si\u0119 prost\u0105, intuicyjn\u0105 obs\u0142ug\u0105.<br \/>\nRewizor nexo jest cz\u0119\u015bci\u0105 InsERT nexo \u2013 zintegrowanego pakietu, w kt\u00f3rego sk\u0142ad wchodz\u0105 r\u00f3wnie\u017c: Subiekt nexo \u2013 system obs\u0142ugi sprzeda\u017cy i gospodarki magazynowej, Rachmistrz nexo \u2013 program do prowadzenia uproszczonej ksi\u0119gowo\u015bci, Gratyfikant nexo \u2013 system kadrowo-p\u0142acowy oraz Gestor nexo \u2013 system zarz\u0105dzania relacjami z klientami.<br \/>\nNajwa\u017cniejsze mo\u017cliwo\u015bci Rewizora nexo<br \/>\np\u0142ynna zmiana z ksi\u0119gowo\u015bci uproszczonej na ksi\u0119gi rachunkowe;<br \/>\nobs\u0142uga etapowej pracy na okresie obrachunkowym: otwarcie i zamkni\u0119cie ksi\u0105g; kwalifikowanie zapis\u00f3w do \u201e13. miesi\u0105ca\u201d;<br \/>\nelastyczne zarz\u0105dzanie planami kont: mo\u017cliwo\u015b\u0107 generowania wzorcowego planu kont, przeniesienia z innego okresu obrachunkowego, automatyczne tworzenie kont kartotekowych, obs\u0142uga kont pozabilansowych;<br \/>\nrozbudowana dekretacja (podzia\u0142 dokument\u00f3w na dekrety i polecenia ksi\u0119gowania), r\u00f3\u017cne stany dokumentu (w przygotowaniu, zatwierdzony i zaksi\u0119gowany), zaawansowana kontrola kr\u0119gu koszt\u00f3w;<br \/>\newidencja i rozliczanie ewidencji VAT: zakup\u00f3w, sprzeda\u017cy (w tym sprzeda\u017c mar\u017ca), rozliczenia metod\u0105 kasow\u0105, korekty VAT nieterminowych p\u0142atno\u015bci z mo\u017cliwo\u015bci\u0105 tworzenia zapis\u00f3w na podstawie JPK_VAT;<br \/>\newidencja \u015brodk\u00f3w trwa\u0142ych oraz warto\u015bci niematerialnych i prawnych (naliczanie i dekretacja amortyzacji z uwzgl\u0119dnieniem koszt\u00f3w przypadaj\u0105cych na miejsca u\u017cytkowania, wydruk tabeli i plan\u00f3w amortyzacji), a tak\u017ce ewidencja wyposa\u017cenia i remanent\u00f3w;<br \/>\nrozbudowana sprawozdawczo\u015b\u0107 finansowa &#8211; dostosowanie sprawozda\u0144 do w\u0142asnych potrzeb;<br \/>\npodstawowa ewidencja wynagrodze\u0144: ewidencja osobowa, um\u00f3w cywilnoprawnych oraz um\u00f3w o prac\u0119;<br \/>\nzaawansowany system rozlicze\u0144 w\u0142a\u015bcicielskich: od sk\u0142adek ZUS wsp\u00f3lnika do odlicze\u0144 i obni\u017cek podatku zwi\u0105zanych z r\u00f3\u017cnymi ulgami;<br \/>\newidencja i rozliczanie pojazd\u00f3w prywatnych wykorzystywanych do dzia\u0142alno\u015bci gospodarczej oraz pojazd\u00f3w firmowych z mo\u017cliwo\u015bci\u0105 cz\u0119\u015bciowego b\u0105d\u017a pe\u0142nego odliczenia VAT;<br \/>\nobs\u0142uga dowod\u00f3w wewn\u0119trznych &#8211; dokument\u00f3w w\u0142asnych podmiotu dotycz\u0105cych operacji zachodz\u0105cych wewn\u0105trz firmy;<br \/>\nobs\u0142uga operacji kasowych got\u00f3wkowych i bezgot\u00f3wkowych (p\u0142atno\u015b\u0107 kart\u0105 p\u0142atnicz\u0105, bony), raporty kasowe;<br \/>\nobs\u0142uga operacji zwi\u0105zanych z rachunkami bankowymi, polecenia przelewu standardowe, ZUS, podatkowe z wykorzystaniem bankowo\u015bci elektronicznej (offline i online);<br \/>\newidencja i rozliczanie rozrachunk\u00f3w, integracja z zapisami na konta oraz z zapisami VAT;<br \/>\nwystawianie i wydruk deklaracji skarbowych rozliczaj\u0105cych podatek dochodowy wsp\u00f3lnik\u00f3w i pracownik\u00f3w, podatek CIT (dla os\u00f3b prawnych) oraz podatek VAT;<br \/>\nwystawianie deklaracji ZUS (RCA, RZA, DRA) z mo\u017cliwo\u015bci\u0105 eksportu do programu P\u0142atnik;<br \/>\nautomatyczna dekretacja dokument\u00f3w ksi\u0119gowych oraz rejestr\u00f3w VAT za pomoc\u0105 definiowalnych schemat\u00f3w;<br \/>\nintegracja z systemem sprzeda\u017cy Subiekt nexo;<br \/>\nmo\u017cliwo\u015b\u0107 pracy jednostanowiskowej b\u0105d\u017a sieciowej;<br \/>\nobs\u0142uga plik\u00f3w JPK_VAT (informacji o prowadzonej ewidencji VAT) i ich obowi\u0105zkowa wysy\u0142ka do Ministerstwa Finans\u00f3w;<br \/>\ngenerowanie ksi\u0105g oraz dowod\u00f3w ksi\u0119gowych do plik\u00f3w JPK i dostarczanie ich na potrzeby kontroli skarbowej za pomoc\u0105 \u015brodk\u00f3w komunikacji elektronicznej lub na informatycznych no\u015bnikach danych;<br \/>\nwsparcie dla procedury centralnego rozliczania VAT, gdzie ewidencja prowadzona jest w jednostce podrz\u0119dnej, a rozliczenia dokonane s\u0105 w jednostce centralnej (np. jednostki samorz\u0105du terytorialnego, kt\u00f3rym podlegaj\u0105 szko\u0142y, zak\u0142ady u\u017cyteczno\u015bci publicznej itp.);<br \/>\nbadanie statusu kontrahent\u00f3w na podstawie danych GUS, portali Ministerstwa Finans\u00f3w dotycz\u0105cych NIP i VAT, bazy aktywnych podatnik\u00f3w VIES oraz rejestru kaucji gwarancyjnych;<br \/>\nkomunikacja z klientami i pracownikami za pomoc\u0105 wbudowanego klienta poczty i SMS.<br \/>\nObs\u0142uga RODO<br \/>\ncele i zgody na przetwarzanie danych;<br \/>\nobowi\u0105zki informacyjne;<br \/>\nochrona danych;<br \/>\nprawo do zapomnienia (anonimizacja).<br \/>\nWymagania systemowe<br \/>\nInsERT Rewizor nexo &#8211; aktualne wymagania systemowe.<\/p>\n","protected":false},"excerpt":{"rendered":"<p>Testowy produkt<\/p>\n","protected":false},"featured_media":1121,"comment_status":"open","ping_status":"closed","template":"","meta":[],"product_brand":[],"product_cat":[32],"product_tag":[],"class_list":{"0":"post-1120","1":"product","2":"type-product","3":"status-publish","4":"has-post-thumbnail","6":"product_cat-pelna-ksiegowosc","8":"first","9":"instock","10":"shipping-taxable","11":"purchasable","12":"product-type-simple"},"_links":{"self":[{"href":"https:\/\/wwsystem.com.pl\/dev\/wp-json\/wp\/v2\/product\/1120"}],"collection":[{"href":"https:\/\/wwsystem.com.pl\/dev\/wp-json\/wp\/v2\/product"}],"about":[{"href":"https:\/\/wwsystem.com.pl\/dev\/wp-json\/wp\/v2\/types\/product"}],"replies":[{"embeddable":true,"href":"https:\/\/wwsystem.com.pl\/dev\/wp-json\/wp\/v2\/comments?post=1120"}],"version-history":[{"count":0,"href":"https:\/\/wwsystem.com.pl\/dev\/wp-json\/wp\/v2\/product\/1120\/revisions"}],"wp:featuredmedia":[{"embeddable":true,"href":"https:\/\/wwsystem.com.pl\/dev\/wp-json\/wp\/v2\/media\/1121"}],"wp:attachment":[{"href":"https:\/\/wwsystem.com.pl\/dev\/wp-json\/wp\/v2\/media?parent=1120"}],"wp:term":[{"taxonomy":"product_brand","embeddable":true,"href":"https:\/\/wwsystem.com.pl\/dev\/wp-json\/wp\/v2\/product_brand?post=1120"},{"taxonomy":"product_cat","embeddable":true,"href":"https:\/\/wwsystem.com.pl\/dev\/wp-json\/wp\/v2\/product_cat?post=1120"},{"taxonomy":"product_tag","embeddable":true,"href":"https:\/\/wwsystem.com.pl\/dev\/wp-json\/wp\/v2\/product_tag?post=1120"}],"curies":[{"name":"wp","href":"https:\/\/api.w.org\/{rel}","templated":true}]}}