{"id":1133,"date":"2024-08-08T12:38:05","date_gmt":"2024-08-08T12:38:05","guid":{"rendered":"https:\/\/wwsystem.com.pl\/dev\/produkt\/subiekt-nexo-pro-licencja-na-3-stanowiska-e-lic\/"},"modified":"2024-08-08T13:03:37","modified_gmt":"2024-08-08T13:03:37","slug":"subiekt-nexo-pro-licencja-na-3-stanowiska-e-lic","status":"publish","type":"product","link":"https:\/\/wwsystem.com.pl\/dev\/produkt\/subiekt-nexo-pro-licencja-na-3-stanowiska-e-lic\/","title":{"rendered":"Subiekt nexo PRO &#8211; licencja na 3 stanowiska (e-lic)"},"content":{"rendered":"<p>Opis<br \/>\nSubiekt nexo PRO3 (licencja elektroniczna)<br \/>\nLicencja InsERT nexo<br \/>\nCharakterystyka<br \/>\nZosta\u0144 PRO! W dniach od 1 do 31 sierpnia 2024 mo\u017cesz kupi\u0107 dowolny program tej nowoczesnej linii 50% taniej. Promocj\u0105 obj\u0119te s\u0105 tak\u017ce rozszerzenia do nexo PRO.<\/p>\n<p>Jak skorzysta\u0107 z promocji<\/p>\n<p>Aby kupi\u0107 program InsERT nexo PRO 50% taniej, wystarczy skorzysta\u0107 ze specjalnego kodu rabatowego.<br \/>\nRozszerzenia w promocyjnej cenie mo\u017cna kupowa\u0107 bez kodu, przez ca\u0142y okres trwania promocji.<br \/>\nKod rabatowy mo\u017cesz uzyska\u0107 na kilka sposob\u00f3w:<br \/>\nWchodz\u0105c na t\u0119 stron\u0119 i uzupe\u0142niaj\u0105c swoje dane. Po weryfikacji otrzymasz e-mail z kodem na podany w zg\u0142oszeniu adres.<br \/>\nKontaktuj\u0105c si\u0119 z naszym Partnerem.<br \/>\nKontaktuj\u0105c si\u0119 bezpo\u015brednio z Dzia\u0142em Sprzeda\u017cy InsERT &#8211; tel. 71 78 76 110, e-mail: sprzedaz@insert.com.pl.<br \/>\nUzyskany kod rabatowy mo\u017cesz wykorzysta\u0107 na kupno dowolnego programu, kt\u00f3ry jest obj\u0119ty promocj\u0105.<br \/>\nSprawd\u017a szczeg\u00f3\u0142y promocji.<\/p>\n<p>Subiekt nexo PRO to program wspomagaj\u0105cy obs\u0142ug\u0119 sprzeda\u017cy w ma\u0142ych i \u015brednich firmach. Jest to rozszerzona wersja Subiekta nexo \u2013 opr\u00f3cz pe\u0142nej funkcjonalno\u015bci standardowego systemu zawiera wiele dodatkowych rozwi\u0105za\u0144, kt\u00f3re spe\u0142ni\u0105 nawet bardzo nietypowe wymagania.<br \/>\nSubiekt nexo PRO pozwala na obs\u0142ug\u0119 przedsi\u0119biorstwa wielooddzia\u0142owego. Umo\u017cliwia zaawansowane nadawanie cen towarom poprzez cenniki g\u0142\u00f3wne i dodatkowe. Wyr\u00f3\u017cnia si\u0119 rozbudowan\u0105 obs\u0142ug\u0105 zam\u00f3wie\u0144 \u2013 dla wersji PRO stworzono m.in. widoki robocze (Asortyment na zam\u00f3wieniach do obs\u0142ugi pozycji zam\u00f3wienia, Asortyment na wyczerpaniu, Asortyment na zleceniach), kt\u00f3re u\u0142atwiaj\u0105 logistyk\u0119 zam\u00f3wie\u0144 zar\u00f3wno w przypadku klient\u00f3w, jak i dostawc\u00f3w.<br \/>\nSubiekt nexo PRO charakteryzuje si\u0119 te\u017c wi\u0119ksz\u0105 otwarto\u015bci\u0105 i elastyczno\u015bci\u0105. Pozwala np. dodawa\u0107 pola w\u0142asne do r\u00f3\u017cnych element\u00f3w programu, a tak\u017ce w\u0142asne raporty i wzorce wydruku.<br \/>\nPodstawowe mo\u017cliwo\u015bci Subiekta nexo PRO<br \/>\npe\u0142na obs\u0142uga wszystkich typ\u00f3w dokument\u00f3w handlowych i magazynowych;<br \/>\npe\u0142ny rozdzia\u0142 dokument\u00f3w magazynowych i handlowych, pojedyncze lub zbiorcze generowanie faktur do dokument\u00f3w WZ; korekty dokument\u00f3w magazynowych; automatyczne generowanie dokumentu WZ do faktury; faktura pro forma;<br \/>\nfaktura sprzeda\u017cy z wielu magazyn\u00f3w;<br \/>\nrozbudowany system zam\u00f3wie\u0144 \u2013 ka\u017cda pozycja dokumentu mo\u017ce mie\u0107 indywidualny termin realizacji, r\u00f3wnie\u017c wcze\u015bniejszy ni\u017c termin realizacji ca\u0142ego dokumentu;<br \/>\nkartoteka asortymentu \u2013 towar\u00f3w, us\u0142ug, komplet\u00f3w i opakowa\u0144 zwrotnych; dzia\u0142y sprzeda\u017cy w kartotece;<br \/>\nkartoteka klient\u00f3w obejmuj\u0105ca r\u00f3wnie\u017c informacje typu CRM;<br \/>\nprowadzenie elastycznej polityki cenowej \u2013 mo\u017cliwo\u015b\u0107 przypisywania zdefiniowanych cennik\u00f3w do poszczeg\u00f3lnych klient\u00f3w; cena, domy\u015blny i maksymalny rabat pozycji cennika mog\u0105 by\u0107 okre\u015blane w zale\u017cno\u015bci od jednostki miary i wysoko\u015bci progu sprzeda\u017cy;<br \/>\nobs\u0142uga przedp\u0142at, p\u0142atno\u015bci kart\u0105, p\u0142atno\u015bci za pobraniem, sprzeda\u017cy kredytowanej, cesji na innego p\u0142atnika, zaliczek pracownik\u00f3w na zakup;<br \/>\nkompleksowa obs\u0142uga kasy z rejestrowaniem operacji got\u00f3wkowych i bezgot\u00f3wkowych (p\u0142atno\u015bci kart\u0105 p\u0142atnicz\u0105, bony), operacje kasowe z od\u0142o\u017conym skutkiem (niewykonane);<br \/>\nrozbudowana obs\u0142uga rachunk\u00f3w bankowych (przelewy standardowe, do ZUS, podatkowe, operacje na rachunku, op\u0142aty prowizyjne, wyci\u0105gi); obs\u0142uga bankowo\u015bci elektronicznej za pomoc\u0105 wymiany plik\u00f3w, a tak\u017ce online (wybrane banki);<br \/>\nprowadzenie rozrachunk\u00f3w (nale\u017cno\u015bci i zobowi\u0105za\u0144), rozliczenia wielowalutowe, wezwania do zap\u0142aty, noty odsetkowe, kompensaty;<br \/>\nrozbudowana obs\u0142uga urz\u0105dze\u0144 zewn\u0119trznych (kasy fiskalne, drukarki fiskalne, wagi etykietuj\u0105ce, czytniki kod\u00f3w kreskowych);<br \/>\nautomatyczna synchronizacja zmian asortymentu w kartotece i urz\u0105dzeniach zewn\u0119trznych;<br \/>\npe\u0142na integracja z systemami finansowo-ksi\u0119gowymi: Rachmistrz nexo PRO i Rewizor nexo PRO;<br \/>\nmo\u017cliwo\u015b\u0107 u\u017cycia drukarki fiskalnej jako biurowej i drukowanie na niej dowolnych dokument\u00f3w jako wydruk\u00f3w niefiskalnych. List\u0119 drukarek, oferuj\u0105cych tak\u0105 mo\u017cliwo\u015b\u0107, mo\u017cna znale\u017a\u0107 tutaj;<br \/>\nszczeg\u00f3\u0142owe monitorowanie u\u017cytkownik\u00f3w w zakresie dokonywanych zmian na dokumentach oraz w kartotece klient\u00f3w za pomoc\u0105 pe\u0142nego \u015bladu rewizyjnego;<br \/>\nrealizacja zam\u00f3wie\u0144 od klient\u00f3w w przesuni\u0119cia mi\u0119dzymagazynowe.<br \/>\nDodatkowe rozwi\u0105zania dost\u0119pne w wersji PRO<br \/>\nSfera dla Subiekta nexo \u2013 mo\u017cliwo\u015b\u0107 tworzenia w\u0142asnych rozwi\u0105za\u0144 (szczeg\u00f3\u0142owy opis i dokumentacja techniczna w nexo SDK &#8211; pobierz);<br \/>\nzaawansowane pola w\u0142asne do obiekt\u00f3w systemu;<br \/>\ndefiniowanie w\u0142asnych raport\u00f3w i wydruk\u00f3w;<br \/>\nbrak ogranicze\u0144 dla plik\u00f3w biblioteki za\u0142\u0105cznik\u00f3w i flag w\u0142asnych;<br \/>\nrole u\u017cytkownik\u00f3w u\u0142atwiaj\u0105ce odpowiednie nadawanie uprawnie\u0144;<br \/>\nprofilowanie dost\u0119pu u\u017cytkownik\u00f3w do magazyn\u00f3w i oddzia\u0142\u00f3w;<br \/>\ndefiniowanie widok\u00f3w dla u\u017cytkownik\u00f3w;<br \/>\nmo\u017cliwo\u015b\u0107 zdefiniowania wielu dostawc\u00f3w asortymentu z wyr\u00f3\u017cnionym jednym g\u0142\u00f3wnym dostawc\u0105 i producentem (ka\u017cdemu dostawcy mo\u017cna przypisa\u0107 dla danego asortymentu zar\u00f3wno zestaw jego indywidualnych symboli, jak i terminy dostawy);<br \/>\nobs\u0142uga zamiennik\u00f3w \u2013 prostych zbior\u00f3w towar\u00f3w b\u0105d\u017a us\u0142ug, kt\u00f3re na dokumentach mo\u017cna wymieni\u0107 za pomoc\u0105 specjalnej funkcji pomi\u0119dzy elementami z tego samego zbioru;<br \/>\nkosztorysowanie i sprzeda\u017c us\u0142ug z wykazem materia\u0142\u00f3w niezb\u0119dnych do ich realizacji;<br \/>\nprecyzja ceny do 6 miejsc po przecinku;<br \/>\nmo\u017cliwo\u015b\u0107 zdefiniowania cennik\u00f3w dodatkowych (dotycz\u0105cych cz\u0119\u015bci cennika g\u0142\u00f3wnego, mo\u017cna je ogranicza\u0107 czasowo);<br \/>\nobs\u0142uga oddzia\u0142\u00f3w firmy (z ka\u017cdym oddzia\u0142em jest zwi\u0105zany cennik g\u0142\u00f3wny, kt\u00f3ry jest domy\u015blny dla ka\u017cdego wystawianego do niego dokumentu handlowego);<br \/>\nsprzeda\u017c z dostaw, rezerwacja dostaw w dokumentach, zakup z rozbiciem przyj\u0119cia na partie, rejestracja rozbie\u017cno\u015bci w przyj\u0119ciach magazynowych;<br \/>\nparametr pokazywania lub ukrywania partii asortymentu z przekroczonym terminem wa\u017cno\u015bci;<br \/>\nautomatyczne numerowanie partii (generowanie automatycznych kod\u00f3w dostaw) podczas wprowadzania do magazynu;<br \/>\nmo\u017cliwo\u015b\u0107 ukrycia asortymentu na wybranych magazynach przy sprzeda\u017cy, wydaniach magazynowych i zam\u00f3wieniach;<br \/>\nwydawanie asortymentu wg HIFO (najdro\u017csze dostawy rozchodowane w pierwszej kolejno\u015bci);<br \/>\nkorekta kosztu dostaw;<br \/>\nmo\u017cliwo\u015b\u0107 zbiorczej realizacji wielu zam\u00f3wie\u0144 jednym dokumentem;<br \/>\nwidok roboczy \u201eAsortyment na zam\u00f3wieniach do obs\u0142ugi pozycji zam\u00f3wienia\u201d;<br \/>\nwidok roboczy \u201eAsortyment na wyczerpaniu\u201d oraz \u201eAsortyment na zleceniach\u201d do wydajnej i efektywnej pracy z zam\u00f3wieniami do dostawc\u00f3w;<br \/>\nminimalna wymagana kwota do zrealizowania zam\u00f3wienia od klienta;<br \/>\nkontrola kolejno\u015bci realizacji zam\u00f3wie\u0144 ze wzgl\u0119du na dat\u0119 wystawienia zam\u00f3wie\u0144;<br \/>\nkompletowanie zam\u00f3wie\u0144 czyli rezerwowanie dostaw niezb\u0119dnych do zrealizowania zam\u00f3wienia;<br \/>\nrozszerzone mo\u017cliwo\u015bci p\u0142atno\u015bci odroczonych \u2013 rozbicie na raty;<br \/>\nmo\u017cliwo\u015b\u0107 podzielenia rozrachunku na raty (rozrachunek mo\u017ce by\u0107 podzielony na wiele kwot cz\u0105stkowych z okre\u015bleniem terminu p\u0142atno\u015bci dla ka\u017cdej z nich);<br \/>\nrozliczenia wielowalutowe (np. EUR \u2013 USD);<br \/>\nkompensaty wielowalutowe;<br \/>\nsesje kasowe \u2013 narz\u0119dzie do weryfikacji pracy kasjera (w momencie zamykania sesji pogram sam wylicza, czy stan \u015brodk\u00f3w pieni\u0119\u017cnych jest zgodny z operacjami zarejestrowanymi w systemie);<br \/>\nsesje rozliczeniowe \u2013 narz\u0119dzie do lepszego zarz\u0105dzania rozliczeniami;<br \/>\nraport \u201eDostawy przeterminowane\u201d prezentuj\u0105cy asortyment po dacie wa\u017cno\u015bci.<br \/>\nWymagania systemowe<br \/>\nInsERT Subiekt nexo PRO &#8211; aktualne wymagania systemowe.<\/p>\n","protected":false},"excerpt":{"rendered":"<p>Testowy produkt<\/p>\n","protected":false},"featured_media":1132,"comment_status":"open","ping_status":"closed","template":"","meta":[],"product_brand":[],"product_cat":[30],"product_tag":[],"class_list":{"0":"post-1133","1":"product","2":"type-product","3":"status-publish","4":"has-post-thumbnail","6":"product_cat-sprzedaz-i-magazyny","8":"first","9":"instock","10":"featured","11":"shipping-taxable","12":"purchasable","13":"product-type-simple"},"_links":{"self":[{"href":"https:\/\/wwsystem.com.pl\/dev\/wp-json\/wp\/v2\/product\/1133"}],"collection":[{"href":"https:\/\/wwsystem.com.pl\/dev\/wp-json\/wp\/v2\/product"}],"about":[{"href":"https:\/\/wwsystem.com.pl\/dev\/wp-json\/wp\/v2\/types\/product"}],"replies":[{"embeddable":true,"href":"https:\/\/wwsystem.com.pl\/dev\/wp-json\/wp\/v2\/comments?post=1133"}],"version-history":[{"count":0,"href":"https:\/\/wwsystem.com.pl\/dev\/wp-json\/wp\/v2\/product\/1133\/revisions"}],"wp:featuredmedia":[{"embeddable":true,"href":"https:\/\/wwsystem.com.pl\/dev\/wp-json\/wp\/v2\/media\/1132"}],"wp:attachment":[{"href":"https:\/\/wwsystem.com.pl\/dev\/wp-json\/wp\/v2\/media?parent=1133"}],"wp:term":[{"taxonomy":"product_brand","embeddable":true,"href":"https:\/\/wwsystem.com.pl\/dev\/wp-json\/wp\/v2\/product_brand?post=1133"},{"taxonomy":"product_cat","embeddable":true,"href":"https:\/\/wwsystem.com.pl\/dev\/wp-json\/wp\/v2\/product_cat?post=1133"},{"taxonomy":"product_tag","embeddable":true,"href":"https:\/\/wwsystem.com.pl\/dev\/wp-json\/wp\/v2\/product_tag?post=1133"}],"curies":[{"name":"wp","href":"https:\/\/api.w.org\/{rel}","templated":true}]}}