{"id":1145,"date":"2024-08-08T12:38:07","date_gmt":"2024-08-08T12:38:07","guid":{"rendered":"https:\/\/wwsystem.com.pl\/dev\/produkt\/subiekt-nexo-3-st-e-lic-podrecznik-subiekt-nexo-rachmistrz-nexo-prowadzenie-dokumentacji\/"},"modified":"2024-08-08T13:03:37","modified_gmt":"2024-08-08T13:03:37","slug":"subiekt-nexo-3-st-e-lic-podrecznik-subiekt-nexo-rachmistrz-nexo-prowadzenie-dokumentacji","status":"publish","type":"product","link":"https:\/\/wwsystem.com.pl\/dev\/produkt\/subiekt-nexo-3-st-e-lic-podrecznik-subiekt-nexo-rachmistrz-nexo-prowadzenie-dokumentacji\/","title":{"rendered":"Subiekt nexo 3 st. (e-lic) + Podr\u0119cznik \u201eSubiekt nexo + Rachmistrz nexo \u2013 Prowadzenie dokumentacji\u201d"},"content":{"rendered":"<p>Opis<br \/>\nSubiekt nexo (licencja elektroniczna na 3 stanowiska) + Podr\u0119cznik \u201eSubiekt nexo + Rachmistrz nexo \u2013 Prowadzenie dokumentacji\u201d<br \/>\nCharakterystyka<br \/>\nSubiekt to program, kt\u00f3ry kompleksowo wspomaga obs\u0142ug\u0119 sprzeda\u017cy w ma\u0142ych i \u015brednich firmach \u2013 sklepach, hurtowniach, warsztatach, zak\u0142adach us\u0142ugowych itp. Ma przyjazny i intuicyjny interfejs, kt\u00f3ry u\u0142atwia i przyspiesza prac\u0119, a bogata funkcjonalno\u015b\u0107 zaspokaja potrzeby nowoczesnych przedsi\u0119biorc\u00f3w, bez wzgl\u0119du na bran\u017c\u0119.<br \/>\nPodr\u0119cznik \u201eSubiekt nexo + Rachmistrz nexo \u2013 Prowadzenie dokumentacji&#8221; jest przeznaczony dla u\u017cytkownikach program\u00f3w oraz uczni\u00f3w i student\u00f3w poznaj\u0105cych systemy w toku nauki i zdaj\u0105cych egzaminy zawodowe. W jasny i czytelny spos\u00f3b pokazuje, jak w teorii i praktyce nale\u017cy dokumentowa\u0107 zdarzenia gospodarcze, przeprowadza\u0107 inwentaryzacj\u0119 i prowadzi\u0107 czynno\u015bci zwi\u0105zane z zasobami maj\u0105tku firmy.\u202fWarstwa teoretyczna ksi\u0105\u017cki opiera si\u0119 na obowi\u0105zuj\u0105cych przepisach prawnych, a tu\u017c po niej nast\u0119puje czytelne wyja\u015bnienie zagadnienia na zrozumia\u0142ych przyk\u0142adach. Dla utrwalenia wiadomo\u015bci dost\u0119pne s\u0105 te\u017c zadania i \u0107wiczenia, kt\u00f3re mo\u017cna wykona\u0107, by lepiej przygotowa\u0107 si\u0119 do pracy z programem.<br \/>\nNajwa\u017cniejsze funkcje Subiekta nexo<br \/>\ndokumenty:<br \/>\npe\u0142na obs\u0142uga wszystkich typ\u00f3w dokument\u00f3w handlowych i magazynowych;<br \/>\nklienci<br \/>\ndane klient\u00f3w obejmuj\u0105ce informacje typu CRM;<br \/>\nmo\u017cliwo\u015b\u0107 przypisywania zdefiniowanych cennik\u00f3w do poszczeg\u00f3lnych klient\u00f3w;<br \/>\nzam\u00f3wienia:<br \/>\nmo\u017cliwo\u015b\u0107 nadawania ka\u017cdej pozycji dokumentu indywidualnego terminu realizacji;<br \/>\nkartoteka towar\u00f3w, us\u0142ug, opakowa\u0144 zwrotnych; dzia\u0142y sprzeda\u017cy w kartotece;<br \/>\nfinanse:<br \/>\nobs\u0142uga r\u00f3\u017cnych rodzaj\u00f3w p\u0142atno\u015bci, sprzeda\u017cy kredytowanej, cesji na innego p\u0142atnika, zaliczek dla pracownik\u00f3w;<br \/>\nkompleksowa obs\u0142uga kasy z rejestrowaniem operacji;<br \/>\nintegracja z systemami finansowo-ksi\u0119gowymi Rachmistrz nexo i Rewizor nexo;<br \/>\nrozliczenia:<br \/>\nprowadzenie rozrachunk\u00f3w, rozliczenia wielowalutowe, wezwania do zap\u0142aty, noty odsetkowe, kompensaty;<br \/>\nrozbudowana obs\u0142uga rachunk\u00f3w bankowych (m.in. do ZUS-u i podatkowych) oraz bankowo\u015bci elektronicznej online i za pomoc\u0105 wymiany plik\u00f3w (wybrane banki).<br \/>\nCo zawiera podr\u0119cznik<br \/>\nKsi\u0105\u017cka zosta\u0142a podzielona na kilka cz\u0119\u015bci, a w ka\u017cdej z nich szczeg\u00f3\u0142owo zosta\u0142y om\u00f3wione tematy kluczowe do pracy z Subiektem nexo.<br \/>\nDokumentowanie zdarze\u0144 gospodarczych:<br \/>\ndokumenty operacji gospodarczych, ich cechy i klasyfikacja, poprawianie b\u0142\u0119d\u00f3w,<br \/>\ndokumentacja obrotu got\u00f3wkowego, bezgot\u00f3wkowego i obrotu magazynowego oraz dotycz\u0105ca rozrachunk\u00f3w,<br \/>\nustalenie zysku ze sprzeda\u017cy,<br \/>\nzadania.<br \/>\nInwentaryzacja:<br \/>\nczym jest inwentaryzacja, w jakim celu si\u0119 j\u0105 przeprowadza i jakie s\u0105 jej rodzaje,<br \/>\nzasady, metody,terminy i etapy przeprowadzania inwentaryzacji,<br \/>\ndokumentacja,<br \/>\nr\u00f3\u017cnice inwentaryzacyjne i ich wycena,<br \/>\nkompensata,<br \/>\nzadania utrwalaj\u0105ce wiadomo\u015bci.<br \/>\nRzeczowe sk\u0142adniki maj\u0105tku:<br \/>\nom\u00f3wienie zasob\u00f3w maj\u0105tkowych,<br \/>\n\u015brodki trwa\u0142e (ustalenie ich warto\u015bci pocz\u0105tkowej, metody naliczania odpis\u00f3w amortyzacyjnych, przyj\u0119cie \u015brodka trwa\u0142ego do\u202fu\u017cytkowania i jego likwidacja, nieodp\u0142atne przekazanie \u015brodka trwa\u0142ego, ulepszenie w \u015brodkach trwa\u0142ych, ksi\u0119ga inwentarzowa i tabela amortyzacyjna),<br \/>\newidencjonowanie, operacje na \u015brodkach trwa\u0142ych prowadzone w Rachmistrzu nexo PRO.<br \/>\n\u0106wiczenia<br \/>\nzestaw \u0107wicze\u0144 utrwalaj\u0105cych zdobyt\u0105 wiedz\u0119.<br \/>\nWymagania systemowe<br \/>\nInsERT Subiekt nexo &#8211; aktualne wymagania systemowe.<\/p>\n","protected":false},"excerpt":{"rendered":"<p>Testowy produkt<\/p>\n","protected":false},"featured_media":1144,"comment_status":"open","ping_status":"closed","template":"","meta":[],"product_brand":[],"product_cat":[30],"product_tag":[],"class_list":{"0":"post-1145","1":"product","2":"type-product","3":"status-publish","4":"has-post-thumbnail","6":"product_cat-sprzedaz-i-magazyny","8":"first","9":"instock","10":"featured","11":"shipping-taxable","12":"purchasable","13":"product-type-simple"},"_links":{"self":[{"href":"https:\/\/wwsystem.com.pl\/dev\/wp-json\/wp\/v2\/product\/1145"}],"collection":[{"href":"https:\/\/wwsystem.com.pl\/dev\/wp-json\/wp\/v2\/product"}],"about":[{"href":"https:\/\/wwsystem.com.pl\/dev\/wp-json\/wp\/v2\/types\/product"}],"replies":[{"embeddable":true,"href":"https:\/\/wwsystem.com.pl\/dev\/wp-json\/wp\/v2\/comments?post=1145"}],"version-history":[{"count":0,"href":"https:\/\/wwsystem.com.pl\/dev\/wp-json\/wp\/v2\/product\/1145\/revisions"}],"wp:featuredmedia":[{"embeddable":true,"href":"https:\/\/wwsystem.com.pl\/dev\/wp-json\/wp\/v2\/media\/1144"}],"wp:attachment":[{"href":"https:\/\/wwsystem.com.pl\/dev\/wp-json\/wp\/v2\/media?parent=1145"}],"wp:term":[{"taxonomy":"product_brand","embeddable":true,"href":"https:\/\/wwsystem.com.pl\/dev\/wp-json\/wp\/v2\/product_brand?post=1145"},{"taxonomy":"product_cat","embeddable":true,"href":"https:\/\/wwsystem.com.pl\/dev\/wp-json\/wp\/v2\/product_cat?post=1145"},{"taxonomy":"product_tag","embeddable":true,"href":"https:\/\/wwsystem.com.pl\/dev\/wp-json\/wp\/v2\/product_tag?post=1145"}],"curies":[{"name":"wp","href":"https:\/\/api.w.org\/{rel}","templated":true}]}}