{"id":1147,"date":"2024-08-08T12:38:07","date_gmt":"2024-08-08T12:38:07","guid":{"rendered":"https:\/\/wwsystem.com.pl\/dev\/produkt\/subiekt-gt-vendero-sklep-1000-towarow-e-lic\/"},"modified":"2024-08-08T13:03:37","modified_gmt":"2024-08-08T13:03:37","slug":"subiekt-gt-vendero-sklep-1000-towarow-e-lic","status":"publish","type":"product","link":"https:\/\/wwsystem.com.pl\/dev\/produkt\/subiekt-gt-vendero-sklep-1000-towarow-e-lic\/","title":{"rendered":"Subiekt GT + vendero sklep 1000 towar\u00f3w (e-lic.)"},"content":{"rendered":"<p>Opis<br \/>\nSubiekt GT + vendero sklep 1000 towar\u00f3w (licencja elektroniczna)<br \/>\nCharakterystyka<br \/>\nSubiekt GT to najcz\u0119\u015bciej wybierany program wspieraj\u0105cy sprzeda\u017c i magazynowanie w Polsce. Kompleksowo wspomaga obs\u0142ug\u0119 dzia\u0142u handlowego w ma\u0142ych i \u015brednich firmach \u2013 sklepach, hurtowniach, punktach us\u0142ugowych, warsztatach itp. Jest sprawnym i szybkim systemem wyposa\u017conym w najnowsze rozwi\u0105zania interfejsowe, kt\u00f3re czyni\u0105 go programem ergonomicznym i przyjaznym dla u\u017cytkownika. Jednocze\u015bnie jest wszechstronny i ma wiele mo\u017cliwo\u015bci konfiguracji.<br \/>\nvendero to proste i wygodne narz\u0119dzie do zarz\u0105dzania w\u0142asnym e-sklepem i prowadzenia biznesu w Internecie. Daje mo\u017cliwo\u015b\u0107 stworzenia trzech typ\u00f3w serwis\u00f3w: sklepu internetowego, witryny z ofert\u0105 i firmowej strony www. W tej promocji dost\u0119pna jest aplikacja, kt\u00f3ra umo\u017cliwia za\u0142o\u017cenie sklepu z ofert\u0105 do 1 tys. produkt\u00f3w.<br \/>\nNajwa\u017cniejsze funkcje Subiekta GT<br \/>\ndokumenty:<br \/>\npe\u0142na obs\u0142uga wszystkich typ\u00f3w dokument\u00f3w handlowych i magazynowych;<br \/>\npe\u0142ny rozdzia\u0142 dokument\u00f3w magazynowych i handlowych, pojedyncze lub zbiorcze generowanie faktur do dokument\u00f3w WZ itp.; automatyczne generowanie dokumentu WZ do faktury;<br \/>\nklienci<br \/>\nprowadzenie kartoteki kontrahent\u00f3w, obejmuj\u0105cej r\u00f3wnie\u017c informacje typu CRM oraz mo\u017cliwo\u015b\u0107 definiowania rubryk z dodatkowymi informacjami;<br \/>\npe\u0142na integracja z Gestorem GT \u2013 systemem zarz\u0105dzania relacjami z klientami;<br \/>\nkartoteki<br \/>\nprowadzenie kartoteki towar\u00f3w, us\u0142ug, komplet\u00f3w i opakowa\u0144 zwrotnych z rozbudowan\u0105 kalkulacj\u0105 cen (10 poziom\u00f3w cen sprzeda\u017cy, w tym ceny walutowe);<br \/>\nfinanse i rozrachunki<br \/>\nobs\u0142uga przedp\u0142at, p\u0142atno\u015bci kart\u0105 kredytow\u0105 oraz sprzeda\u017cy kredytowanej;<br \/>\nobs\u0142uga zam\u00f3wie\u0144 z rezerwacj\u0105 towar\u00f3w oraz fakturami zaliczkowymi;<br \/>\nrozbudowana obs\u0142uga rachunk\u00f3w bankowych (z\u0142ot\u00f3wkowych lub walutowych) z operacjami wp\u0142aty, wyp\u0142aty i transferu (plus op\u0142aty prowizyjne, wyci\u0105gi, itp.);<br \/>\npe\u0142na obs\u0142uga rozrachunk\u00f3w (nale\u017cno\u015bci i zobowi\u0105za\u0144), w tym rozrachunk\u00f3w wielowalutowych;<br \/>\npe\u0142na integracja z ksi\u0119g\u0105 przychod\u00f3w i rozchod\u00f3w Rachmistrz GT oraz systemem finansowo-ksi\u0119gowym Rewizor GT;<br \/>\nraporty:<br \/>\nwiele r\u00f3\u017cnorodnych zestawie\u0144, raport\u00f3w i analiz; mo\u017cliwo\u015b\u0107 tworzenia w\u0142asnych raport\u00f3w;<br \/>\nurz\u0105dzenia zewn\u0119trzne:<br \/>\nrozbudowana obs\u0142uga urz\u0105dze\u0144 zewn\u0119trznych (kasy fiskalne, drukarki fiskalne, wagi etykietuj\u0105ce, czytniki kod\u00f3w paskowych).<br \/>\nWymagania systemowe<br \/>\nInsERT Subiekt GT &#8211; aktualne wymagania systemowe.<br \/>\nNajwa\u017cniejsze korzy\u015bci vendero<br \/>\nw\u0142asny nowoczesny e-sklep stworzony z wykorzystaniem szablon\u00f3w graficznych i widget\u00f3w \u2013 gotowych lub dostosowanych do indywidualnych potrzeb,<br \/>\nkontrola nad sprzeda\u017c\u0105 dzi\u0119ki synchronizacji z Subiektem nexo i Subiektem GT,<br \/>\nmo\u017cliwo\u015b\u0107 p\u0142atno\u015bci internetowych, w tym PayU,<br \/>\nzarz\u0105dzanie serwisem z dowolnego miejsca na \u015bwiecie, wystarczy dost\u0119p do Internetu,<br \/>\nhosting i czytelny adres internetowy \u2013 domena i serwer w pakiecie.<br \/>\nWymagania systemowe vendero<br \/>\nlicencja do Subiekta GT;<br \/>\nsta\u0142y dost\u0119p do internetu;<br \/>\nprzegl\u0105darka internetowa.<br \/>\nJak skorzysta\u0107 z oferty promocyjnej? To bardzo proste<br \/>\nKup program Subiekt GT w promocyjnym zestawie.<br \/>\nZarejestruj go.<br \/>\nPo rejestracji Subiekta otrzymasz e-maila z linkiem do formularza, w kt\u00f3rym nale\u017cy potwierdzi\u0107 ch\u0119\u0107 aktywowania licencji vendero. Nie trzeba robi\u0107 tego od razu \u2013 czas na aktywacj\u0119 mija 31 grudnia 2024 r.<br \/>\nJe\u017celi zdecydujesz si\u0119 na aktywacj\u0119 licencji vendero, kliknij w link otrzymany w e-mailu \u2013 znajdziesz si\u0119 na stronie z formularzem. Wprowad\u017a dane firmy, a nast\u0119pnie wy\u015blij formularz.<br \/>\nJeste\u015b gotowy, by sprzedawa\u0107 przez internet!<\/p>\n","protected":false},"excerpt":{"rendered":"<p>Testowy produkt<\/p>\n","protected":false},"featured_media":1146,"comment_status":"open","ping_status":"closed","template":"","meta":[],"product_brand":[],"product_cat":[30],"product_tag":[],"class_list":{"0":"post-1147","1":"product","2":"type-product","3":"status-publish","4":"has-post-thumbnail","6":"product_cat-sprzedaz-i-magazyny","8":"first","9":"instock","10":"featured","11":"shipping-taxable","12":"purchasable","13":"product-type-simple"},"_links":{"self":[{"href":"https:\/\/wwsystem.com.pl\/dev\/wp-json\/wp\/v2\/product\/1147"}],"collection":[{"href":"https:\/\/wwsystem.com.pl\/dev\/wp-json\/wp\/v2\/product"}],"about":[{"href":"https:\/\/wwsystem.com.pl\/dev\/wp-json\/wp\/v2\/types\/product"}],"replies":[{"embeddable":true,"href":"https:\/\/wwsystem.com.pl\/dev\/wp-json\/wp\/v2\/comments?post=1147"}],"version-history":[{"count":0,"href":"https:\/\/wwsystem.com.pl\/dev\/wp-json\/wp\/v2\/product\/1147\/revisions"}],"wp:featuredmedia":[{"embeddable":true,"href":"https:\/\/wwsystem.com.pl\/dev\/wp-json\/wp\/v2\/media\/1146"}],"wp:attachment":[{"href":"https:\/\/wwsystem.com.pl\/dev\/wp-json\/wp\/v2\/media?parent=1147"}],"wp:term":[{"taxonomy":"product_brand","embeddable":true,"href":"https:\/\/wwsystem.com.pl\/dev\/wp-json\/wp\/v2\/product_brand?post=1147"},{"taxonomy":"product_cat","embeddable":true,"href":"https:\/\/wwsystem.com.pl\/dev\/wp-json\/wp\/v2\/product_cat?post=1147"},{"taxonomy":"product_tag","embeddable":true,"href":"https:\/\/wwsystem.com.pl\/dev\/wp-json\/wp\/v2\/product_tag?post=1147"}],"curies":[{"name":"wp","href":"https:\/\/api.w.org\/{rel}","templated":true}]}}