{"id":1153,"date":"2024-08-08T12:38:08","date_gmt":"2024-08-08T12:38:08","guid":{"rendered":"https:\/\/wwsystem.com.pl\/dev\/produkt\/subiekt-nexo-licencja-elektroniczna-na-1-st\/"},"modified":"2024-08-08T13:03:37","modified_gmt":"2024-08-08T13:03:37","slug":"subiekt-nexo-licencja-elektroniczna-na-1-st","status":"publish","type":"product","link":"https:\/\/wwsystem.com.pl\/dev\/produkt\/subiekt-nexo-licencja-elektroniczna-na-1-st\/","title":{"rendered":"Subiekt nexo (licencja elektroniczna na 1 st.)"},"content":{"rendered":"<p>Opis<br \/>\nSubiekt nexo (licencja elektroniczna na 1 stanowisko)<br \/>\nLicencja InsERT nexo<br \/>\nCharakterystyka<br \/>\nSubiekt nexo to program kompleksowo wspomagaj\u0105cy obs\u0142ug\u0119 sprzeda\u017cy w ma\u0142ych i \u015brednich firmach \u2013 sklepach, hurtowniach, warsztatach, zak\u0142adach us\u0142ugowych itp. Przyjazny, intuicyjny interfejs u\u0142atwia i przyspiesza prac\u0119, a bogata funkcjonalno\u015b\u0107 zaspokoi potrzeby nowoczesnych przedsi\u0119biorc\u00f3w, bez wzgl\u0119du na bran\u017c\u0119.<br \/>\nSubiekt nexo zapewnia obs\u0142ug\u0119 wszystkich typ\u00f3w dokument\u00f3w handlowych (szczeg\u00f3ln\u0105 zalet\u0105 jest zaawansowany system zam\u00f3wie\u0144) i sprawne zarz\u0105dzanie gospodark\u0105 magazynow\u0105. Posiada rozbudowan\u0105 cz\u0119\u015b\u0107 finansow\u0105, dzi\u0119ki kt\u00f3rej mo\u017cliwe jest m.in. wykonywanie operacji kasowych, bankowych czy tworzenie raport\u00f3w kasowych. Modu\u0142y rozliczeniowe umo\u017cliwiaj\u0105 ewidencjonowanie rozrachunk\u00f3w, dzia\u0142a\u0144 windykacyjnych i tabeli kurs\u00f3w walut. Kartotekowa cz\u0119\u015b\u0107 systemu pozwala prowadzi\u0107 zaawansowan\u0105 ewidencj\u0119 asortymentu, klient\u00f3w, urz\u0105dze\u0144 zewn\u0119trznych, instytucji, wsp\u00f3lnik\u00f3w i pracownik\u00f3w.<br \/>\nSubiekt to od lat najcz\u0119\u015bciej wybierana przez polskich przedsi\u0119biorc\u00f3w marka systemu sprzeda\u017cy. Subiekt nexo jest kolejn\u0105 wersj\u0105 tego popularnego programu. Zosta\u0142 zaprojektowany ze szczeg\u00f3ln\u0105 dba\u0142o\u015bci\u0105 o wygod\u0119 u\u017cytkownika, dzi\u0119ki czemu prowadzenie biznesu staje si\u0119 prostsze.<br \/>\nNajwa\u017cniejsze mo\u017cliwo\u015bci Subiekta nexo<br \/>\npe\u0142na obs\u0142uga wszystkich typ\u00f3w dokument\u00f3w handlowych i magazynowych;<br \/>\npe\u0142ny rozdzia\u0142 dokument\u00f3w magazynowych i handlowych, pojedyncze lub zbiorcze generowanie faktur do dokument\u00f3w WZ, korekty dokument\u00f3w magazynowych; automatyczne generowanie dokumentu WZ do faktury, faktura pro forma, faktura sprzeda\u017cy z wielu magazyn\u00f3w;<br \/>\nrozbudowany system zam\u00f3wie\u0144 &#8211; ka\u017cda pozycja dokumentu mo\u017ce mie\u0107 indywidualny termin realizacji, r\u00f3wnie\u017c wcze\u015bniejszy ni\u017c termin realizacji ca\u0142ego dokumentu;<br \/>\nkartoteka asortymentu &#8211; towar\u00f3w, us\u0142ug, komplet\u00f3w i opakowa\u0144 zwrotnych; dzia\u0142y sprzeda\u017cy w kartotece;<br \/>\nkartoteka klient\u00f3w obejmuj\u0105ca r\u00f3wnie\u017c informacje typu CRM;<br \/>\nprowadzenie elastycznej polityki cenowej &#8211; mo\u017cliwo\u015b\u0107 przypisywania zdefiniowanych cennik\u00f3w do poszczeg\u00f3lnych klient\u00f3w; cena, domy\u015blny i maksymalny rabat pozycji cennika mog\u0105 by\u0107 okre\u015blane w zale\u017cno\u015bci od jednostki miary i wysoko\u015bci progu sprzeda\u017cy;<br \/>\nobs\u0142uga przedp\u0142at, p\u0142atno\u015bci kart\u0105, p\u0142atno\u015bci za pobraniem, sprzeda\u017cy kredytowanej, cesji na innego p\u0142atnika, zaliczek pracownik\u00f3w na zakup;<br \/>\nkompleksowa obs\u0142uga kasy z rejestrowaniem operacji got\u00f3wkowych i bezgot\u00f3wkowych (p\u0142atno\u015bci kart\u0105 p\u0142atnicz\u0105, bony), operacje kasowe z od\u0142o\u017conym skutkiem (niewykonane);<br \/>\nrozbudowana obs\u0142uga rachunk\u00f3w bankowych (przelewy standardowe, do ZUS, podatkowe, operacje na rachunku, op\u0142aty prowizyjne, wyci\u0105gi); obs\u0142uga bankowo\u015bci elektronicznej za pomoc\u0105 wymiany plik\u00f3w, a tak\u017ce online (wybrane banki);<br \/>\nprowadzenie rozrachunk\u00f3w (nale\u017cno\u015bci i zobowi\u0105za\u0144), rozliczenia wielowalutowe, wezwania do zap\u0142aty, noty odsetkowe, kompensaty;<br \/>\nrozbudowana obs\u0142uga urz\u0105dze\u0144 zewn\u0119trznych (kasy fiskalne, drukarki fiskalne, wagi etykietuj\u0105ce, czytniki kod\u00f3w kreskowych);<br \/>\nautomatyczna synchronizacja zmian asortymentu w kartotece i urz\u0105dzeniach zewn\u0119trznych;<br \/>\npe\u0142na integracja z systemami finansowo-ksi\u0119gowymi: Rachmistrz nexo i Rewizor nexo.<br \/>\nWymagania systemowe<br \/>\nInsERT Subiekt nexo &#8211; aktualne wymagania systemowe.<\/p>\n","protected":false},"excerpt":{"rendered":"<p>Testowy produkt<\/p>\n","protected":false},"featured_media":1152,"comment_status":"open","ping_status":"closed","template":"","meta":[],"product_brand":[],"product_cat":[30],"product_tag":[],"class_list":{"0":"post-1153","1":"product","2":"type-product","3":"status-publish","4":"has-post-thumbnail","6":"product_cat-sprzedaz-i-magazyny","8":"first","9":"instock","10":"shipping-taxable","11":"purchasable","12":"product-type-simple"},"_links":{"self":[{"href":"https:\/\/wwsystem.com.pl\/dev\/wp-json\/wp\/v2\/product\/1153"}],"collection":[{"href":"https:\/\/wwsystem.com.pl\/dev\/wp-json\/wp\/v2\/product"}],"about":[{"href":"https:\/\/wwsystem.com.pl\/dev\/wp-json\/wp\/v2\/types\/product"}],"replies":[{"embeddable":true,"href":"https:\/\/wwsystem.com.pl\/dev\/wp-json\/wp\/v2\/comments?post=1153"}],"version-history":[{"count":0,"href":"https:\/\/wwsystem.com.pl\/dev\/wp-json\/wp\/v2\/product\/1153\/revisions"}],"wp:featuredmedia":[{"embeddable":true,"href":"https:\/\/wwsystem.com.pl\/dev\/wp-json\/wp\/v2\/media\/1152"}],"wp:attachment":[{"href":"https:\/\/wwsystem.com.pl\/dev\/wp-json\/wp\/v2\/media?parent=1153"}],"wp:term":[{"taxonomy":"product_brand","embeddable":true,"href":"https:\/\/wwsystem.com.pl\/dev\/wp-json\/wp\/v2\/product_brand?post=1153"},{"taxonomy":"product_cat","embeddable":true,"href":"https:\/\/wwsystem.com.pl\/dev\/wp-json\/wp\/v2\/product_cat?post=1153"},{"taxonomy":"product_tag","embeddable":true,"href":"https:\/\/wwsystem.com.pl\/dev\/wp-json\/wp\/v2\/product_tag?post=1153"}],"curies":[{"name":"wp","href":"https:\/\/api.w.org\/{rel}","templated":true}]}}