{"id":1157,"date":"2024-08-08T12:38:08","date_gmt":"2024-08-08T12:38:08","guid":{"rendered":"https:\/\/wwsystem.com.pl\/dev\/produkt\/subiekt-gt-licencja-elektroniczna-na-3-st\/"},"modified":"2024-08-08T13:03:37","modified_gmt":"2024-08-08T13:03:37","slug":"subiekt-gt-licencja-elektroniczna-na-3-st","status":"publish","type":"product","link":"https:\/\/wwsystem.com.pl\/dev\/produkt\/subiekt-gt-licencja-elektroniczna-na-3-st\/","title":{"rendered":"Subiekt GT (licencja elektroniczna na 3 st.)"},"content":{"rendered":"<p>Opis<br \/>\nSubiekt GT (licencja elektroniczna na 3 stanowiska)<br \/>\nLicencja InsERT GT<br \/>\nCharakterystyka<br \/>\nSubiekt GT to nowoczesny system sprzeda\u017cy stworzony z my\u015bl\u0105 o firmach, kt\u00f3re poszukuj\u0105 sprawnego narz\u0119dzia wspomagaj\u0105cego ca\u0142o\u015bciow\u0105 obs\u0142ug\u0119 dzia\u0142u handlowego, sklepu, punktu us\u0142ugowego, rzemie\u015blniczego itp. Dzi\u0119ki bogatej funkcjonalno\u015bci i prostej, intuicyjnej obs\u0142udze, program sprawdza si\u0119 w ka\u017cdej sytuacji. Zastosowane technologie i rozwi\u0105zania biznesowe sprawiaj\u0105, \u017ce Subiekt to najcz\u0119\u015bciej w Polsce wybierany program do wspomagania sprzeda\u017cy.<br \/>\nSubiekt GT jest sprawnym i szybkim systemem wyposa\u017conym w najnowsze rozwi\u0105zania interfejsowe czyni\u0105ce go programem bardzo ergonomicznym i przyjaznym dla u\u017cytkownika. Jednocze\u015bnie jego wszechstronno\u015b\u0107 i mo\u017cliwo\u015bci konfiguracji czyni\u0105 go produktem niemal dla ka\u017cdego.<br \/>\nSubiekt GT jest cz\u0119\u015bci\u0105 linii InsERT GT, kt\u00f3ra zawiera r\u00f3wnie\u017c Rachmistrza GT \u2013 program do prowadzenia ksi\u0119gowo\u015bci w formie ksi\u0105\u017cki przychod\u00f3w i rozchod\u00f3w lub ewidencji podatku zrycza\u0142towanego, Rewizora GT \u2013 program do prowadzenia ksi\u0119gi handlowej, Gratyfikanta GT \u2013 system kadrowo-p\u0142acowy oraz Gestora GT \u2013 system zarz\u0105dzania relacjami z klientami. Motor bazy danych zastosowany w programach linii InsERT GT to Microsoft SQL Server 2008 R2, kt\u00f3ry w bezp\u0142atnej wersji Express Edition jest dostarczany wraz z systemem.<br \/>\nNajwa\u017cniejsze mo\u017cliwo\u015bci Subiekta GT<br \/>\npe\u0142na obs\u0142uga wszystkich typ\u00f3w dokument\u00f3w handlowych i magazynowych;<br \/>\nprowadzenie kartoteki kontrahent\u00f3w, obejmuj\u0105cej r\u00f3wnie\u017c informacje typu CRM; mo\u017cliwo\u015b\u0107 definiowania rubryk z dodatkowymi informacjami;<br \/>\nprowadzenie kartoteki towar\u00f3w, us\u0142ug, komplet\u00f3w i opakowa\u0144 zwrotnych z rozbudowan\u0105 kalkulacj\u0105 cen (10 poziom\u00f3w cen sprzeda\u017cy, w tym ceny walutowe);<br \/>\npe\u0142ny rozdzia\u0142 dokument\u00f3w magazynowych i handlowych, pojedyncze lub zbiorcze generowanie faktur do dokument\u00f3w WZ itp.; automatyczne generowanie dokumentu WZ do faktury;<br \/>\nobs\u0142uga przedp\u0142at, p\u0142atno\u015bci kart\u0105 kredytow\u0105 oraz sprzeda\u017cy kredytowanej;<br \/>\nobs\u0142uga zam\u00f3wie\u0144 z rezerwacj\u0105 towar\u00f3w oraz fakturami zaliczkowymi;<br \/>\nrozbudowana obs\u0142uga rachunk\u00f3w bankowych (z\u0142ot\u00f3wkowych lub walutowych) z operacjami wp\u0142aty, wyp\u0142aty i transferu (plus op\u0142aty prowizyjne, wyci\u0105gi, itp.);<br \/>\npe\u0142na obs\u0142uga rozrachunk\u00f3w (nale\u017cno\u015bci i zobowi\u0105za\u0144), w tym rozrachunk\u00f3w wielowalutowych;<br \/>\nwiele r\u00f3\u017cnorodnych zestawie\u0144, raport\u00f3w i analiz; mo\u017cliwo\u015b\u0107 tworzenia w\u0142asnych raport\u00f3w;<br \/>\nrozbudowana obs\u0142uga urz\u0105dze\u0144 zewn\u0119trznych (kasy fiskalne, drukarki fiskalne, wagi etykietuj\u0105ce, czytniki kod\u00f3w paskowych);<br \/>\npe\u0142na integracja z systemem zarz\u0105dzania relacjami z klientami (CRM) Gestor GT;<br \/>\npe\u0142na integracja z komputerow\u0105 ksi\u0119g\u0105 przychod\u00f3w i rozchod\u00f3w Rachmistrz GT oraz systemem finansowo-ksi\u0119gowym Rewizor GT.<br \/>\nWymagania systemowe<br \/>\nInsERT Subiekt GT &#8211; aktualne wymagania systemowe.<\/p>\n","protected":false},"excerpt":{"rendered":"<p>Testowy produkt<\/p>\n","protected":false},"featured_media":1156,"comment_status":"open","ping_status":"closed","template":"","meta":[],"product_brand":[],"product_cat":[30],"product_tag":[],"class_list":{"0":"post-1157","1":"product","2":"type-product","3":"status-publish","4":"has-post-thumbnail","6":"product_cat-sprzedaz-i-magazyny","8":"first","9":"instock","10":"shipping-taxable","11":"purchasable","12":"product-type-simple"},"_links":{"self":[{"href":"https:\/\/wwsystem.com.pl\/dev\/wp-json\/wp\/v2\/product\/1157"}],"collection":[{"href":"https:\/\/wwsystem.com.pl\/dev\/wp-json\/wp\/v2\/product"}],"about":[{"href":"https:\/\/wwsystem.com.pl\/dev\/wp-json\/wp\/v2\/types\/product"}],"replies":[{"embeddable":true,"href":"https:\/\/wwsystem.com.pl\/dev\/wp-json\/wp\/v2\/comments?post=1157"}],"version-history":[{"count":0,"href":"https:\/\/wwsystem.com.pl\/dev\/wp-json\/wp\/v2\/product\/1157\/revisions"}],"wp:featuredmedia":[{"embeddable":true,"href":"https:\/\/wwsystem.com.pl\/dev\/wp-json\/wp\/v2\/media\/1156"}],"wp:attachment":[{"href":"https:\/\/wwsystem.com.pl\/dev\/wp-json\/wp\/v2\/media?parent=1157"}],"wp:term":[{"taxonomy":"product_brand","embeddable":true,"href":"https:\/\/wwsystem.com.pl\/dev\/wp-json\/wp\/v2\/product_brand?post=1157"},{"taxonomy":"product_cat","embeddable":true,"href":"https:\/\/wwsystem.com.pl\/dev\/wp-json\/wp\/v2\/product_cat?post=1157"},{"taxonomy":"product_tag","embeddable":true,"href":"https:\/\/wwsystem.com.pl\/dev\/wp-json\/wp\/v2\/product_tag?post=1157"}],"curies":[{"name":"wp","href":"https:\/\/api.w.org\/{rel}","templated":true}]}}