{"id":1159,"date":"2024-08-08T12:38:09","date_gmt":"2024-08-08T12:38:09","guid":{"rendered":"https:\/\/wwsystem.com.pl\/dev\/produkt\/sfera-dla-subiekta-gt-rozszerzenie-o-1-st-e-lic\/"},"modified":"2024-08-08T13:03:37","modified_gmt":"2024-08-08T13:03:37","slug":"sfera-dla-subiekta-gt-rozszerzenie-o-1-st-e-lic","status":"publish","type":"product","link":"https:\/\/wwsystem.com.pl\/dev\/produkt\/sfera-dla-subiekta-gt-rozszerzenie-o-1-st-e-lic\/","title":{"rendered":"Sfera dla Subiekta GT &#8211; rozszerzenie o 1 st. (e-lic)"},"content":{"rendered":"<p>Opis<br \/>\nSfera dla Subiekta GT &#8211; rozszerzenie 1 st. (licencja elektroniczna)<br \/>\nCharakterystyka<br \/>\nSfera dla Subiekta GT jest dodatkiem, kt\u00f3ry umo\u017cliwia napisanie rozszerze\u0144, korzystaj\u0105cych z wewn\u0119trznych mechanizm\u00f3w Subiekta GT.<br \/>\nSfera dla Subiekta GT powsta\u0142a z my\u015bl\u0105 o u\u017cytkownikach, kt\u00f3rym zale\u017cy na rozbudowie funkcjonalno\u015bci Subiekta GT. Sfera dla Subiekta GT otwiera zupe\u0142nie nowe mo\u017cliwo\u015bci wykorzystania Subiekta GT, czyni z niego produkt skrojony na potrzeby ka\u017cdego u\u017cytkownika.<br \/>\nSfera dla Subiekta GT stworzona zosta\u0142a w oparciu o znane technologie COM i OLE Automation. Informatyk firmy lub serwisant bez problemu stworz\u0105 takie rozwi\u0105zania, kt\u00f3re rozszerz\u0105 dotychczasow\u0105 funkcjonalno\u015b\u0107 i b\u0119d\u0105 u\u0142atwia\u0142y prac\u0119 w systemie, \u015bci\u015ble wed\u0142ug potrzeb danej firmy.<br \/>\nPrzyk\u0142adowe rozwi\u0105zania dotycz\u0105ce dopasowania Subiekta GT do potrzeb danej firmy<br \/>\nwystawianie faktur seryjnych,<br \/>\nobs\u0142ugiwanie zam\u00f3wie\u0144 sk\u0142adanych w sklepie internetowym,<br \/>\nsterowanie zdarzeniami zewn\u0119trznymi.<br \/>\nPrzyk\u0142adowe mechanizmy operacji zbiorczych stworzone w oparciu o Sfer\u0119 dla Subiekta GT<br \/>\nzbiorcza kalkulacja cen;<br \/>\nzbiorcza aktualizacja danych (np. zmiana stawki VAT),<br \/>\nzbiorcze drukowanie i usuwanie,<br \/>\nzbiorcze wywo\u0142ywanie skutku magazynowego dla dokument\u00f3w.<br \/>\nZ pomoc\u0105 Sfery dla Subiekta GT mo\u017cliwe b\u0119dzie tak\u017ce napisanie rozwi\u0105za\u0144, kt\u00f3re zintegruj\u0105 posiadane systemy.<br \/>\nUwaga! Aby m\u00f3c korzysta\u0107 ze Sfery, niezb\u0119dne jest aktywowanie bie\u017c\u0105cej wersji programu z linii InsERT GT, do kt\u00f3rego zosta\u0142a zakupiona Sfera.<\/p>\n","protected":false},"excerpt":{"rendered":"<p>Testowy produkt<\/p>\n","protected":false},"featured_media":1158,"comment_status":"open","ping_status":"closed","template":"","meta":[],"product_brand":[],"product_cat":[30],"product_tag":[],"class_list":{"0":"post-1159","1":"product","2":"type-product","3":"status-publish","4":"has-post-thumbnail","6":"product_cat-sprzedaz-i-magazyny","8":"first","9":"instock","10":"shipping-taxable","11":"purchasable","12":"product-type-simple"},"_links":{"self":[{"href":"https:\/\/wwsystem.com.pl\/dev\/wp-json\/wp\/v2\/product\/1159"}],"collection":[{"href":"https:\/\/wwsystem.com.pl\/dev\/wp-json\/wp\/v2\/product"}],"about":[{"href":"https:\/\/wwsystem.com.pl\/dev\/wp-json\/wp\/v2\/types\/product"}],"replies":[{"embeddable":true,"href":"https:\/\/wwsystem.com.pl\/dev\/wp-json\/wp\/v2\/comments?post=1159"}],"version-history":[{"count":0,"href":"https:\/\/wwsystem.com.pl\/dev\/wp-json\/wp\/v2\/product\/1159\/revisions"}],"wp:featuredmedia":[{"embeddable":true,"href":"https:\/\/wwsystem.com.pl\/dev\/wp-json\/wp\/v2\/media\/1158"}],"wp:attachment":[{"href":"https:\/\/wwsystem.com.pl\/dev\/wp-json\/wp\/v2\/media?parent=1159"}],"wp:term":[{"taxonomy":"product_brand","embeddable":true,"href":"https:\/\/wwsystem.com.pl\/dev\/wp-json\/wp\/v2\/product_brand?post=1159"},{"taxonomy":"product_cat","embeddable":true,"href":"https:\/\/wwsystem.com.pl\/dev\/wp-json\/wp\/v2\/product_cat?post=1159"},{"taxonomy":"product_tag","embeddable":true,"href":"https:\/\/wwsystem.com.pl\/dev\/wp-json\/wp\/v2\/product_tag?post=1159"}],"curies":[{"name":"wp","href":"https:\/\/api.w.org\/{rel}","templated":true}]}}