{"id":1173,"date":"2024-08-08T13:04:35","date_gmt":"2024-08-08T13:04:35","guid":{"rendered":"https:\/\/wwsystem.com.pl\/dev\/produkt\/rewizor-nexo-licencja-elektroniczna-na-3-st\/"},"modified":"2024-08-08T13:04:35","modified_gmt":"2024-08-08T13:04:35","slug":"rewizor-nexo-licencja-elektroniczna-na-3-st","status":"publish","type":"product","link":"https:\/\/wwsystem.com.pl\/dev\/produkt\/rewizor-nexo-licencja-elektroniczna-na-3-st\/","title":{"rendered":"Rewizor nexo (licencja elektroniczna na 3 st.)"},"content":{"rendered":"<p>Opis<br \/>\nRewizor nexo3 &#8211; system finansowo ksi\u0119gowy (licencja elektroniczna)<br \/>\nLicencja InsERT nexo<br \/>\nCharakterystyka<br \/>\nRewizor nexo PRO to nowoczesny program do prowadzenia pe\u0142nej ksi\u0119gowo\u015bci w ma\u0142ych i \u015brednich firmach. Doskonale sprawdza si\u0119 r\u00f3wnie\u017c w biurach rachunkowych.<br \/>\nRewizor nexo PRO jest rozszerzon\u0105 wersj\u0105 Rewizora nexo, stworzon\u0105 dla tych, kt\u00f3rzy potrzebuj\u0105 elastycznego, otwartego systemu finansowo-ksi\u0119gowego. Opr\u00f3cz pe\u0142nej funkcjonalno\u015bci standardowego programu zawiera wiele dodatkowych rozwi\u0105za\u0144. Pozwala m.in. wykorzystywa\u0107 wielopoziomowe konta kartotekowe, tworzy\u0107 w\u0142asne raporty i wydruki, na w\u0142asny spos\u00f3b opisywa\u0107 zdarzenia gospodarcze (np. dodatkowymi transakcjami VAT), dokonywa\u0107 analizy zapis\u00f3w wg r\u00f3\u017cnorodnych cech wykorzystuj\u0105c tzw. pola w\u0142asne, czy te\u017c rozlicza\u0107 rozrachunki ratalnie lub ewidencjonowa\u0107 je wed\u0142ug w\u0142asnych typ\u00f3w. Poprzez tzw. punkty rozszerze\u0144 i Sfer\u0119 dla Rewizora mo\u017cliwa jest realizacja indywidualnych rozwi\u0105za\u0144, dostosowanych do specyfiki firmy.<br \/>\nRewizor nexo PRO to cz\u0119\u015b\u0107 InsERT nexo PRO \u2013 zintegrowanego pakietu, w kt\u00f3rego sk\u0142ad wchodz\u0105 r\u00f3wnie\u017c: Subiekt nexo PRO \u2013 system obs\u0142ugi sprzeda\u017cy i gospodarki magazynowej, Rachmistrz nexo PRO \u2013 program do prowadzenia uproszczonej ksi\u0119gowo\u015bci, Gratyfikant nexo PRO \u2013 system kadrowo-p\u0142acowy oraz Gestor nexo PRO \u2013 system zarz\u0105dzania relacjami z klientami.<br \/>\nPodstawowe mo\u017cliwo\u015bci Rewizora nexo PRO<br \/>\np\u0142ynna zmiana z ksi\u0119gowo\u015bci uproszczonej na ksi\u0119gi rachunkowe;<br \/>\nobs\u0142uga etapowej pracy na okresie obrachunkowym: otwarcie i zamkni\u0119cie ksi\u0105g; kwalifikowanie zapis\u00f3w do \u201e13. miesi\u0105ca\u201d;<br \/>\nelastyczne zarz\u0105dzanie planami kont: mo\u017cliwo\u015b\u0107 generowania wzorcowego planu kont, przeniesienia z innego okresu obrachunkowego, automatyczne tworzenie kont kartotekowych, obs\u0142uga kont pozabilansowych;<br \/>\nrozbudowana dekretacja: podzia\u0142 dokument\u00f3w na dekrety i polecenia ksi\u0119gowania, r\u00f3\u017cne stany dokumentu: w przygotowaniu, zatwierdzony i zaksi\u0119gowany; zaawansowana kontrola kr\u0119gu koszt\u00f3w;<br \/>\newidencja i rozliczanie ewidencji VAT: zakup\u00f3w, sprzeda\u017cy (w tym sprzeda\u017c mar\u017ca), rozliczenia metod\u0105 kasow\u0105, korekty VAT nieterminowych p\u0142atno\u015bci z mo\u017cliwo\u015bci\u0105 tworzenia zapis\u00f3w na podstawie JPK_VAT;<br \/>\newidencja \u015brodk\u00f3w trwa\u0142ych oraz warto\u015bci niematerialnych i prawnych (naliczanie i dekretacja amortyzacji z uwzgl\u0119dnieniem koszt\u00f3w przypadaj\u0105cych na miejsca u\u017cytkowania, wydruk tabeli i plan\u00f3w amortyzacji), a tak\u017ce ewidencja wyposa\u017cenia i remanent\u00f3w;<br \/>\npodstawowa ewidencja wynagrodze\u0144: ewidencja osobowa, um\u00f3w cywilnoprawnych oraz um\u00f3w o prac\u0119;<br \/>\nzaawansowany system rozlicze\u0144 w\u0142a\u015bcicielskich: od sk\u0142adek ZUS wsp\u00f3lnika, poprzez ewidencj\u0119 przychod\u00f3w z innych \u017ar\u00f3de\u0142, do odlicze\u0144 i obni\u017cek podatku zwi\u0105zanych z r\u00f3\u017cnymi ulgami;<br \/>\newidencja i rozliczanie pojazd\u00f3w prywatnych wykorzystywanych do dzia\u0142alno\u015bci gospodarczej oraz pojazd\u00f3w firmowych z mo\u017cliwo\u015bci\u0105 cz\u0119\u015bciowego b\u0105d\u017a pe\u0142nego odliczenia VAT;<br \/>\nobs\u0142uga dowod\u00f3w wewn\u0119trznych &#8211; dokument\u00f3w w\u0142asnych podmiotu dotycz\u0105cych operacji zachodz\u0105cych wewn\u0105trz firmy;<br \/>\nobs\u0142uga operacji kasowych got\u00f3wkowych i bezgot\u00f3wkowych (p\u0142atno\u015b\u0107 kart\u0105 p\u0142atnicz\u0105, bony), raporty kasowe;<br \/>\nobs\u0142uga operacji zwi\u0105zanych z rachunkami bankowymi, polecenia przelewu standardowe, ZUS, podatkowe z wykorzystaniem bankowo\u015bci elektronicznej (offline i online);<br \/>\newidencja i rozliczanie rozrachunk\u00f3w, integracja z zapisami na konta oraz z zapisami VAT;<br \/>\nwystawianie i wydruk deklaracji skarbowych rozliczaj\u0105cych podatek dochodowy wsp\u00f3lnik\u00f3w i pracownik\u00f3w, podatek CIT (dla os\u00f3b prawnych) oraz podatek VAT;<br \/>\nwystawianie deklaracji ZUS (RCA, RZA, DRA) z mo\u017cliwo\u015bci\u0105 eksportu do programu P\u0142atnik;<br \/>\nautomatyczna dekretacja dokument\u00f3w ksi\u0119gowych oraz rejestr\u00f3w VAT za pomoc\u0105 definiowalnych schemat\u00f3w;<br \/>\nintegracja z systemem sprzeda\u017cy Subiekt nexo;<br \/>\nmo\u017cliwo\u015b\u0107 pracy jednostanowiskowej b\u0105d\u017a sieciowej;<br \/>\nobs\u0142uga plik\u00f3w JPK_VAT (informacji o prowadzonej ewidencji VAT) i ich obowi\u0105zkowa wysy\u0142ka do Ministerstwa Finans\u00f3w;<br \/>\ngenerowanie ksi\u0105g oraz dowod\u00f3w ksi\u0119gowych do plik\u00f3w JPK i dostarczanie ich za pomoc\u0105 \u015brodk\u00f3w komunikacji elektronicznej lub na informatycznych no\u015bnikach danych na potrzeby kontroli skarbowej;<br \/>\nwsparcie dla procedury centralnego rozliczania VAT, gdzie ewidencja prowadzona jest w jednostce podrz\u0119dnej, a rozliczenia dokonane s\u0105 w jednostce centralnej (np. jednostki samorz\u0105du terytorialnego, kt\u00f3rym podlegaj\u0105 szko\u0142y, zak\u0142ady u\u017cyteczno\u015bci publicznej itp.);<br \/>\nbadanie statusu kontrahent\u00f3w na podstawie danych GUS, portali Ministerstwa Finans\u00f3w dotycz\u0105cych NIP i VAT, bazy VIES oraz rejestru kaucji gwarancyjnych;<br \/>\nkomunikacja z klientami, pracownikami za pomoc\u0105 wbudowanego klienta poczty i SMS.<br \/>\nDodatkowe rozwi\u0105zania dost\u0119pne w wersji PRO<br \/>\nSfera dla Rewizora \u2013 mo\u017cliwo\u015b\u0107 dodawania w\u0142asnych rozwi\u0105za\u0144 (szczeg\u00f3\u0142owy opis i dokumentacja techniczna w nexo SDK &#8211; pobierz);<br \/>\ntworzenie wielopoziomowych kont kartotekowych w planie kont;<br \/>\ntworzenie kartotek ksi\u0119gowych filtrowanych po polach w\u0142asnych;<br \/>\ndefiniowalne transakcje VAT;<br \/>\ndefiniowanie w\u0142asnych typ\u00f3w amortyzacji;<br \/>\nobs\u0142uga magazynu walut \u2013 ewidencja i rozliczanie ruchu \u015brodk\u00f3w pieni\u0119\u017cnych na kontach rachunk\u00f3w walutowych;<br \/>\nsesje kasowe \u2013 narz\u0119dzie do weryfikacji pracy kasjera (w momencie zamykania sesji pogram sam wylicza, czy stan \u015brodk\u00f3w pieni\u0119\u017cnych jest zgodny z operacjami zarejestrowanymi w systemie);<br \/>\nmo\u017cliwo\u015b\u0107 rozliczania rozrachunk\u00f3w za pomoc\u0105 rat, w\u0142asne rodzaje rozrachunk\u00f3w;<br \/>\newidencja sesji rozliczeniowych (zbioru rozlicze\u0144) tworzonych automatycznie podczas dokonywania rozlicze\u0144;<br \/>\nrozliczenia wielowalutowe (np. EUR \u2013 USD);<br \/>\nkompensaty wielowalutowe;<br \/>\nrozbudowane schematy dekretacji, kt\u00f3rych wykonanie mo\u017cna warunkowa\u0107 od dowolnej cechy dokumentu \u017ar\u00f3d\u0142owego;<br \/>\npola i s\u0142owniki w\u0142asne do opisywania obiekt\u00f3w w programie umo\u017cliwiaj\u0105ce dokonanie analizy wg w\u0142asnych kryteri\u00f3w i do wykorzystania w warunkowych schematach dekretacji;<br \/>\ndefiniowanie w\u0142asnych raport\u00f3w i wydruk\u00f3w z mo\u017cliwo\u015bci\u0105 ich eksportu do innych program\u00f3w InsERT nexo;<br \/>\npunkty rozszerze\u0144 &#8211; mo\u017cliwo\u015b\u0107 rozszerzenia logiki biznesowej o w\u0142asne algorytmy (np. wyliczenie warto\u015bci konkretnego pola na deklaracji).<br \/>\nWymagania systemowe<br \/>\nInsERT Rewizor nexo &#8211; aktualne wymagania systemowe.<\/p>\n","protected":false},"excerpt":{"rendered":"<p>Testowy produkt<\/p>\n","protected":false},"featured_media":1172,"comment_status":"open","ping_status":"closed","template":"","meta":[],"product_brand":[],"product_cat":[32],"product_tag":[],"class_list":{"0":"post-1173","1":"product","2":"type-product","3":"status-publish","4":"has-post-thumbnail","6":"product_cat-pelna-ksiegowosc","8":"first","9":"instock","10":"shipping-taxable","11":"purchasable","12":"product-type-simple"},"_links":{"self":[{"href":"https:\/\/wwsystem.com.pl\/dev\/wp-json\/wp\/v2\/product\/1173"}],"collection":[{"href":"https:\/\/wwsystem.com.pl\/dev\/wp-json\/wp\/v2\/product"}],"about":[{"href":"https:\/\/wwsystem.com.pl\/dev\/wp-json\/wp\/v2\/types\/product"}],"replies":[{"embeddable":true,"href":"https:\/\/wwsystem.com.pl\/dev\/wp-json\/wp\/v2\/comments?post=1173"}],"version-history":[{"count":0,"href":"https:\/\/wwsystem.com.pl\/dev\/wp-json\/wp\/v2\/product\/1173\/revisions"}],"wp:featuredmedia":[{"embeddable":true,"href":"https:\/\/wwsystem.com.pl\/dev\/wp-json\/wp\/v2\/media\/1172"}],"wp:attachment":[{"href":"https:\/\/wwsystem.com.pl\/dev\/wp-json\/wp\/v2\/media?parent=1173"}],"wp:term":[{"taxonomy":"product_brand","embeddable":true,"href":"https:\/\/wwsystem.com.pl\/dev\/wp-json\/wp\/v2\/product_brand?post=1173"},{"taxonomy":"product_cat","embeddable":true,"href":"https:\/\/wwsystem.com.pl\/dev\/wp-json\/wp\/v2\/product_cat?post=1173"},{"taxonomy":"product_tag","embeddable":true,"href":"https:\/\/wwsystem.com.pl\/dev\/wp-json\/wp\/v2\/product_tag?post=1173"}],"curies":[{"name":"wp","href":"https:\/\/api.w.org\/{rel}","templated":true}]}}