{"id":1177,"date":"2024-08-08T13:04:36","date_gmt":"2024-08-08T13:04:36","guid":{"rendered":"https:\/\/wwsystem.com.pl\/dev\/produkt\/rewizor-gt-licencja-elektroniczna\/"},"modified":"2024-08-08T13:04:36","modified_gmt":"2024-08-08T13:04:36","slug":"rewizor-gt-licencja-elektroniczna","status":"publish","type":"product","link":"https:\/\/wwsystem.com.pl\/dev\/produkt\/rewizor-gt-licencja-elektroniczna\/","title":{"rendered":"Rewizor GT (licencja elektroniczna)"},"content":{"rendered":"<p>Opis<br \/>\nRewizor GT (licencja elektroniczna)<br \/>\nLicencja InsERT GT<br \/>\nCharakterystyka<br \/>\nRewizor GT to profesjonalny system finansowo-ksi\u0119gowy dla ma\u0142ych i \u015brednich przedsi\u0119biorstw. Program stworzony jest w oparciu o Ustaw\u0119 o Rachunkowo\u015bci oraz dostosowany do wymog\u00f3w Unii Europejskiej. Przeznaczony zar\u00f3wno dla samodzielnych ksi\u0119gowych jak i biur rachunkowych.<br \/>\nRewizor GT posiada pe\u0142n\u0105 gam\u0119 funkcji potrzebnych do sprawnego prowadzenia ksi\u0119gi handlowej: od administrowania planami kont, poprzez dekretacj\u0119 i ksi\u0119gowanie, zarz\u0105dzanie rozrachunkami, po obs\u0142ug\u0119 \u015brodk\u00f3w trwa\u0142ych.<br \/>\nRewizor GT jest programem niezwykle prostym w obs\u0142udze, o nowoczesnym interfejsie zapewniaj\u0105cym najwy\u017csz\u0105 ergonomi\u0119 i wygod\u0119 pracy. Dzi\u0119ki intuicyjnemu kreatorowi wdro\u017ceniowemu pocz\u0105tek pracy z programem nie sprawi trudno\u015bci nawet mniej wprawnym u\u017cytkownikom.<br \/>\nRewizor GT to cz\u0119\u015b\u0107 sk\u0142adowa systemu InsERT GT &#8211; w pe\u0142ni zintegrowanego pakietu program\u00f3w do prowadzenia firmy z sektora MSP, zawieraj\u0105cego tak\u017ce program do obs\u0142ugi sprzeda\u017cy &#8211; Subiekt GT, system kadrowo-p\u0142acowy &#8211; Gratyfikant GT oraz system zarz\u0105dzania relacjami z klientami &#8211; Gestor GT. W Rewizorze GT mo\u017cliwa jest podstawowa obs\u0142uga p\u0142ac dzi\u0119ki do\u0142\u0105czanemu bezp\u0142atnie programowi mikroGratyfikant GT.<br \/>\nPodstawowe cechy Rewizora GT<br \/>\nelastyczne zarz\u0105dzanie planami kont: mo\u017cliwo\u015b\u0107 generowania wzorcowego planu kont, przeniesienia z innego roku obrotowego, automatycznie tworzenie kont kartotekowych przez pod\u0142\u0105czanie kartotek, obs\u0142uga kont pozabilansowych;<br \/>\nrozbudowana dekretacja: podzia\u0142 dokument\u00f3w ksi\u0119gowych na dekrety i dokumenty zaksi\u0119gowane, automatyzacja wykonywanych czynno\u015bci (tworzenie i rozliczanie rozrachunk\u00f3w, generowanie zapis\u00f3w VAT), obs\u0142uga dekret\u00f3w walutowych;<br \/>\nzaawansowane zarz\u0105dzanie rozrachunkami (tworzenie i rozliczanie); \u015bcis\u0142e powi\u0105zanie rozrachunk\u00f3w z zapisami na kontach; pe\u0142na historia rozrachunk\u00f3w; rozrachunki wsp\u00f3lne z Subiektem GT;<br \/>\newidencja i rozliczanie podatku VAT w pe\u0142ni zgodne z aktualnie obowi\u0105zuj\u0105c\u0105 ustaw\u0105: ewidencjonowanie transakcji VAT krajowych (dostawy i nabycia), wewn\u0105trzwsp\u00f3lnotowych (WNT i WDT) oraz pozaunijnych (eksport towar\u00f3w, import towar\u00f3w); automatyczne wyliczanie deklaracji VAT-7\/7K &#8211; rozliczanie miesi\u0119czne lub kwartalne;<br \/>\nautomatyczne tworzenie dekret\u00f3w ksi\u0119gowych za pomoc\u0105 dekretacji kontekstowej i importu; rozbudowane schematy importu; szczeg\u00f3lne wsparcie dla u\u017cytkownik\u00f3w pracuj\u0105cych jednocze\u015bnie na Subiekcie GT i Rewizorze GT (modu\u0142 Dokumenty do dekretacji);<br \/>\nfunkcje specjalnie przygotowane dla biur rachunkowych: obs\u0142uga dowolnej liczby podmiot\u00f3w gospodarczych, przenoszenie plan\u00f3w kont z innych podmiot\u00f3w, zbiorcze operacje na licencjach, import dokument\u00f3w z pliku wygenerowanego przez zdalnego Subiekta GT, archiwizacja wszystkich podmiot\u00f3w jednocze\u015bnie i inne;<br \/>\newidencja \u015brodk\u00f3w trwa\u0142ych i warto\u015bci niematerialnych i prawnych oraz operacji z nimi zwi\u0105zanych;<br \/>\ndefiniowanie i wyliczanie szeregu sprawozda\u0144 i zestawie\u0144 finansowych oraz deklaracji skarbowych;<br \/>\ntworzenie wydruk\u00f3w graficznych (wszystkie) i tekstowych (g\u0142\u00f3wne); zaawansowane zarz\u0105dzanie wydrukami graficznymi z poziomu programu;<br \/>\nmotor bazy danych Microsoft SQL Server zapewniaj\u0105cy wysok\u0105 wydajno\u015b\u0107 i bezpiecze\u0144stwo pracy;<br \/>\npraca w sieci komputerowej lub na pojedynczym stanowisku, wsp\u00f3\u0142praca z innymi programami firmy InsERT.<br \/>\nFunkcjonalno\u015b\u0107 Rewizora GT mo\u017cna wzbogaci\u0107, instaluj\u0105c specjalne pakiety rozszerze\u0144: niebieski PLUS dla InsERT GT, zielony PLUS dla InsERT GT i czerwony PLUS dla InsERT GT. Natomiast u\u017cytkownikom, kt\u00f3rzy wymagaj\u0105 nietypowych rozwi\u0105za\u0144, dostosowanych do specyficznych potrzeb firmy, polecamy dodatek Sfera dla Rewizora GT.<br \/>\nRewizor GT dost\u0119pny jest r\u00f3wnie\u017c w specjalnej ofercie przygotowanej dla biur rachunkowych i doradc\u00f3w podatkowych, kt\u00f3ra umo\u017cliwia zakup programu w promocyjnym zestawie.<br \/>\nWymagania systemowe<br \/>\nInsERT Rewizor GT &#8211; aktualne wymagania systemowe.<\/p>\n","protected":false},"excerpt":{"rendered":"<p>Testowy produkt<\/p>\n","protected":false},"featured_media":1176,"comment_status":"open","ping_status":"closed","template":"","meta":[],"product_brand":[],"product_cat":[32],"product_tag":[],"class_list":{"0":"post-1177","1":"product","2":"type-product","3":"status-publish","4":"has-post-thumbnail","6":"product_cat-pelna-ksiegowosc","8":"first","9":"instock","10":"shipping-taxable","11":"purchasable","12":"product-type-simple"},"_links":{"self":[{"href":"https:\/\/wwsystem.com.pl\/dev\/wp-json\/wp\/v2\/product\/1177"}],"collection":[{"href":"https:\/\/wwsystem.com.pl\/dev\/wp-json\/wp\/v2\/product"}],"about":[{"href":"https:\/\/wwsystem.com.pl\/dev\/wp-json\/wp\/v2\/types\/product"}],"replies":[{"embeddable":true,"href":"https:\/\/wwsystem.com.pl\/dev\/wp-json\/wp\/v2\/comments?post=1177"}],"version-history":[{"count":0,"href":"https:\/\/wwsystem.com.pl\/dev\/wp-json\/wp\/v2\/product\/1177\/revisions"}],"wp:featuredmedia":[{"embeddable":true,"href":"https:\/\/wwsystem.com.pl\/dev\/wp-json\/wp\/v2\/media\/1176"}],"wp:attachment":[{"href":"https:\/\/wwsystem.com.pl\/dev\/wp-json\/wp\/v2\/media?parent=1177"}],"wp:term":[{"taxonomy":"product_brand","embeddable":true,"href":"https:\/\/wwsystem.com.pl\/dev\/wp-json\/wp\/v2\/product_brand?post=1177"},{"taxonomy":"product_cat","embeddable":true,"href":"https:\/\/wwsystem.com.pl\/dev\/wp-json\/wp\/v2\/product_cat?post=1177"},{"taxonomy":"product_tag","embeddable":true,"href":"https:\/\/wwsystem.com.pl\/dev\/wp-json\/wp\/v2\/product_tag?post=1177"}],"curies":[{"name":"wp","href":"https:\/\/api.w.org\/{rel}","templated":true}]}}