{"id":1181,"date":"2024-08-08T13:04:37","date_gmt":"2024-08-08T13:04:37","guid":{"rendered":"https:\/\/wwsystem.com.pl\/dev\/produkt\/sfera-dla-rewizora-gt-licencja-elektroniczna\/"},"modified":"2024-08-08T13:04:37","modified_gmt":"2024-08-08T13:04:37","slug":"sfera-dla-rewizora-gt-licencja-elektroniczna","status":"publish","type":"product","link":"https:\/\/wwsystem.com.pl\/dev\/produkt\/sfera-dla-rewizora-gt-licencja-elektroniczna\/","title":{"rendered":"Sfera dla Rewizora GT (licencja elektroniczna)"},"content":{"rendered":"<p>Opis<br \/>\nSfera dla Rewizora GT (licencja elektroniczna)<br \/>\nLicencja InsERT GT<br \/>\nCharakterystyka<\/p>\n<p>Sfera dla Rewizora GT to nowoczesne rozwi\u0105zanie stworzone z my\u015bl\u0105 o u\u017cytkownikach, kt\u00f3rym zale\u017cy na rozbudowie funkcjonalno\u015bci Rewizora GT. Mechanizm umo\u017cliwia pisanie rozszerze\u0144 korzystaj\u0105cych z wewn\u0119trznych algorytm\u00f3w systemu Rewizor GT.<br \/>\nSfera dla Rewizora GT otwiera zupe\u0142nie nowe mo\u017cliwo\u015bci programu Rewizor GT. Dzi\u0119ki oparciu o znane technologie COM i OLE Automation informatyk firmy lub serwisant bez problemu stworz\u0105 takie rozwi\u0105zania, kt\u00f3re rozszerz\u0105 dotychczasow\u0105 funkcjonalno\u015b\u0107 i b\u0119d\u0105 u\u0142atwia\u0142y prac\u0119 w systemie, \u015bci\u015ble wed\u0142ug potrzeb danej firmy.<br \/>\nPrzyk\u0142adowe rozwi\u0105zania, jakie mog\u0105 powsta\u0107 w oparciu o Sfer\u0119 dla Rewizora GT<br \/>\nimport do Rewizora GT dokument\u00f3w tworzonych przez zewn\u0119trzne systemy informatyczne niezale\u017cnie od formatu, w jakim te systemy zapisuj\u0105 swoje dane;<br \/>\nimport danych do dekretacji niezale\u017cnie od ram i ogranicze\u0144, jakie w Rewizorze GT narzucaj\u0105 Schematy importu;<br \/>\nstworzenie zbiorczych operacji, zamiast serii jednorazowych akcji, kt\u00f3re w danej firmie wykonywane s\u0105 cz\u0119sto i zajmuj\u0105 du\u017co czasu;<br \/>\npe\u0142ne sterowanie kartotek\u0105 rozrachunk\u00f3w;<br \/>\nwsp\u00f3\u0142praca z systemami homebankingowymi.<br \/>\nZa pomoc\u0105 Sfery dla Rewizora GT mo\u017cliwe jest r\u00f3wnie\u017c zintegrowanie Rewizora GT z innymi posiadanymi systemami.<br \/>\nKlienci, kt\u00f3rzy nie posiadaj\u0105 jeszcze Rewizora GT, mog\u0105 naby\u0107 program Rewizor GT Sfera &#8211; system finansowo-ksi\u0119gowy wyposa\u017cony w dodatek Sfera dla Rewizora GT.<br \/>\nUwaga! Aby m\u00f3c korzysta\u0107 ze Sfery, niezb\u0119dne jest aktywowanie bie\u017c\u0105cej wersji programu z linii InsERT GT, do kt\u00f3rego zosta\u0142a zakupiona Sfera.<\/p>\n","protected":false},"excerpt":{"rendered":"<p>Testowy produkt<\/p>\n","protected":false},"featured_media":1180,"comment_status":"open","ping_status":"closed","template":"","meta":[],"product_brand":[],"product_cat":[32],"product_tag":[],"class_list":{"0":"post-1181","1":"product","2":"type-product","3":"status-publish","4":"has-post-thumbnail","6":"product_cat-pelna-ksiegowosc","8":"first","9":"instock","10":"shipping-taxable","11":"purchasable","12":"product-type-simple"},"_links":{"self":[{"href":"https:\/\/wwsystem.com.pl\/dev\/wp-json\/wp\/v2\/product\/1181"}],"collection":[{"href":"https:\/\/wwsystem.com.pl\/dev\/wp-json\/wp\/v2\/product"}],"about":[{"href":"https:\/\/wwsystem.com.pl\/dev\/wp-json\/wp\/v2\/types\/product"}],"replies":[{"embeddable":true,"href":"https:\/\/wwsystem.com.pl\/dev\/wp-json\/wp\/v2\/comments?post=1181"}],"version-history":[{"count":0,"href":"https:\/\/wwsystem.com.pl\/dev\/wp-json\/wp\/v2\/product\/1181\/revisions"}],"wp:featuredmedia":[{"embeddable":true,"href":"https:\/\/wwsystem.com.pl\/dev\/wp-json\/wp\/v2\/media\/1180"}],"wp:attachment":[{"href":"https:\/\/wwsystem.com.pl\/dev\/wp-json\/wp\/v2\/media?parent=1181"}],"wp:term":[{"taxonomy":"product_brand","embeddable":true,"href":"https:\/\/wwsystem.com.pl\/dev\/wp-json\/wp\/v2\/product_brand?post=1181"},{"taxonomy":"product_cat","embeddable":true,"href":"https:\/\/wwsystem.com.pl\/dev\/wp-json\/wp\/v2\/product_cat?post=1181"},{"taxonomy":"product_tag","embeddable":true,"href":"https:\/\/wwsystem.com.pl\/dev\/wp-json\/wp\/v2\/product_tag?post=1181"}],"curies":[{"name":"wp","href":"https:\/\/api.w.org\/{rel}","templated":true}]}}