{"id":1191,"date":"2024-08-08T13:04:39","date_gmt":"2024-08-08T13:04:39","guid":{"rendered":"https:\/\/wwsystem.com.pl\/dev\/produkt\/rachmistrz-gt-licencja-elektroniczna\/"},"modified":"2024-08-08T13:04:39","modified_gmt":"2024-08-08T13:04:39","slug":"rachmistrz-gt-licencja-elektroniczna","status":"publish","type":"product","link":"https:\/\/wwsystem.com.pl\/dev\/produkt\/rachmistrz-gt-licencja-elektroniczna\/","title":{"rendered":"Rachmistrz GT (licencja elektroniczna)"},"content":{"rendered":"<p>Opis<br \/>\nRachmistrz GT (licencja elektroniczna)<br \/>\nLicencja InsERT GT<br \/>\nCharakterystyka<br \/>\nRachmistrz GT to nowoczesny system obs\u0142ugi uproszczonej ksi\u0119gowo\u015bci. Program ten polecamy firmom prowadz\u0105cym ksi\u0119g\u0119 przychod\u00f3w i rozchod\u00f3w oraz p\u0142atnikom podatku zrycza\u0142towanego, kt\u00f3rzy rozliczaj\u0105 si\u0119 w formie rycza\u0142tu od przychod\u00f3w ewidencjonowanych. Rachmistrz GT to doskona\u0142e narz\u0119dzie zar\u00f3wno dla przedsi\u0119biorstw samodzielnie dokumentuj\u0105cych dzia\u0142alno\u015b\u0107 gospodarcz\u0105, jak i biur rachunkowych. Dzi\u0119ki do\u0142\u0105czanemu bezp\u0142atnie programowi mikroGratyfikant GT mo\u017cliwa jest tak\u017ce podstawowa obs\u0142uga p\u0142ac.<br \/>\nNajwa\u017cniejsze mo\u017cliwo\u015bci Rachmistrza GT<br \/>\nprowadzenie ksi\u0119gi przychod\u00f3w i rozchod\u00f3w lub ewidencji podatku zrycza\u0142towanego (w zale\u017cno\u015bci od wybranej formy ksi\u0119gowo\u015bci);<br \/>\nprowadzenie ewidencji VAT: zakup\u00f3w, sprzeda\u017cy w tym ewidencjonowanie transakcji unijnych; mo\u017cliwo\u015b\u0107 wprowadzania sprzeda\u017cy nieudokumentowanej rozliczanej struktur\u0105 zakup\u00f3w;<br \/>\nprowadzenie ewidencji danych pojazd\u00f3w wykorzystywanych do cel\u00f3w s\u0142u\u017cbowych, rachunk\u00f3w zwi\u0105zanych z eksploatacj\u0105 pojazd\u00f3w oraz ewidencji przebiegu pojazd\u00f3w;<br \/>\nprowadzenie ewidencji \u015brodk\u00f3w trwa\u0142ych oraz warto\u015bci niematerialnych i prawnych (naliczanie i ksi\u0119gowanie amortyzacji, wydruk planu amortyzacji), a tak\u017ce prowadzenie ewidencji wyposa\u017cenia i remanent\u00f3w;<br \/>\nprowadzenie kartoteki kontrahent\u00f3w oraz wsp\u00f3lnik\u00f3w (indywidualne parametry dotycz\u0105ce rozlicze\u0144 z ZUS, automatyczne ksi\u0119gowanie w koszty lub odliczanie od dochodu sk\u0142adek ZUS i innych funduszy, obliczanie i dokumentowanie odpowiednim raportem zaliczki na podatek dochodowy);<br \/>\nrozbudowana obs\u0142uga wynagrodze\u0144: ewidencja osobowa, um\u00f3w cywilnoprawnych oraz um\u00f3w o prac\u0119; wystawianie rachunk\u00f3w do um\u00f3w cywilnoprawnych oraz wyp\u0142at (w tym mo\u017cliwo\u015b\u0107 automatycznego wyliczania na podstawie zdefiniowanych schemat\u00f3w wynagrodze\u0144);<br \/>\nnaliczanie, wydruk oraz pe\u0142na obs\u0142uga wysy\u0142ki elektronicznej deklaracji skarbowych (wraz z niezb\u0119dnymi za\u0142\u0105cznikami): VAT-7, VAT-7K, VAT-7D,VAT-UE, PIT-11, PIT-36, PIT-36L, PIT-37, PIT-40, PIT-4R, PIT-28, PIT-8AR;<br \/>\nObs\u0142uga korekt deklaracji skarbowych z wysy\u0142k\u0105 elektroniczn\u0105;<br \/>\nwystawianie deklaracji ZUS (DRA, RCA, RZA) oraz mo\u017cliwo\u015b\u0107 eksportu do programu P\u0142atnik ZUS;<br \/>\nintegracja z systemem obs\u0142ugi sprzeda\u017cy Subiekt GT oraz mo\u017cliwo\u015b\u0107 wsp\u00f3\u0142pracy (przez opcj\u0119 Komunikacja) z innymi systemami (np. Subiekt dla Windows, Subiekt 5 EURO, mikroSubiekt dla Windows).<br \/>\nWymagania systemowe<br \/>\nInsERT Rachmistrz GT &#8211; aktualne wymagania systemowe.<\/p>\n","protected":false},"excerpt":{"rendered":"<p>Testowy produkt<\/p>\n","protected":false},"featured_media":1190,"comment_status":"open","ping_status":"closed","template":"","meta":[],"product_brand":[],"product_cat":[33],"product_tag":[],"class_list":{"0":"post-1191","1":"product","2":"type-product","3":"status-publish","4":"has-post-thumbnail","6":"product_cat-ksiega-przychodow-i-rozchodow","8":"first","9":"instock","10":"shipping-taxable","11":"purchasable","12":"product-type-simple"},"_links":{"self":[{"href":"https:\/\/wwsystem.com.pl\/dev\/wp-json\/wp\/v2\/product\/1191"}],"collection":[{"href":"https:\/\/wwsystem.com.pl\/dev\/wp-json\/wp\/v2\/product"}],"about":[{"href":"https:\/\/wwsystem.com.pl\/dev\/wp-json\/wp\/v2\/types\/product"}],"replies":[{"embeddable":true,"href":"https:\/\/wwsystem.com.pl\/dev\/wp-json\/wp\/v2\/comments?post=1191"}],"version-history":[{"count":0,"href":"https:\/\/wwsystem.com.pl\/dev\/wp-json\/wp\/v2\/product\/1191\/revisions"}],"wp:featuredmedia":[{"embeddable":true,"href":"https:\/\/wwsystem.com.pl\/dev\/wp-json\/wp\/v2\/media\/1190"}],"wp:attachment":[{"href":"https:\/\/wwsystem.com.pl\/dev\/wp-json\/wp\/v2\/media?parent=1191"}],"wp:term":[{"taxonomy":"product_brand","embeddable":true,"href":"https:\/\/wwsystem.com.pl\/dev\/wp-json\/wp\/v2\/product_brand?post=1191"},{"taxonomy":"product_cat","embeddable":true,"href":"https:\/\/wwsystem.com.pl\/dev\/wp-json\/wp\/v2\/product_cat?post=1191"},{"taxonomy":"product_tag","embeddable":true,"href":"https:\/\/wwsystem.com.pl\/dev\/wp-json\/wp\/v2\/product_tag?post=1191"}],"curies":[{"name":"wp","href":"https:\/\/api.w.org\/{rel}","templated":true}]}}