{"id":1193,"date":"2024-08-08T13:04:41","date_gmt":"2024-08-08T13:04:41","guid":{"rendered":"https:\/\/wwsystem.com.pl\/dev\/produkt\/subiekt-sprint-2-licencja-elektroniczna-1-st\/"},"modified":"2024-08-08T13:04:41","modified_gmt":"2024-08-08T13:04:41","slug":"subiekt-sprint-2-licencja-elektroniczna-1-st","status":"publish","type":"product","link":"https:\/\/wwsystem.com.pl\/dev\/produkt\/subiekt-sprint-2-licencja-elektroniczna-1-st\/","title":{"rendered":"Subiekt Sprint 2 (licencja elektroniczna &#8211; 1 st.)"},"content":{"rendered":"<p>Opis<br \/>\nSubiekt Sprint 2 (licencja elektroniczna &#8211; 1 st.)<br \/>\nWarunki licencji<br \/>\nCharakterystyka<br \/>\nSubiekt Sprint 2 to system szybkiej sprzeda\u017cy przeznaczony dla firm obs\u0142uguj\u0105cych klient\u00f3w detalicznych. Sprawdza si\u0119 w sklepach jedno- i wielostanowiskowych (w tym samoobs\u0142ugowych), zar\u00f3wno w pojedynczych sklepach, jak i sieciach. Wsp\u00f3\u0142pracuje z systemami handlowymi Subiekt GT (wymiana danych o towarach, cenach, kontrahentach itp.), a tak\u017ce z wieloma urz\u0105dzeniami zewn\u0119trznymi (drukarki fiskalne, czytniki kod\u00f3w kreskowych, wagi elektroniczne itp.).<br \/>\nSubiekt Sprint 2 to zupe\u0142nie nowa ods\u0142ona programu. System zyska\u0142 przejrzysty, intuicyjny interfejs, kt\u00f3ry maksymalnie upraszcza prac\u0119. Wersja 2 zosta\u0142a r\u00f3wnie\u017c wzbogacona o szereg nowych mo\u017cliwo\u015bci, kt\u00f3re zapewniaj\u0105 szybsz\u0105 obs\u0142ug\u0119 klient\u00f3w i sprawniejsze zarz\u0105dzanie sklepem.<br \/>\nSystem z\u0142o\u017cony jest z dw\u00f3ch g\u0142\u00f3wnych aplikacji &#8211; Sprzeda\u017cy i Zarz\u0105dzania. Pierwsza umo\u017cliwia wystawianie dokument\u00f3w handlowych na stanowiskach sprzeda\u017cy; druga to aplikacja typu \u201eback office\u201d, kt\u00f3ra administruje sprzeda\u017c\u0105, umo\u017cliwiaj\u0105c m.in. konfigurowanie stanowisk w\u0142\u0105cznie z urz\u0105dzeniami zewn\u0119trznymi, delegowanie i rozliczanie sprzedawc\u00f3w, kontrol\u0119 stan\u00f3w magazynowych oraz konfigurowanie wymiany danych z systemem handlowym.<br \/>\nSprzeda\u017c \u2013 najwa\u017cniejsze funkcje<br \/>\nsprawdzanie stanu magazynowego asortymentu w innych oddzia\u0142ach (sklepach);<br \/>\nstosowanie promocji czasowych i cenowych definiowanych w Subiekcie GT;<br \/>\nwystawianie wszystkich niezb\u0119dnych dokument\u00f3w sprzeda\u017cy (faktury, paragony) oraz zwrot\u00f3w ze sprzeda\u017cy detalicznej zgodnie z obowi\u0105zuj\u0105cymi przepisami;<br \/>\nobs\u0142uga wielu modeli drukarek fiskalnych w oparciu o protoko\u0142y komunikacyjne (m.in.: Novitus, Thermal, Posnet, Elzab, Upos);<br \/>\nobs\u0142uga wielu urz\u0105dze\u0144 zewn\u0119trznych u\u0142atwiaj\u0105cych prowadzenie sprzeda\u017cy: wag elektronicznych, czytnik\u00f3w kod\u00f3w kreskowych (RS i klawiaturowych), wy\u015bwietlaczy;<br \/>\nobs\u0142uga ekran\u00f3w dotykowych;<br \/>\nprzyjmowanie p\u0142atno\u015bci i wydawanie reszty w dowolnej walucie;<br \/>\nobs\u0142uga r\u00f3\u017cnych form p\u0142atno\u015bci (got\u00f3wka, karta, bon);<br \/>\n\u0142atwe i bardzo szybkie wystawianie dokument\u00f3w dzi\u0119ki zapisywaniu i fiskalizowaniu \u201eonline\u201d, czyli natychmiastowym zapisie do bazy danych i zarejestrowaniu fiskalnym wprowadzonej pozycji asortymentowej;<br \/>\nmo\u017cliwo\u015b\u0107 jednoczesnego wystawiania wielu dokument\u00f3w na stanowisku (tryb multidokumentowy);<br \/>\nobs\u0142uga rabat\u00f3w z mo\u017cliwo\u015bci\u0105 definiowania dopuszczalnych prog\u00f3w rabatowych dla poszczeg\u00f3lnych sprzedawc\u00f3w;<br \/>\nmo\u017cliwo\u015b\u0107 pobrania cz\u0119\u015bci utargu w trakcie pracy sprzedawcy;<br \/>\nidentyfikacja towaru za pomoc\u0105 czytnika kod\u00f3w kreskowych oraz r\u00f3\u017cnych sposob\u00f3w wyszukiwania (po nazwie, symbolu, kodzie kreskowym lub PLU, za pomoc\u0105 mechanizmu InsTYNKT);<br \/>\nobs\u0142uga asortymentu powi\u0105zanego (np. towar z opakowaniem);<br \/>\nobs\u0142uga kod\u00f3w kreskowych ze zmienn\u0105 ilo\u015bci\u0105, cen\u0105, wag\u0105;<br \/>\nanulowanie pozycji i ca\u0142ego dokumentu;<br \/>\ndrukowanie dokument\u00f3w na drukarkach graficznych i tekstowych;<br \/>\nw interfejsie dotykowym mo\u017cliwo\u015b\u0107 korzystania z przycisk\u00f3w szybkiej ilo\u015bci (przydatne przy sprzeda\u017cy towar\u00f3w w paczkach).<br \/>\nZarz\u0105dzanie sklepem \u2013 najwa\u017cniejsze funkcje<br \/>\nkonfigurowanie stanowisk sprzeda\u017cy z uwzgl\u0119dnianiem specyfiki prowadzonej na nich sprzeda\u017cy oraz zarz\u0105dzanie infrastruktur\u0105 sprz\u0119tow\u0105;<br \/>\nkompleksowa obs\u0142uga personelu, z przypisywaniem r\u00f3l i uprawnie\u0144 oraz delegowaniem i rozliczaniem sprzedawc\u00f3w;<br \/>\nzarz\u0105dzanie asortymentem &#8211; stany magazynowe (przyj\u0119cie towaru, zwrot towaru, inwentaryzacja, przesorty), cenniki;<br \/>\nwsp\u00f3\u0142praca z systemem handlowym: Subiekt GT &#8211; importowanie towar\u00f3w, kontrahent\u00f3w, cennik\u00f3w, u\u017cytkownik\u00f3w, danych o podmiocie; eksport sprzeda\u017cy; mo\u017cliwo\u015b\u0107 ustalenia harmonogramu wymiany danych mi\u0119dzy Subiektem Sprint a systemem handlowym.<br \/>\nNajwa\u017cniejsze nowo\u015bci w Subiekcie Sprint 2<br \/>\nnowy wygl\u0105d programu \u2013 u\u0142atwione poruszanie si\u0119 po systemie;<br \/>\nzmiana ceny asortymentu niezale\u017cnie od systemu handlowego;<br \/>\nzbiorcze przypisywanie ustawie\u0144 dotycz\u0105cych ekranu dotykowego dla wszystkich stanowisk;<br \/>\ndrukowanie duplikat\u00f3w wystawionych dokument\u00f3w handlowych;<br \/>\nprzypisywanie filtr\u00f3w towar\u00f3w do stanowiska (na danym stanowisku domy\u015blnie u\u017cytkownik b\u0119dzie widzia\u0142 odfiltrowan\u0105 list\u0119 asortymentow\u0105);<br \/>\nusuwanie wszystkich zastosowanych rabat\u00f3w w trakcie wystawiania dokumentu handlowego;<br \/>\nmo\u017cliwo\u015b\u0107 wydrukowania ostatnio wystawionego dokumentu;<br \/>\nmo\u017cliwo\u015b\u0107 zabezpieczania pliku archiwum has\u0142em;<br \/>\ndodatkowe zabezpieczanie po stronie systemu handlowego przed pojawianiem si\u0119 r\u00f3\u017cnic w stanach magazynowych mi\u0119dzy sklepem, central\u0105 a systemem handlowym. Zabezpieczenie dost\u0119pne po stronie systemu handlowego Subiekt GT w wersji 1.39;<br \/>\nfiltrowanie towar\u00f3w po statusie aktywno\u015bci (dowolny, aktywny, nieaktywny).<br \/>\nWymagania systemowe<br \/>\nsystem handlowy Subiekt GT od wersji 1.39;<br \/>\nkomputer z procesorem 1 GHz (lub lepszym);<br \/>\n1 GB pami\u0119ci RAM (lub wi\u0119cej);<br \/>\noko\u0142o 500 MB wolnego miejsca na dysku twardym;<br \/>\nsystem operacyjny Windows 8, Windows 8.1, Windows 10, Windows Server 2012, Windows Server 2012 R2, Windows Server 2016;<br \/>\nsystem obs\u0142ugi baz danych Microsoft SQL Server 2008 R2, 2012, 2014, 2016, 2017.<\/p>\n","protected":false},"excerpt":{"rendered":"<p>Testowy produkt<\/p>\n","protected":false},"featured_media":1192,"comment_status":"open","ping_status":"closed","template":"","meta":[],"product_brand":[],"product_cat":[34],"product_tag":[],"class_list":{"0":"post-1193","1":"product","2":"type-product","3":"status-publish","4":"has-post-thumbnail","6":"product_cat-szybka-sprzedaz-pos","8":"first","9":"instock","10":"shipping-taxable","11":"purchasable","12":"product-type-simple"},"_links":{"self":[{"href":"https:\/\/wwsystem.com.pl\/dev\/wp-json\/wp\/v2\/product\/1193"}],"collection":[{"href":"https:\/\/wwsystem.com.pl\/dev\/wp-json\/wp\/v2\/product"}],"about":[{"href":"https:\/\/wwsystem.com.pl\/dev\/wp-json\/wp\/v2\/types\/product"}],"replies":[{"embeddable":true,"href":"https:\/\/wwsystem.com.pl\/dev\/wp-json\/wp\/v2\/comments?post=1193"}],"version-history":[{"count":0,"href":"https:\/\/wwsystem.com.pl\/dev\/wp-json\/wp\/v2\/product\/1193\/revisions"}],"wp:featuredmedia":[{"embeddable":true,"href":"https:\/\/wwsystem.com.pl\/dev\/wp-json\/wp\/v2\/media\/1192"}],"wp:attachment":[{"href":"https:\/\/wwsystem.com.pl\/dev\/wp-json\/wp\/v2\/media?parent=1193"}],"wp:term":[{"taxonomy":"product_brand","embeddable":true,"href":"https:\/\/wwsystem.com.pl\/dev\/wp-json\/wp\/v2\/product_brand?post=1193"},{"taxonomy":"product_cat","embeddable":true,"href":"https:\/\/wwsystem.com.pl\/dev\/wp-json\/wp\/v2\/product_cat?post=1193"},{"taxonomy":"product_tag","embeddable":true,"href":"https:\/\/wwsystem.com.pl\/dev\/wp-json\/wp\/v2\/product_tag?post=1193"}],"curies":[{"name":"wp","href":"https:\/\/api.w.org\/{rel}","templated":true}]}}