{"id":1195,"date":"2024-08-08T13:04:41","date_gmt":"2024-08-08T13:04:41","guid":{"rendered":"https:\/\/wwsystem.com.pl\/dev\/produkt\/gratyfikant-nexo-licencja-elektroniczna\/"},"modified":"2024-08-08T13:04:41","modified_gmt":"2024-08-08T13:04:41","slug":"gratyfikant-nexo-licencja-elektroniczna","status":"publish","type":"product","link":"https:\/\/wwsystem.com.pl\/dev\/produkt\/gratyfikant-nexo-licencja-elektroniczna\/","title":{"rendered":"Gratyfikant nexo (licencja elektroniczna)"},"content":{"rendered":"<p>Opis<br \/>\nGratyfikant nexo (licencja elektroniczna)<br \/>\nLicencja InsERT nexo<br \/>\nCharakterystyka<br \/>\nGratyfikant nexo to system kompleksowo wspomagaj\u0105cy obs\u0142ug\u0119 kadr i p\u0142ac w ma\u0142ych i \u015brednich firmach oraz w biurach rachunkowych. Intuicyjny interfejs i automatyzacja wielu czynno\u015bci znacznie przy\u015bpieszaj\u0105 prac\u0119, a du\u017ca elastyczno\u015b\u0107 daje szerokie mo\u017cliwo\u015bci konfiguracji.<br \/>\nGratyfikant nexo zawiera wszystkie funkcje niezb\u0119dne w dziale kadr i p\u0142ac \u2013 od prowadzenia rozbudowanej ewidencji osobowej i wystawiania um\u00f3w o prac\u0119 i um\u00f3w cywilnoprawnych, przez proste i zaawansowane planowanie i naliczanie wynagrodze\u0144, po generowanie rozlicze\u0144 z urz\u0119dem skarbowym i ZUS oraz wystawianie r\u00f3\u017cnych dokument\u00f3w kadrowo-p\u0142acowych.<br \/>\nNajwa\u017cniejsze mo\u017cliwo\u015bci Gratyfikanta nexo<br \/>\nstrona g\u0142\u00f3wna programu zbieraj\u0105ca najwa\u017cniejsze informacje o bie\u017c\u0105cym stanie rozlicze\u0144 kadrowo-p\u0142acowych w firmie;<br \/>\nwbudowany mechanizm przypomnie\u0144 kadrowych \u2013 np. po rozwi\u0105zaniu umowy program przypomni o konieczno\u015bci wystawienia \u015bwiadectwa pracy, informacji PIT-11 oraz o wyrejestrowaniu z ubezpiecze\u0144;<br \/>\nprosty, intuicyjny i jednocze\u015bnie daj\u0105cy wiele mo\u017cliwo\u015bci system planowania i realizacji wynagrodze\u0144 pracownik\u00f3w i zleceniobiorc\u00f3w:<br \/>\nsk\u0142adniki p\u0142acowe kwotowe, definiowalne, z rozbudowanymi mo\u017cliwo\u015bciami parametryzacji;<br \/>\nokre\u015blanie warto\u015bci sk\u0142adnik\u00f3w globalnie, dla dzia\u0142\u00f3w lub poszczeg\u00f3lnych pracownik\u00f3w;<br \/>\n\u0142atwe wprowadzanie zmian w systemie wynagrodze\u0144 za pomoc\u0105 operacji zbiorczych;<br \/>\nrozliczanie ewidencji czasu pracy, akord\u00f3w, prowizji, potr\u0105ce\u0144 komorniczych;<br \/>\nautomatyzacja naliczania wynagrodze\u0144 \u2013 przypomnienia, rozbudowany i intuicyjny kreator;<br \/>\nanalizator wyp\u0142aty \u2013 szczeg\u00f3\u0142owy opis oblicze\u0144 poszczeg\u00f3lnych warto\u015bci wyp\u0142aty;<br \/>\ndu\u017ce mo\u017cliwo\u015bci konfiguracji wydruk\u00f3w list p\u0142ac;<br \/>\nrozbudowana ewidencja osobowa z przejrzy\u015bcie pogrupowanymi danymi umo\u017cliwiaj\u0105ca gromadzenie wszelkich informacji niezb\u0119dnych do wygodnej obs\u0142ugi pracownik\u00f3w;<br \/>\numowy o prac\u0119 i cywilnoprawne wraz z aneksami;<br \/>\nbogaty zestaw wbudowanych wydruk\u00f3w kadrowych (umowy, aneksy, \u015bwiadectwo, za\u015bwiadczenia, o\u015bwiadczenia, skierowania i inne); mo\u017cliwo\u015b\u0107 tworzenia w\u0142asnych wzorc\u00f3w;<br \/>\nplanowanie czasu pracy, obs\u0142uga wielu system\u00f3w rozliczania czasu pracy, dowolne okresy rozliczeniowe;<br \/>\newidencja czasu pracy:<br \/>\ngodziny przepracowane, nadgodziny dzienne i \u015bredniotygodniowe, godziny nocne;<br \/>\nurlopy, zwolnienia lekarskie, inne nieobecno\u015bci;<br \/>\nekwiwalenty za urlop;<br \/>\nakordy, prowizje i potr\u0105cenia komornicze;<br \/>\nobs\u0142uga delegacji krajowych i zagranicznych;<br \/>\nnaliczanie, drukowanie i wysy\u0142ka elektroniczna deklaracji skarbowych (PIT-2, PIT-4R, PIT-8AR, PIT-8C, PIT-11, PIT-12, PIT-40);<br \/>\ngenerowanie deklaracji zg\u0142oszeniowych i rozliczeniowych ZUS \u2013 wsp\u00f3\u0142praca z programem P\u0142atnik;<br \/>\nbankowo\u015b\u0107 elektroniczna;<br \/>\nPortal pracownika \u2013 nowoczesny kana\u0142 komunikacji z pracownikiem, kt\u00f3ry za pomoc\u0105 przegl\u0105darki internetowej z dowolnego miejsca mo\u017ce mie\u0107 wgl\u0105d do swoich danych.<br \/>\nObs\u0142uga RODO<br \/>\ncele i zgody na przetwarzanie danych;<br \/>\nobowi\u0105zki informacyjne;<br \/>\nochrona danych;<br \/>\nprawo do zapomnienia (anonimizacja).<br \/>\nWymagania systemowe<br \/>\nInsERT Gratyfikant nexo &#8211; aktualne wymagania systemowe.<\/p>\n","protected":false},"excerpt":{"rendered":"<p>Testowy produkt<\/p>\n","protected":false},"featured_media":1194,"comment_status":"open","ping_status":"closed","template":"","meta":[],"product_brand":[],"product_cat":[35],"product_tag":[],"class_list":{"0":"post-1195","1":"product","2":"type-product","3":"status-publish","4":"has-post-thumbnail","6":"product_cat-kadry-i-place","8":"first","9":"instock","10":"shipping-taxable","11":"purchasable","12":"product-type-simple"},"_links":{"self":[{"href":"https:\/\/wwsystem.com.pl\/dev\/wp-json\/wp\/v2\/product\/1195"}],"collection":[{"href":"https:\/\/wwsystem.com.pl\/dev\/wp-json\/wp\/v2\/product"}],"about":[{"href":"https:\/\/wwsystem.com.pl\/dev\/wp-json\/wp\/v2\/types\/product"}],"replies":[{"embeddable":true,"href":"https:\/\/wwsystem.com.pl\/dev\/wp-json\/wp\/v2\/comments?post=1195"}],"version-history":[{"count":0,"href":"https:\/\/wwsystem.com.pl\/dev\/wp-json\/wp\/v2\/product\/1195\/revisions"}],"wp:featuredmedia":[{"embeddable":true,"href":"https:\/\/wwsystem.com.pl\/dev\/wp-json\/wp\/v2\/media\/1194"}],"wp:attachment":[{"href":"https:\/\/wwsystem.com.pl\/dev\/wp-json\/wp\/v2\/media?parent=1195"}],"wp:term":[{"taxonomy":"product_brand","embeddable":true,"href":"https:\/\/wwsystem.com.pl\/dev\/wp-json\/wp\/v2\/product_brand?post=1195"},{"taxonomy":"product_cat","embeddable":true,"href":"https:\/\/wwsystem.com.pl\/dev\/wp-json\/wp\/v2\/product_cat?post=1195"},{"taxonomy":"product_tag","embeddable":true,"href":"https:\/\/wwsystem.com.pl\/dev\/wp-json\/wp\/v2\/product_tag?post=1195"}],"curies":[{"name":"wp","href":"https:\/\/api.w.org\/{rel}","templated":true}]}}