{"id":1197,"date":"2024-08-08T13:04:41","date_gmt":"2024-08-08T13:04:41","guid":{"rendered":"https:\/\/wwsystem.com.pl\/dev\/produkt\/gratyfikant-gt-licencja-elektroniczna\/"},"modified":"2024-08-08T13:04:41","modified_gmt":"2024-08-08T13:04:41","slug":"gratyfikant-gt-licencja-elektroniczna","status":"publish","type":"product","link":"https:\/\/wwsystem.com.pl\/dev\/produkt\/gratyfikant-gt-licencja-elektroniczna\/","title":{"rendered":"Gratyfikant GT (licencja elektroniczna)"},"content":{"rendered":"<p>Opis<br \/>\nGratyfikant GT (licencja elektroniczna)<br \/>\nLicencja InsERT GT<br \/>\nCharakterystyka<br \/>\nGratyfikant GT jest nowoczesnym systemem kadrowo-p\u0142acowym, nast\u0119pc\u0105 programu Gratyfikant 3. Program polecamy osobom, kt\u00f3re w ma\u0142ych i \u015brednich firmach zajmuj\u0105 si\u0119 sprawami kadrowo-p\u0142acowymi, a tak\u017ce biurom rachunkowym.<br \/>\nGratyfikant GT posiada wiele rozbudowanych funkcji niezb\u0119dnych w dziale kadr i p\u0142ac. Umo\u017cliwia prowadzenie ewidencji osobowej w firmie, wystawianie r\u00f3\u017cnego rodzaju um\u00f3w, ewidencjonowanie wyp\u0142at i rachunk\u00f3w, ponadto obs\u0142uguje Zak\u0142adowy Fundusz \u015awiadcze\u0144 Socjalnych, u\u0142atwia wystawianie deklaracji skarbowych (m.in.: PIT-4, PIT-4R, PIT-8AR, PIT-11\/8B, PIT-36, PIT-36L, PIT-40) oraz ZUS (m.in.: RCA, RZA, RSA, DRA). System dostosowany jest do obowi\u0105zuj\u0105cych przepis\u00f3w. Gratyfikant GT wsp\u00f3\u0142pracuje z programem P\u0142atnik.<br \/>\nGratyfikant GT wchodzi w sk\u0142ad systemu InsERT GT, zintegrowany zosta\u0142 z programami ksi\u0119gowymi tej linii &#8211; ksi\u0119g\u0105 przychod\u00f3w i rozchod\u00f3w &#8211; Rachmistrzem GT i systemem finansowo-ksi\u0119gowym &#8211; Rewizorem GT. Mo\u017cliwe jest przeniesienie do niego danych zgromadzonych w Gratyfikancie 3 oraz mikroGratyfikancie GT, a tak\u017ce w systemie P\u0142atnik.<br \/>\nPoni\u017cej przedstawiamy list\u0119 najwa\u017cniejszych mo\u017cliwo\u015bci programu<br \/>\nunikalny i elastyczny model wynagrodze\u0144, daj\u0105cy bardzo du\u017ce mo\u017cliwo\u015bci w zakresie tworzenia, zarz\u0105dzania i naliczania wynagrodze\u0144 dla pracownik\u00f3w;<br \/>\nrozbudowana ewidencja pracownik\u00f3w (badania lekarskie, kursy bhp, nagrody, kary, historia zatrudnienia, podzia\u0142 na grupy, przypisywanie cech, zdj\u0119cia pracownika i wiele innych);<br \/>\newidencja um\u00f3w o prac\u0119 z bardzo elastycznym mechanizmem tworzenia zaawansowanych system\u00f3w wynagrodze\u0144 (wiele definicji wyp\u0142at w jednej umowie, globalne lub indywidualne sk\u0142adniki p\u0142acowe);<br \/>\nplanowanie czasu pracy pracownika w umowach o prac\u0119 (zmiany kalendarza pracy w czasie trwania umowy, okre\u015blanie wyj\u0105tk\u00f3w), wydruki kalendarzy miesi\u0119cznych i rocznych;<br \/>\newidencja um\u00f3w zlece\u0144, o dzie\u0142o oraz kontrakt\u00f3w mened\u017cerskich (m.in. kwotowe koszty uzyskania przychod\u00f3w); definiowanie elastycznych harmonogram\u00f3w wyp\u0142acania rachunk\u00f3w dla um\u00f3w cywilnoprawnych;<br \/>\nrejestracja faktycznego czasu pracy pracownika (nadgodziny, godziny nocne, godziny absencji, rozliczanie miesi\u0119czne lub okresowe, np. co 3 miesi\u0105ce);<br \/>\newidencja nieobecno\u015bci w pracy (absencje chorobowe, urlopowe i wiele innych) dla um\u00f3w o prac\u0119 i um\u00f3w cywilnoprawnych (wybrane absencje);<br \/>\nrozbudowane sk\u0142adniki p\u0142acowe (naliczenia, potr\u0105cenia, sk\u0142adniki parametryczne, sk\u0142adniki definiowalne, sk\u0142adniki automatyczne, du\u017ce mo\u017cliwo\u015bci parametryzacji);<br \/>\ndefinicje list p\u0142ac i zestaw\u00f3w p\u0142acowych, u\u0142atwiaj\u0105ce i automatyzuj\u0105ce naliczanie comiesi\u0119cznych wynagrodze\u0144; rozliczanie ewidencji czasu pracy, akord\u00f3w, prowizji, nalicze\u0144, potr\u0105ce\u0144 i potr\u0105ce\u0144 komorniczych w dowolnej li\u015bcie p\u0142ac; rozbudowany analizator wyp\u0142at;<br \/>\nnaliczanie i drukowanie deklaracji skarbowych (PIT-4, PIT-4R,PIT-8AR, PIT-11\/8B, PIT-36, PIT-36L, PIT-40); generowanie danych do deklaracji zg\u0142oszeniowych i rozliczeniowych ZUS.<br \/>\nFunkcjonalno\u015b\u0107 Gratyfikanta GT mo\u017cna wzbogaci\u0107, instaluj\u0105c specjalne pakiety rozszerze\u0144: niebieski PLUS dla InsERT GT, zielony PLUS dla InsERT GT i czerwony PLUS dla InsERT GT. Natomiast u\u017cytkownikom, kt\u00f3rzy wymagaj\u0105 nietypowych rozwi\u0105za\u0144, dostosowanych do specyficznych potrzeb firmy, polecamy dodatek Sfera dla Gratyfikanta GT.<br \/>\nGratyfikant GT dost\u0119pny jest r\u00f3wnie\u017c w specjalnej ofercie przygotowanej dla biur rachunkowych i doradc\u00f3w podatkowych, kt\u00f3ra umo\u017cliwia zakup programu w promocyjnym zestawie.<br \/>\nWymagania systemowe<br \/>\nInsERT Gratyfikant GT &#8211; aktualne wymagania systemowe.<\/p>\n","protected":false},"excerpt":{"rendered":"<p>Testowy produkt<\/p>\n","protected":false},"featured_media":1196,"comment_status":"open","ping_status":"closed","template":"","meta":[],"product_brand":[],"product_cat":[35],"product_tag":[],"class_list":{"0":"post-1197","1":"product","2":"type-product","3":"status-publish","4":"has-post-thumbnail","6":"product_cat-kadry-i-place","8":"first","9":"instock","10":"shipping-taxable","11":"purchasable","12":"product-type-simple"},"_links":{"self":[{"href":"https:\/\/wwsystem.com.pl\/dev\/wp-json\/wp\/v2\/product\/1197"}],"collection":[{"href":"https:\/\/wwsystem.com.pl\/dev\/wp-json\/wp\/v2\/product"}],"about":[{"href":"https:\/\/wwsystem.com.pl\/dev\/wp-json\/wp\/v2\/types\/product"}],"replies":[{"embeddable":true,"href":"https:\/\/wwsystem.com.pl\/dev\/wp-json\/wp\/v2\/comments?post=1197"}],"version-history":[{"count":0,"href":"https:\/\/wwsystem.com.pl\/dev\/wp-json\/wp\/v2\/product\/1197\/revisions"}],"wp:featuredmedia":[{"embeddable":true,"href":"https:\/\/wwsystem.com.pl\/dev\/wp-json\/wp\/v2\/media\/1196"}],"wp:attachment":[{"href":"https:\/\/wwsystem.com.pl\/dev\/wp-json\/wp\/v2\/media?parent=1197"}],"wp:term":[{"taxonomy":"product_brand","embeddable":true,"href":"https:\/\/wwsystem.com.pl\/dev\/wp-json\/wp\/v2\/product_brand?post=1197"},{"taxonomy":"product_cat","embeddable":true,"href":"https:\/\/wwsystem.com.pl\/dev\/wp-json\/wp\/v2\/product_cat?post=1197"},{"taxonomy":"product_tag","embeddable":true,"href":"https:\/\/wwsystem.com.pl\/dev\/wp-json\/wp\/v2\/product_tag?post=1197"}],"curies":[{"name":"wp","href":"https:\/\/api.w.org\/{rel}","templated":true}]}}