{"id":1201,"date":"2024-08-08T13:04:42","date_gmt":"2024-08-08T13:04:42","guid":{"rendered":"https:\/\/wwsystem.com.pl\/dev\/produkt\/sfera-dla-gratyfikanta-gt-licencja-elektroniczna\/"},"modified":"2024-08-08T13:04:42","modified_gmt":"2024-08-08T13:04:42","slug":"sfera-dla-gratyfikanta-gt-licencja-elektroniczna","status":"publish","type":"product","link":"https:\/\/wwsystem.com.pl\/dev\/produkt\/sfera-dla-gratyfikanta-gt-licencja-elektroniczna\/","title":{"rendered":"Sfera dla Gratyfikanta GT (licencja elektroniczna)"},"content":{"rendered":"<p>Opis<br \/>\nSfera dla Gratyfikanta GT (licencja elektroniczna)<br \/>\nCharakterystyka<\/p>\n<p>Sfera dla Gratyfikanta GT jest dodatkiem, kt\u00f3ry umo\u017cliwia rozszerzanie istniej\u0105cych mo\u017cliwo\u015bci Gratyfikanta GT. Rozszerzenia mo\u017cna zrealizowa\u0107 dzi\u0119ki wykorzystaniu dw\u00f3ch niezale\u017cnych mechanizm\u00f3w:<br \/>\nUdost\u0119pnione biblioteki obiekt\u00f3w Gratyfikanta GT &#8211; umo\u017cliwia to pisanie rozwi\u0105za\u0144 wykorzystuj\u0105cych wewn\u0119trzne obiekty Gratyfikanta GT; rozwi\u0105zania te mog\u0105 powsta\u0107 w Visual Basic for Applications lub w innych j\u0119zykach programowania (np. Microsoft Windows Script, Java Script, Visual C++, Delphi, czy Java). Rozwi\u0105zania, kt\u00f3re powstan\u0105 dzi\u0119ki tej funkcjonalno\u015bci przede wszystkim u\u0142atwi\u0105 codzienn\u0105 prac\u0119, zautomatyzuj\u0105 niekt\u00f3re z wykonywanych czynno\u015bci oraz dodadz\u0105 wiele nowych mo\u017cliwo\u015bci. Przyk\u0142adem jest integracja z RCP.<br \/>\nMechanizm obs\u0142ugi skrypt\u00f3w definiuj\u0105cych sk\u0142adniki p\u0142acowe &#8211; umo\u017cliwia tworzenie dowolnie z\u0142o\u017conych sk\u0142adnik\u00f3w p\u0142acowych, umo\u017cliwiaj\u0105c tym samym np. uzale\u017cnienie tego sk\u0142adnika od zewn\u0119trznych danych. Za pomoc\u0105 tego mechanizmu wdro\u017ceniowiec lub programista mo\u017ce definiowa\u0107 dowolne sk\u0142adniki p\u0142acowe w nowoczesnej technologii .NET za pomoc\u0105 j\u0119zyk\u00f3w: Visual Basic.NET i C#. Zdefiniowane sk\u0142adniki zostan\u0105 do\u0142\u0105czone listy sk\u0142adnik\u00f3w p\u0142acowych i b\u0119d\u0105 mog\u0142y by\u0107 w \u0142atwy spos\u00f3b wykorzystywane w obs\u0142udze kadrowo-p\u0142acowej firmy.<br \/>\nDzi\u0119ki temu Sfera dla Gratyfikanta GT staje si\u0119 wygodnym \u015brodowiskiem do tworzenia wyspecjalizowanych rozwi\u0105za\u0144.<br \/>\nSfera dla Gratyfikanta GT jest skierowana do wszystkich u\u017cytkownik\u00f3w Gratyfikanta GT, kt\u00f3rzy potrzebuj\u0105 indywidualnych rozwi\u0105za\u0144, dodatkowych funkcjonalno\u015bci lub automatyzacji cz\u0119sto wykonywanych prac. Tak\u017ce je\u015bli niezb\u0119dne jest z\u0142o\u017cone definiowanie sk\u0142adnik\u00f3w p\u0142acowych, uwzgl\u0119dniaj\u0105ce niestandardowe dane lub korzystaj\u0105ce z zewn\u0119trznych informacji, to najlepszym rozwi\u0105zaniem jest Sfera dla Gratyfikanta GT.<br \/>\nZa pomoc\u0105 Sfery dla Gratyfikanta GT mo\u017cliwe jest<br \/>\numo\u017cliwienie wsp\u00f3\u0142pracy Gratyfikanta GT z rozmaitymi rejestratorami czasu pracy;<br \/>\nindywidualne, rozbudowane definiowanie sk\u0142adnik\u00f3w p\u0142acowych;<br \/>\n\u015bcis\u0142e dopasowanie Gratyfikanta GT do potrzeb klienta, uzale\u017cnionych od specyfiki prowadzenia firmy;<br \/>\nstworzenie zbiorczych operacji zamiast serii jednorazowych akcji, kt\u00f3re w danej firmie wykonywane s\u0105 cz\u0119sto i zajmuj\u0105 du\u017co czasu.<br \/>\nUwaga! Aby m\u00f3c korzysta\u0107 ze Sfery, niezb\u0119dne jest aktywowanie bie\u017c\u0105cej wersji programu z linii InsERT GT, do kt\u00f3rego zosta\u0142a zakupiona Sfera.<\/p>\n","protected":false},"excerpt":{"rendered":"<p>Testowy produkt<\/p>\n","protected":false},"featured_media":1200,"comment_status":"open","ping_status":"closed","template":"","meta":[],"product_brand":[],"product_cat":[35],"product_tag":[],"class_list":{"0":"post-1201","1":"product","2":"type-product","3":"status-publish","4":"has-post-thumbnail","6":"product_cat-kadry-i-place","8":"first","9":"instock","10":"shipping-taxable","11":"purchasable","12":"product-type-simple"},"_links":{"self":[{"href":"https:\/\/wwsystem.com.pl\/dev\/wp-json\/wp\/v2\/product\/1201"}],"collection":[{"href":"https:\/\/wwsystem.com.pl\/dev\/wp-json\/wp\/v2\/product"}],"about":[{"href":"https:\/\/wwsystem.com.pl\/dev\/wp-json\/wp\/v2\/types\/product"}],"replies":[{"embeddable":true,"href":"https:\/\/wwsystem.com.pl\/dev\/wp-json\/wp\/v2\/comments?post=1201"}],"version-history":[{"count":0,"href":"https:\/\/wwsystem.com.pl\/dev\/wp-json\/wp\/v2\/product\/1201\/revisions"}],"wp:featuredmedia":[{"embeddable":true,"href":"https:\/\/wwsystem.com.pl\/dev\/wp-json\/wp\/v2\/media\/1200"}],"wp:attachment":[{"href":"https:\/\/wwsystem.com.pl\/dev\/wp-json\/wp\/v2\/media?parent=1201"}],"wp:term":[{"taxonomy":"product_brand","embeddable":true,"href":"https:\/\/wwsystem.com.pl\/dev\/wp-json\/wp\/v2\/product_brand?post=1201"},{"taxonomy":"product_cat","embeddable":true,"href":"https:\/\/wwsystem.com.pl\/dev\/wp-json\/wp\/v2\/product_cat?post=1201"},{"taxonomy":"product_tag","embeddable":true,"href":"https:\/\/wwsystem.com.pl\/dev\/wp-json\/wp\/v2\/product_tag?post=1201"}],"curies":[{"name":"wp","href":"https:\/\/api.w.org\/{rel}","templated":true}]}}