{"id":1205,"date":"2024-08-08T13:04:43","date_gmt":"2024-08-08T13:04:43","guid":{"rendered":"https:\/\/wwsystem.com.pl\/dev\/produkt\/gestor-nexo-pro-licencja-na-3-stanowiska-e-lic\/"},"modified":"2024-08-08T13:04:43","modified_gmt":"2024-08-08T13:04:43","slug":"gestor-nexo-pro-licencja-na-3-stanowiska-e-lic","status":"publish","type":"product","link":"https:\/\/wwsystem.com.pl\/dev\/produkt\/gestor-nexo-pro-licencja-na-3-stanowiska-e-lic\/","title":{"rendered":"Gestor nexo PRO &#8211; licencja na 3 stanowiska (e-lic)"},"content":{"rendered":"<p>Opis<br \/>\nGestor nexo PRO3 (licencja elektroniczna)<br \/>\nLicencja InsERT nexo<br \/>\nCharakterystyka<br \/>\nZosta\u0144 PRO! W dniach od 1 do 31 sierpnia 2024 mo\u017cesz kupi\u0107 dowolny program tej nowoczesnej linii 50% taniej. Promocj\u0105 obj\u0119te s\u0105 tak\u017ce rozszerzenia do nexo PRO.<\/p>\n<p>Jak skorzysta\u0107 z promocji<\/p>\n<p>Aby kupi\u0107 program InsERT nexo PRO 50% taniej, wystarczy skorzysta\u0107 ze specjalnego kodu rabatowego.<br \/>\nRozszerzenia w promocyjnej cenie mo\u017cna kupowa\u0107 bez kodu, przez ca\u0142y okres trwania promocji.<br \/>\nKod rabatowy mo\u017cesz uzyska\u0107 na kilka sposob\u00f3w:<br \/>\nWchodz\u0105c na t\u0119 stron\u0119 i uzupe\u0142niaj\u0105c swoje dane. Po weryfikacji otrzymasz e-mail z kodem na podany w zg\u0142oszeniu adres.<br \/>\nKontaktuj\u0105c si\u0119 z naszym Partnerem.<br \/>\nKontaktuj\u0105c si\u0119 bezpo\u015brednio z Dzia\u0142em Sprzeda\u017cy InsERT &#8211; tel. 71 78 76 110, e-mail: sprzedaz@insert.com.pl.<br \/>\nUzyskany kod rabatowy mo\u017cesz wykorzysta\u0107 na kupno dowolnego programu, kt\u00f3ry jest obj\u0119ty promocj\u0105.<br \/>\nSprawd\u017a szczeg\u00f3\u0142y promocji.<\/p>\n<p>Gestor nexo PRO to elastyczny system wspomagaj\u0105cy budowanie trwa\u0142ych relacji z klientami oraz zarz\u0105dzanie prac\u0105 w firmie. Dzi\u0119ki automatyzacji r\u00f3\u017cnych czynno\u015bci pozwala zaoszcz\u0119dzi\u0107 czas, zapewniaj\u0105c wi\u0119ksz\u0105 wydajno\u015b\u0107 i efektywno\u015b\u0107.<br \/>\nGestor nexo PRO umo\u017cliwia m.in: ewidencjonowanie szczeg\u00f3\u0142owych danych klient\u00f3w wraz z histori\u0105 kontakt\u00f3w, przedstawianie i negocjowanie ofert oraz prowadzenie korespondencji mailowej czy zbiorcz\u0105 wysy\u0142k\u0119 maili za pomoc\u0105 wbudowanego klienta pocztowego. Dzia\u0142a r\u00f3wnie\u017c w obszarze wewn\u0105trzfirmowym, organizuj\u0105c i usprawniaj\u0105c prac\u0119 \u2013 pozwala planowa\u0107 wykonanie zada\u0144 wraz z delegowaniem ich na pracownik\u00f3w, monitorowa\u0107 post\u0119py w wykonywaniu prac, rezerwowa\u0107 og\u00f3lnodost\u0119pne zasoby w firmie (np. pojazdy s\u0142u\u017cbowe).<br \/>\nGestor nexo PRO jest rozszerzon\u0105 wersj\u0105 Gestora nexo \u2013 opr\u00f3cz pe\u0142nej funkcjonalno\u015bci standardowego systemu zawiera wiele dodatkowych rozwi\u0105za\u0144, dzi\u0119ki kt\u00f3rym mo\u017cliwe jest \u0142atwe dostosowanie programu do specyficznych potrzeb firmy (tworzenie rozszerze\u0144 i dodawanie indywidualnych rozwi\u0105za\u0144, w\u0142asne pola, s\u0142owniki, flagi, raporty, wzorce wydruku itp.).<br \/>\nGestor nexo PRO jest \u015bci\u015ble zintegrowany z systemem sprzeda\u017cy Subiekt nexo, co umo\u017cliwia m.in. korzystanie ze wsp\u00f3lnych kartotek klient\u00f3w i asortymentu, cennik\u00f3w i promocji oraz \u0142atwe przekszta\u0142canie ofert w dowolne dokumenty handlowe i magazynowe.<br \/>\nPodstawowe mo\u017cliwo\u015bci Gestora nexo PRO<br \/>\nprzechowywanie i \u0142atwe wyszukiwanie z ka\u017cdego miejsca w systemie danych klient\u00f3w z uwzgl\u0119dnianiem danych istotnych dla CRM;<br \/>\newidencjonowanie historii kontakt\u00f3w z klientem, wykonanych dzia\u0142a\u0144 z jego udzia\u0142em, przedstawionych ofert i proces\u00f3w ofertowych, wystawionych dokument\u00f3w handlowych;<br \/>\ndefiniowanie i wykorzystywanie zbior\u00f3w klient\u00f3w (zestaw\u00f3w klient\u00f3w);<br \/>\nwszechstronna obs\u0142uga ofert dla klient\u00f3w, a tak\u017ce wielu ofert w ramach jednego procesu ofertowania oraz ich zbiorcze generowanie;<br \/>\nprzetwarzanie ofert w dokumenty magazynowe i handlowe (wymagana licencja na Subiekta nexo);<br \/>\nobs\u0142uga wielu walut na ofertach;<br \/>\nplanowanie i wykorzystywanie promocji;<br \/>\nwysy\u0142anie indywidualnych lub masowych wiadomo\u015bci SMS (np. sprzeda\u017cowych do klient\u00f3w, windykacyjnych do kontrahent\u00f3w, informacyjnych do pracownik\u00f3w);<br \/>\nplanowanie i wykonywanie dzia\u0142a\u0144 (zada\u0144, spotka\u0144, telefon\u00f3w, faks\u00f3w, list\u00f3w, notatek, rozm\u00f3w internetowych, wiadomo\u015bci e-mailowych) zar\u00f3wno dotycz\u0105cych klient\u00f3w, jak i niepowi\u0105zanych z klientami;<br \/>\nprzypomnienia o zaplanowanych dzia\u0142aniach oraz rejestrowanie czasu wykonania dzia\u0142a\u0144;<br \/>\nplanowanie i wykonywanie akcji automatycznych w dzia\u0142aniach;<br \/>\nmo\u017cliwo\u015b\u0107 wymiany informacji mi\u0119dzy uczestnikami poprzez komentarze w dzia\u0142aniach, procesach ofertowych oraz zleceniach serwisowych;<br \/>\ndla zlece\u0144 serwisowych mo\u017cliwo\u015b\u0107 generowania automatycznych dzia\u0142a\u0144, powiadomie\u0144 w formie wiadomo\u015bci e-mail oraz SMS;<br \/>\newidencjonowanie i rezerwowanie og\u00f3lnodost\u0119pnych zasob\u00f3w firmowych (np. samochod\u00f3w s\u0142u\u017cbowych);<br \/>\nwielowidokowy kalendarz z zaplanowanymi czynno\u015bciami;<br \/>\n\u0142atwe zarz\u0105dzanie wiadomo\u015bciami e-mail poprzez wbudowanego klienta pocztowego obs\u0142uguj\u0105cego protok\u00f3\u0142 IMAP;<br \/>\ntworzenie zbiorczych wysy\u0142ek e-maili z u\u017cyciem autotekst\u00f3w;<br \/>\nnarz\u0119dzia usprawniaj\u0105ce obs\u0142ug\u0119 e-maili, m.in. sprawdzanie poprawno\u015bci pisowni (w j\u0119zyku polskim, angielskim, niemieckim i rosyjskim), kontrola obecno\u015bci za\u0142\u0105cznik\u00f3w, regu\u0142y wiadomo\u015bci itp.;<br \/>\nsystem raportowania z mo\u017cliwo\u015bci\u0105 przetwarzania wynik\u00f3w raport\u00f3w;<br \/>\nbiblioteka za\u0142\u0105cznik\u00f3w umo\u017cliwiaj\u0105ca ewidencjonowanie zewn\u0119trznych plik\u00f3w (np. um\u00f3w w formacie pdf);<br \/>\noznaczanie obiekt\u00f3w flagami;<br \/>\nmo\u017cliwo\u015b\u0107 pracy jedno- i wielostanowiskowej;<br \/>\nmo\u017cliwo\u015b\u0107 przeniesienia danych z Gestora GT.<br \/>\nDodatkowe rozwi\u0105zania dost\u0119pne w wersji PRO<br \/>\nSfera dla Gestora \u2013 mo\u017cliwo\u015b\u0107 tworzenia w\u0142asnych rozwi\u0105za\u0144 (szczeg\u00f3\u0142owy opis i dokumentacja techniczna w nexo SDK &#8211; pobierz);<br \/>\noferty wielowariantowe;<br \/>\ntzw. punkty rozszerzania \u2013 mo\u017cliwo\u015b\u0107 rozszerzania logiki biznesowej o w\u0142asne algorytmy (np. w\u0142asne definicje zestaw\u00f3w dynamicznych klient\u00f3w, w\u0142asne akcje automatyczne);<br \/>\nzaawansowane pola w\u0142asne wraz ze s\u0142ownikami w\u0142asnymi (klienci, oferty, dzia\u0142ania, procesy ofertowe, asortyment);<br \/>\nwydruki w\u0142asne;<br \/>\nraporty w\u0142asne;<br \/>\nflagi w\u0142asne definiowane dla konkretnych obszar\u00f3w biznesowych (np. dokument\u00f3w sprzeda\u017cy);<br \/>\ndedykowane widoki w modu\u0142ach;<br \/>\ndefiniowanie w\u0142asnych r\u00f3l u\u017cytkownik\u00f3w;<br \/>\ndefiniowanie oddzia\u0142\u00f3w;<br \/>\ndefiniowanie wielu dostawc\u00f3w w danych asortymentu;<br \/>\nobs\u0142uga zamiennik\u00f3w asortymentu;<br \/>\nbiblioteka za\u0142\u0105cznik\u00f3w (powy\u017cej 1000 za\u0142\u0105cznik\u00f3w).<br \/>\nWymagania systemowe<br \/>\nInsERT Gestor nexo PRO &#8211; aktualne wymagania systemowe.<\/p>\n","protected":false},"excerpt":{"rendered":"<p>Testowy produkt<\/p>\n","protected":false},"featured_media":1204,"comment_status":"open","ping_status":"closed","template":"","meta":[],"product_brand":[],"product_cat":[37],"product_tag":[],"class_list":{"0":"post-1205","1":"product","2":"type-product","3":"status-publish","4":"has-post-thumbnail","6":"product_cat-crm-i-obsluga-klienta","8":"first","9":"instock","10":"featured","11":"shipping-taxable","12":"purchasable","13":"product-type-simple"},"_links":{"self":[{"href":"https:\/\/wwsystem.com.pl\/dev\/wp-json\/wp\/v2\/product\/1205"}],"collection":[{"href":"https:\/\/wwsystem.com.pl\/dev\/wp-json\/wp\/v2\/product"}],"about":[{"href":"https:\/\/wwsystem.com.pl\/dev\/wp-json\/wp\/v2\/types\/product"}],"replies":[{"embeddable":true,"href":"https:\/\/wwsystem.com.pl\/dev\/wp-json\/wp\/v2\/comments?post=1205"}],"version-history":[{"count":0,"href":"https:\/\/wwsystem.com.pl\/dev\/wp-json\/wp\/v2\/product\/1205\/revisions"}],"wp:featuredmedia":[{"embeddable":true,"href":"https:\/\/wwsystem.com.pl\/dev\/wp-json\/wp\/v2\/media\/1204"}],"wp:attachment":[{"href":"https:\/\/wwsystem.com.pl\/dev\/wp-json\/wp\/v2\/media?parent=1205"}],"wp:term":[{"taxonomy":"product_brand","embeddable":true,"href":"https:\/\/wwsystem.com.pl\/dev\/wp-json\/wp\/v2\/product_brand?post=1205"},{"taxonomy":"product_cat","embeddable":true,"href":"https:\/\/wwsystem.com.pl\/dev\/wp-json\/wp\/v2\/product_cat?post=1205"},{"taxonomy":"product_tag","embeddable":true,"href":"https:\/\/wwsystem.com.pl\/dev\/wp-json\/wp\/v2\/product_tag?post=1205"}],"curies":[{"name":"wp","href":"https:\/\/api.w.org\/{rel}","templated":true}]}}