{"id":1207,"date":"2024-08-08T13:04:43","date_gmt":"2024-08-08T13:04:43","guid":{"rendered":"https:\/\/wwsystem.com.pl\/dev\/produkt\/gestor-nexo-licencja-elektroniczna-na-1-st\/"},"modified":"2024-08-08T13:04:43","modified_gmt":"2024-08-08T13:04:43","slug":"gestor-nexo-licencja-elektroniczna-na-1-st","status":"publish","type":"product","link":"https:\/\/wwsystem.com.pl\/dev\/produkt\/gestor-nexo-licencja-elektroniczna-na-1-st\/","title":{"rendered":"Gestor nexo (licencja elektroniczna na 1 st.)"},"content":{"rendered":"<p>Opis<br \/>\nGestor nexo (licencja elektroniczna na 1 stanowisko)<br \/>\nLicencja InsERT nexo<br \/>\nCharakterystyka<br \/>\nGestor nexo to program wspomagaj\u0105cy budowanie trwa\u0142ych relacji z klientami oraz zarz\u0105dzanie prac\u0105 w firmie. Dzi\u0119ki automatyzacji r\u00f3\u017cnych czynno\u015bci pozwala zaoszcz\u0119dzi\u0107 czas, zapewniaj\u0105c wi\u0119ksz\u0105 wydajno\u015b\u0107 i efektywno\u015b\u0107.<br \/>\nGestor nexo umo\u017cliwia m.in: ewidencjonowanie szczeg\u00f3\u0142owych danych klient\u00f3w wraz z histori\u0105 kontakt\u00f3w, przedstawianie i negocjowanie ofert oraz prowadzenie korespondencji mailowej czy zbiorcz\u0105 wysy\u0142k\u0119 maili za pomoc\u0105 wbudowanego klienta pocztowego. Dzia\u0142a r\u00f3wnie\u017c w obszarze wewn\u0105trzfirmowym, organizuj\u0105c i usprawniaj\u0105c prac\u0119 \u2013 pozwala planowa\u0107 wykonanie zada\u0144 wraz z delegowaniem ich na pracownik\u00f3w, monitorowa\u0107 post\u0119py w wykonywaniu prac, rezerwowa\u0107 og\u00f3lnodost\u0119pne zasoby w firmie (np. pojazdy s\u0142u\u017cbowe).<br \/>\n\u015acis\u0142a integracja z systemem sprzeda\u017cy Subiekt nexo umo\u017cliwia m.in. korzystanie ze wsp\u00f3lnych kartotek klient\u00f3w i asortymentu, cennik\u00f3w i promocji oraz \u0142atwe przekszta\u0142canie ofert w dowolne dokumenty handlowe i magazynowe.<br \/>\nNajwa\u017cniejsze mo\u017cliwo\u015bci Gestora nexo<br \/>\nprzechowywanie i \u0142atwe wyszukiwanie z ka\u017cdego miejsca w systemie danych klient\u00f3w z uwzgl\u0119dnianiem danych istotnych dla CRM;<br \/>\newidencjonowanie historii kontakt\u00f3w z klientem, wykonanych dzia\u0142a\u0144 z jego udzia\u0142em, przedstawionych ofert i proces\u00f3w ofertowych, wystawionych dokument\u00f3w handlowych;<br \/>\ndefiniowanie i wykorzystywanie zbior\u00f3w klient\u00f3w (zestaw\u00f3w klient\u00f3w);<br \/>\nwszechstronna obs\u0142uga ofert dla klient\u00f3w, a tak\u017ce wielu ofert w ramach jednego procesu ofertowania oraz ich zbiorcze generowanie;<br \/>\nprzetwarzanie ofert w dokumenty magazynowe i handlowe (wymagana licencja na Subiekta nexo);<br \/>\nobs\u0142uga wielu walut na ofertach;<br \/>\nplanowanie i wykorzystywanie promocji;<br \/>\nplanowanie i wykonywanie dzia\u0142a\u0144 (zada\u0144, spotka\u0144, telefon\u00f3w, faks\u00f3w, list\u00f3w, notatek, rozm\u00f3w internetowych, wiadomo\u015bci e-mailowych) zar\u00f3wno dotycz\u0105cych klient\u00f3w, jak i niepowi\u0105zanych z klientami;<br \/>\nprzypomnienia o zaplanowanych dzia\u0142aniach oraz rejestrowanie czasu wykonania dzia\u0142a\u0144;<br \/>\nplanowanie i wykonywanie akcji automatycznych w dzia\u0142aniach;<br \/>\nmo\u017cliwo\u015b\u0107 wymiany informacji mi\u0119dzy uczestnikami poprzez komentarze w dzia\u0142aniach oraz procesach ofertowych;<br \/>\newidencjonowanie i rezerwowanie og\u00f3lnodost\u0119pnych zasob\u00f3w firmowych (np. samochod\u00f3w s\u0142u\u017cbowych);<br \/>\nwielowidokowy kalendarz z zaplanowanymi czynno\u015bciami;<br \/>\n\u0142atwe zarz\u0105dzanie wiadomo\u015bciami e-mail poprzez wbudowanego klienta pocztowego obs\u0142uguj\u0105cego protok\u00f3\u0142 IMAP;<br \/>\ntworzenie zbiorczych wysy\u0142ek e-maili z u\u017cyciem autotekst\u00f3w;<br \/>\nnarz\u0119dzia usprawniaj\u0105ce obs\u0142ug\u0119 e-maili \u2013 m.in. sprawdzanie poprawno\u015bci pisowni, kontrola obecno\u015bci za\u0142\u0105cznik\u00f3w, regu\u0142y wiadomo\u015bci itp.;<br \/>\nsystem raportowania z mo\u017cliwo\u015bci\u0105 przetwarzania wynik\u00f3w raport\u00f3w;<br \/>\nbiblioteka dokument\u00f3w umo\u017cliwiaj\u0105ca ewidencjonowanie zewn\u0119trznych plik\u00f3w (np. um\u00f3w w formacie pdf);<br \/>\noznaczanie obiekt\u00f3w flagami;<br \/>\nmo\u017cliwo\u015b\u0107 pracy jedno- i wielostanowiskowej;<br \/>\nmo\u017cliwo\u015b\u0107 przeniesienia danych z Gestora GT.<br \/>\nObs\u0142uga RODO<br \/>\nZarz\u0105dzaj baz\u0105 klient\u00f3w zgodnie z prawem korzystaj\u0105c z programu Gestor nexo:<br \/>\ncele i zgody na przetwarzanie danych;<br \/>\nobowi\u0105zki informacyjne;<br \/>\nochrona danych;<br \/>\nprawo do zapomnienia (anonimizacja);<br \/>\nrejestr czynno\u015bci przetwarzania.<br \/>\nWymagania systemowe<br \/>\nInsERT Gestor nexo &#8211; aktualne wymagania systemowe.<\/p>\n","protected":false},"excerpt":{"rendered":"<p>Testowy produkt<\/p>\n","protected":false},"featured_media":1206,"comment_status":"open","ping_status":"closed","template":"","meta":[],"product_brand":[],"product_cat":[37],"product_tag":[],"class_list":{"0":"post-1207","1":"product","2":"type-product","3":"status-publish","4":"has-post-thumbnail","6":"product_cat-crm-i-obsluga-klienta","8":"first","9":"instock","10":"shipping-taxable","11":"purchasable","12":"product-type-simple"},"_links":{"self":[{"href":"https:\/\/wwsystem.com.pl\/dev\/wp-json\/wp\/v2\/product\/1207"}],"collection":[{"href":"https:\/\/wwsystem.com.pl\/dev\/wp-json\/wp\/v2\/product"}],"about":[{"href":"https:\/\/wwsystem.com.pl\/dev\/wp-json\/wp\/v2\/types\/product"}],"replies":[{"embeddable":true,"href":"https:\/\/wwsystem.com.pl\/dev\/wp-json\/wp\/v2\/comments?post=1207"}],"version-history":[{"count":0,"href":"https:\/\/wwsystem.com.pl\/dev\/wp-json\/wp\/v2\/product\/1207\/revisions"}],"wp:featuredmedia":[{"embeddable":true,"href":"https:\/\/wwsystem.com.pl\/dev\/wp-json\/wp\/v2\/media\/1206"}],"wp:attachment":[{"href":"https:\/\/wwsystem.com.pl\/dev\/wp-json\/wp\/v2\/media?parent=1207"}],"wp:term":[{"taxonomy":"product_brand","embeddable":true,"href":"https:\/\/wwsystem.com.pl\/dev\/wp-json\/wp\/v2\/product_brand?post=1207"},{"taxonomy":"product_cat","embeddable":true,"href":"https:\/\/wwsystem.com.pl\/dev\/wp-json\/wp\/v2\/product_cat?post=1207"},{"taxonomy":"product_tag","embeddable":true,"href":"https:\/\/wwsystem.com.pl\/dev\/wp-json\/wp\/v2\/product_tag?post=1207"}],"curies":[{"name":"wp","href":"https:\/\/api.w.org\/{rel}","templated":true}]}}