{"id":1211,"date":"2024-08-08T13:04:43","date_gmt":"2024-08-08T13:04:43","guid":{"rendered":"https:\/\/wwsystem.com.pl\/dev\/produkt\/gestor-gt-licencja-elektroniczna\/"},"modified":"2024-08-08T13:04:43","modified_gmt":"2024-08-08T13:04:43","slug":"gestor-gt-licencja-elektroniczna","status":"publish","type":"product","link":"https:\/\/wwsystem.com.pl\/dev\/produkt\/gestor-gt-licencja-elektroniczna\/","title":{"rendered":"Gestor GT (licencja elektroniczna)"},"content":{"rendered":"<p>Opis<br \/>\nGestor GT (licencja elektroniczna)<br \/>\nLicencja InsERT GT<br \/>\nCharakterystyka<br \/>\nGestor GT to wygodny i elastyczny system wspomagaj\u0105cy budowanie trwa\u0142ych relacji z klientami. Skutecznie wspiera r\u00f3\u017cnego rodzaju dzia\u0142ania handlowe i marketingowe, zapewniaj\u0105c wydajno\u015b\u0107 i komfort pracy. Jego wszechstronno\u015b\u0107 i mo\u017cliwo\u015b\u0107 dostosowania do w\u0142asnych potrzeb sprawiaj\u0105, \u017ce program mo\u017ce by\u0107 wykorzystywany w firmach o dowolnej specjalizacji.<br \/>\nGestor GT przeznaczony jest dla wszystkich tych, kt\u00f3rzy w centrum zainteresowania stawiaj\u0105 klienta. Sprawdza si\u0119 m.in. w dziale handlowym, marketingu, dziale obs\u0142ugi klienta, sekretariacie itp. Jest te\u017c przydatnym narz\u0119dziem dla mened\u017cer\u00f3w.<br \/>\nGestor GT w czytelny spos\u00f3b udost\u0119pnia wszystkie zgromadzone w systemie dane dotycz\u0105ce klient\u00f3w. Pozwala starannie wyselekcjonowa\u0107 grup\u0119 docelow\u0105, dzi\u0119ki czemu mo\u017cliwe jest lepsze dostosowanie dzia\u0142a\u0144 do konkretnych os\u00f3b. U\u0142atwia podejmowanie trafnych decyzji oraz przygotowanie odpowiednich strategii sprzeda\u017cy na podstawie r\u00f3\u017cnych zestawie\u0144. A wszystko to za pomoc\u0105 kilku ruch\u00f3w. Program zosta\u0142 skonstruowany tak, by zaoszcz\u0119dzi\u0107 czas i zapewni\u0107 maksymaln\u0105 efektywno\u015b\u0107 przy stosunkowo niskim nak\u0142adzie pracy.<br \/>\nGestor GT jest cz\u0119\u015bci\u0105 linii InsERT GT. Mo\u017ce dzia\u0142a\u0107 samodzielnie lub wsp\u00f3\u0142pracowa\u0107 z systemem sprzeda\u017cy Subiekt GT. Dzi\u0119ki \u015bcis\u0142emu powi\u0105zaniu tych program\u00f3w mo\u017cliwe jest korzystanie ze wsp\u00f3lnej kartoteki kontrahent\u00f3w i towar\u00f3w, wraz ze wszystkimi poziomami cen, rabatami i promocjami. Integracja z Subiektem GT umo\u017cliwia tak\u017ce \u0142atwe wystawianie dokument\u00f3w handlowych i obs\u0142ug\u0119 wielu magazyn\u00f3w.<br \/>\nNajwa\u017cniejsze mo\u017cliwo\u015bci Gestora GT<br \/>\nszybki dost\u0119p do wszystkich informacji dotycz\u0105cych klient\u00f3w: dzia\u0142a\u0144, wiadomo\u015bci, szans sprzeda\u017cy, dokument\u00f3w wystawionych w Subiekcie GT;<br \/>\nplanowanie i rejestrowanie w systemie dzia\u0142a\u0144 takich jak: spotkania, zadania, telefony, listy, faksy i rozmowy internetowe;<br \/>\n\u0142atwe wyszukiwanie klienta z dowolnego miejsca w programie;<br \/>\nkalendarz pokazuj\u0105cy zakres i termin czynno\u015bci do wykonania (w widoku miesi\u0119cznym, tygodniowym i dziennym) wraz z funkcj\u0105 przypominania;<br \/>\nwbudowany modu\u0142 poczty elektronicznej &#8211; automatyczne przypisywanie e-maili do odpowiednich klient\u00f3w, mo\u017cliwo\u015b\u0107 tworzenia wiadomo\u015bci zbiorczych (mailing) na podstawie zdefiniowanych szablon\u00f3w oraz p\u00f3l autotekstu;<br \/>\ndost\u0119p do pe\u0142nej historii kontakt\u00f3w z klientem (dzia\u0142ania, wiadomo\u015bci e-mail, wystawione dokumenty, wiarygodno\u015b\u0107 p\u0142atnicza, data ostatniego kontaktu, nazwisko opiekuna klienta, wysoko\u015b\u0107 udzielonych rabat\u00f3w itd.);<br \/>\nmo\u017cliwo\u015b\u0107 przydzielania zada\u0144 oraz sprawdzania post\u0119pu prac poszczeg\u00f3lnych pracownik\u00f3w;<br \/>\nliczne zestawienia (m.in. lejek sprzeda\u017cy, prognozowanie sprzeda\u017cy, skuteczno\u015b\u0107 sprzedawc\u00f3w, aktywno\u015b\u0107 u\u017cytkownik\u00f3w itp.), tak\u017ce generowane na podstawie informacji zawartych w Subiekcie GT (np. sprzeda\u017c wg asortymentu, raport o towarach);<br \/>\nmo\u017cliwo\u015b\u0107 dostosowania do w\u0142asnych potrzeb (m.in. dodawanie w\u0142asnych zestawie\u0144, dostosowanie wydruk\u00f3w, edytowalne s\u0142owniki, pola w\u0142asne, pasek szybkiego dodawania obiekt\u00f3w);<br \/>\npowi\u0105zania &#8211; mo\u017cliwo\u015b\u0107 tworzenia relacji mi\u0119dzy obiektami, takimi jak klienci, szanse sprzeda\u017cy, dzia\u0142ania i wiadomo\u015bci;<br \/>\nbiblioteka dokument\u00f3w;<br \/>\nschowek, w kt\u00f3rym mo\u017cna przechowywa\u0107 r\u00f3\u017cne obiekty (np. zadania, wiadomo\u015bci, klient\u00f3w, szanse sprzeda\u017cy) do p\u00f3\u017aniejszego wykorzystania;<br \/>\nobs\u0142uga walut (w tym pobieranie kurs\u00f3w walut przez Internet);<br \/>\nwygodny system notatek;<br \/>\nstrona g\u0142\u00f3wna zawieraj\u0105ca list\u0119 zada\u0144 dla u\u017cytkownika oraz prognoz\u0119 warto\u015bci sprzeda\u017cy liczon\u0105 na podstawie otwartych szans sprzeda\u017cy;<br \/>\nmo\u017cliwo\u015b\u0107 otwierania modu\u0142\u00f3w w wielu zak\u0142adkach;<br \/>\npraca sieciowa wielu u\u017cytkownik\u00f3w programu.<br \/>\nWymagania systemowe<br \/>\nInsERT Gestor GT &#8211; aktualne wymagania systemowe.<\/p>\n","protected":false},"excerpt":{"rendered":"<p>Testowy produkt<\/p>\n","protected":false},"featured_media":1210,"comment_status":"open","ping_status":"closed","template":"","meta":[],"product_brand":[],"product_cat":[37],"product_tag":[],"class_list":{"0":"post-1211","1":"product","2":"type-product","3":"status-publish","4":"has-post-thumbnail","6":"product_cat-crm-i-obsluga-klienta","8":"first","9":"instock","10":"shipping-taxable","11":"purchasable","12":"product-type-simple"},"_links":{"self":[{"href":"https:\/\/wwsystem.com.pl\/dev\/wp-json\/wp\/v2\/product\/1211"}],"collection":[{"href":"https:\/\/wwsystem.com.pl\/dev\/wp-json\/wp\/v2\/product"}],"about":[{"href":"https:\/\/wwsystem.com.pl\/dev\/wp-json\/wp\/v2\/types\/product"}],"replies":[{"embeddable":true,"href":"https:\/\/wwsystem.com.pl\/dev\/wp-json\/wp\/v2\/comments?post=1211"}],"version-history":[{"count":0,"href":"https:\/\/wwsystem.com.pl\/dev\/wp-json\/wp\/v2\/product\/1211\/revisions"}],"wp:featuredmedia":[{"embeddable":true,"href":"https:\/\/wwsystem.com.pl\/dev\/wp-json\/wp\/v2\/media\/1210"}],"wp:attachment":[{"href":"https:\/\/wwsystem.com.pl\/dev\/wp-json\/wp\/v2\/media?parent=1211"}],"wp:term":[{"taxonomy":"product_brand","embeddable":true,"href":"https:\/\/wwsystem.com.pl\/dev\/wp-json\/wp\/v2\/product_brand?post=1211"},{"taxonomy":"product_cat","embeddable":true,"href":"https:\/\/wwsystem.com.pl\/dev\/wp-json\/wp\/v2\/product_cat?post=1211"},{"taxonomy":"product_tag","embeddable":true,"href":"https:\/\/wwsystem.com.pl\/dev\/wp-json\/wp\/v2\/product_tag?post=1211"}],"curies":[{"name":"wp","href":"https:\/\/api.w.org\/{rel}","templated":true}]}}