{"id":1213,"date":"2024-08-08T13:04:44","date_gmt":"2024-08-08T13:04:44","guid":{"rendered":"https:\/\/wwsystem.com.pl\/dev\/produkt\/sfera-dla-gestora-gt-rozszerzenie-o-1-st-e-lic\/"},"modified":"2024-08-08T13:04:44","modified_gmt":"2024-08-08T13:04:44","slug":"sfera-dla-gestora-gt-rozszerzenie-o-1-st-e-lic","status":"publish","type":"product","link":"https:\/\/wwsystem.com.pl\/dev\/produkt\/sfera-dla-gestora-gt-rozszerzenie-o-1-st-e-lic\/","title":{"rendered":"Sfera dla Gestora GT &#8211; rozszerzenie o 1 st. (e-lic)"},"content":{"rendered":"<p>Opis<br \/>\nSfera dla Gestora GT &#8211; rozszerzenie 1 st. (licencja elektroniczna)<br \/>\nCharakterystyka<br \/>\nSfera dla Gestora GT to dodatek przeznaczony dla tych u\u017cytkownik\u00f3w programu Gestor GT, kt\u00f3rzy potrzebuj\u0105 indywidualnych rozwi\u0105za\u0144, dodatkowej funkcjonalno\u015bci lub automatyzacji cz\u0119sto wykonywanych prac. Dzi\u0119ki Sferze mo\u017cliwe jest rozbudowanie Gestora GT, dostosowanie systemu do specyfiki firmy i skonstruowanie nawet najbardziej wyszukanych rozwi\u0105za\u0144 informatycznych.<br \/>\nSfera dla Gestora GT pozwala m.in. na stworzenie rozwi\u0105za\u0144 umo\u017cliwiaj\u0105cych bezproblemow\u0105 wsp\u00f3\u0142prac\u0119 z wieloma aplikacjami, zapisuj\u0105cymi dane w bardzo r\u00f3\u017cnorodnych formatach. Sprawdzi si\u0119 tak\u017ce przy integracji Gestora GT z urz\u0105dzeniami wspieraj\u0105cymi prac\u0119 w biurze, takimi jak rejestratory czasu pracy, centralki telefoniczne, urz\u0105dzenia mobilne.<br \/>\nSfera dla Gestora GT powsta\u0142a w oparciu o znane technologie COM i OLE Automation. Wyszkolony serwisant lub informatyk firmy bez problemu stworzy takie rozwi\u0105zania, kt\u00f3re rozszerz\u0105 dotychczasow\u0105 funkcjonalno\u015b\u0107 programu i b\u0119d\u0105 u\u0142atwia\u0142y prac\u0119 z systemem, \u015bci\u015ble wed\u0142ug potrzeb przedsi\u0119biorstwa.<br \/>\nSfera dla Gestora GT umo\u017cliwia<br \/>\n\u015bcis\u0142e dopasowanie Gestora GT do potrzeb klienta uzale\u017cnionych od specyfiki prowadzonej firmy;<br \/>\nstworzenie zbiorczych operacji zamiast serii jednorazowych akcji, kt\u00f3re w danej firmie wykonywane s\u0105 bardzo cz\u0119sto i trzeba po\u015bwi\u0119ci\u0107 im wiele czasu;<br \/>\nnapisanie w\u0142asnych aplikacji, kt\u00f3re zintegruj\u0105 Gestora GT z posiadanymi przez u\u017cytkownika programami oraz urz\u0105dzeniami wspieraj\u0105cymi prac\u0119 w biurze;<br \/>\nimport do Gestora GT danych potencjalnych klient\u00f3w dostarczonych przez firmy zajmuj\u0105ce si\u0119 prowadzeniem baz adresowych kontrahent\u00f3w niezale\u017cnie od formatu, w jakim te bazy zostaj\u0105 dostarczone;<br \/>\nzastosowanie wielu innych rozwi\u0105za\u0144 stworzonych dok\u0142adnie wed\u0142ug potrzeb u\u017cytkownika.<br \/>\nKlientom, kt\u00f3rzy nie posiadaj\u0105 jeszcze Gestora GT, a chcieliby korzysta\u0107 z rozbudowanego systemu, otwartego na w\u0142asne modyfikacje, polecamy program Gestor GT Sfera &#8211; system zarz\u0105dzania relacjami z klientami wyposa\u017cony w dodatek Sfera dla Gestora GT.<br \/>\nUwaga! Aby m\u00f3c korzysta\u0107 ze Sfery, niezb\u0119dne jest aktywowanie bie\u017c\u0105cej wersji programu z linii InsERT GT, do kt\u00f3rego zosta\u0142a zakupiona Sfera.<\/p>\n","protected":false},"excerpt":{"rendered":"<p>Testowy produkt<\/p>\n","protected":false},"featured_media":1212,"comment_status":"open","ping_status":"closed","template":"","meta":[],"product_brand":[],"product_cat":[37],"product_tag":[],"class_list":{"0":"post-1213","1":"product","2":"type-product","3":"status-publish","4":"has-post-thumbnail","6":"product_cat-crm-i-obsluga-klienta","8":"first","9":"instock","10":"shipping-taxable","11":"purchasable","12":"product-type-simple"},"_links":{"self":[{"href":"https:\/\/wwsystem.com.pl\/dev\/wp-json\/wp\/v2\/product\/1213"}],"collection":[{"href":"https:\/\/wwsystem.com.pl\/dev\/wp-json\/wp\/v2\/product"}],"about":[{"href":"https:\/\/wwsystem.com.pl\/dev\/wp-json\/wp\/v2\/types\/product"}],"replies":[{"embeddable":true,"href":"https:\/\/wwsystem.com.pl\/dev\/wp-json\/wp\/v2\/comments?post=1213"}],"version-history":[{"count":0,"href":"https:\/\/wwsystem.com.pl\/dev\/wp-json\/wp\/v2\/product\/1213\/revisions"}],"wp:featuredmedia":[{"embeddable":true,"href":"https:\/\/wwsystem.com.pl\/dev\/wp-json\/wp\/v2\/media\/1212"}],"wp:attachment":[{"href":"https:\/\/wwsystem.com.pl\/dev\/wp-json\/wp\/v2\/media?parent=1213"}],"wp:term":[{"taxonomy":"product_brand","embeddable":true,"href":"https:\/\/wwsystem.com.pl\/dev\/wp-json\/wp\/v2\/product_brand?post=1213"},{"taxonomy":"product_cat","embeddable":true,"href":"https:\/\/wwsystem.com.pl\/dev\/wp-json\/wp\/v2\/product_cat?post=1213"},{"taxonomy":"product_tag","embeddable":true,"href":"https:\/\/wwsystem.com.pl\/dev\/wp-json\/wp\/v2\/product_tag?post=1213"}],"curies":[{"name":"wp","href":"https:\/\/api.w.org\/{rel}","templated":true}]}}