{"id":1217,"date":"2024-08-08T13:04:45","date_gmt":"2024-08-08T13:04:45","guid":{"rendered":"https:\/\/wwsystem.com.pl\/dev\/produkt\/zarezerwuj-pl-1-terminarz-licencja-na-12-miesiecy\/"},"modified":"2024-08-08T13:04:45","modified_gmt":"2024-08-08T13:04:45","slug":"zarezerwuj-pl-1-terminarz-licencja-na-12-miesiecy","status":"publish","type":"product","link":"https:\/\/wwsystem.com.pl\/dev\/produkt\/zarezerwuj-pl-1-terminarz-licencja-na-12-miesiecy\/","title":{"rendered":"zarezerwuj.pl &#8211; 1 terminarz &#8211; licencja na 12 miesi\u0119cy"},"content":{"rendered":"<p>Opis<br \/>\nzarezerwuj.pl &#8211; licencja roczna na 1 terminarz<br \/>\nCharakterystyka<br \/>\nzarezerwuj.pl to aplikacja daj\u0105ca mo\u017cliwo\u015b\u0107 sprawnego przyjmowania dowolnego typu<br \/>\nrezerwacji, rejestracji, prowadzenia wypo\u017cycze\u0144, wynajmu czy organizacji zaj\u0119\u0107.<br \/>\nKlienci mog\u0105 dokonywa\u0107 rezerwacji na trzy sposoby:<br \/>\nna miejscu,<br \/>\nprzez stron\u0119 www firmy,<br \/>\nze swojego smartfona.<br \/>\nWyszukiwanie wolnych termin\u00f3w, kontakt z klientami i pracownikami &#8211; zarezerwuj.pl automatyzuje te i wiele innych czynno\u015bci, znacz\u0105co skracaj\u0105c czas niezb\u0119dny do dokonania rezerwacji i zwi\u0119kszaj\u0105c zadowolenie klient\u00f3w, a w efekcie &#8211; przychody firmy.<br \/>\nNajwa\u017cniejsze funkcje zarezerwuj.pl<br \/>\nPrzejrzysty kalendarz<br \/>\nEstetyczny i \u0142atwy w obs\u0142udze kalendarz daje mo\u017cliwo\u015b\u0107 sprawnego przyjmowania dowolnego typu rezerwacji, rejestracji, prowadzenia wynajmu, wypo\u017cycze\u0144 czy organizacji zaj\u0119\u0107. Ka\u017cda firma mo\u017ce wybra\u0107 odpowiedni dla specyfiki swojej dzia\u0142alno\u015bci typ terminarza:<br \/>\ngodzinowy<br \/>\ndo rezerwacji us\u0142ug i spotka\u0144 na konkretne godziny;<br \/>\ndzienny<br \/>\nodpowiedni dla wszelkich wypo\u017cyczalni, do rezerwacji biurek czy miejsc parkingowych;<br \/>\ndobowy<br \/>\nwybierany pod wynajem apartament\u00f3w, pokoi, mieszka\u0144, domk\u00f3w letniskowych czy biur;<br \/>\nwydarzeniowy<br \/>\nidealny do planowania zaj\u0119\u0107 grupowych, szkole\u0144, konferencji i innych wydarze\u0144.<\/p>\n<p>Formularz rezerwacji na stronie www<br \/>\nMo\u017cliwo\u015b\u0107 umieszczenia formularza rezerwacji na w\u0142asnej stronie internetowej.<\/p>\n<p>Powiadomienia SMS<br \/>\nSystem automatycznie wysy\u0142a potwierdzenia rezerwacji oraz przypomnienia o nadchodz\u0105cych wizytach.<\/p>\n<p>P\u0142atno\u015bci online<br \/>\nWygodna i bezpieczna integracja z bramk\u0105 p\u0142atno\u015bci online, umo\u017cliwiaj\u0105ca pobieranie zar\u00f3wno zaliczek, jak i pe\u0142nych kwot za za us\u0142ug\u0119, wypo\u017cyczenie, wynajem, udzia\u0142 w wydarzeniu lub zapis na zaj\u0119cia.<\/p>\n<p>Rezerwacje na Facebooku, wizyt\u00f3wce Google i LinkedIn<br \/>\nAplikacja zarezerwuj.pl umo\u017cliwa zbieranie zg\u0142osze\u0144 bezpo\u015brednio na Facebooku, Google czy LinkedIn.<\/p>\n<p>Praca na urz\u0105dzeniach mobilnych<br \/>\nDzi\u0119ki responsywno\u015bci aplikacji u\u017cytkownicy mog\u0105 zarz\u0105dza\u0107 rezerwacjami z dowolnego miejsca i w dowolnym czasie.<\/p>\n<p>Generowanie raport\u00f3w i dokument\u00f3w<br \/>\nU\u017cytkownicy mog\u0105 w \u0142atwy spos\u00f3b uzyska\u0107 dost\u0119p do bie\u017c\u0105cych informacji o przychodach, popularno\u015bci us\u0142ug oraz danych klient\u00f3w.<\/p>\n<p>Uprawnienia u\u017cytkownik\u00f3w<br \/>\nKa\u017cdemu z u\u017cytkownik\u00f3w mo\u017cna przyzna\u0107 indywidualne uprawnienia dost\u0119pu do danych.<\/p>\n<p>W\u0142asna strona www<br \/>\n\u0141atwe tworzenie w\u0142asnej strony internetowej, dzi\u0119ki prostym szablonom, grafikom i formularzom.<\/p>\n<p>Sprzeda\u017c<br \/>\nIntegracja z programem sprzeda\u017cowym Subiekt GT oraz systemem ERP Navireo.<\/p>\n","protected":false},"excerpt":{"rendered":"<p>Testowy produkt<\/p>\n","protected":false},"featured_media":1216,"comment_status":"open","ping_status":"closed","template":"","meta":[],"product_brand":[],"product_cat":[36],"product_tag":[],"class_list":{"0":"post-1217","1":"product","2":"type-product","3":"status-publish","4":"has-post-thumbnail","6":"product_cat-system-rezerwacji","8":"first","9":"instock","10":"shipping-taxable","11":"purchasable","12":"product-type-simple"},"_links":{"self":[{"href":"https:\/\/wwsystem.com.pl\/dev\/wp-json\/wp\/v2\/product\/1217"}],"collection":[{"href":"https:\/\/wwsystem.com.pl\/dev\/wp-json\/wp\/v2\/product"}],"about":[{"href":"https:\/\/wwsystem.com.pl\/dev\/wp-json\/wp\/v2\/types\/product"}],"replies":[{"embeddable":true,"href":"https:\/\/wwsystem.com.pl\/dev\/wp-json\/wp\/v2\/comments?post=1217"}],"version-history":[{"count":0,"href":"https:\/\/wwsystem.com.pl\/dev\/wp-json\/wp\/v2\/product\/1217\/revisions"}],"wp:featuredmedia":[{"embeddable":true,"href":"https:\/\/wwsystem.com.pl\/dev\/wp-json\/wp\/v2\/media\/1216"}],"wp:attachment":[{"href":"https:\/\/wwsystem.com.pl\/dev\/wp-json\/wp\/v2\/media?parent=1217"}],"wp:term":[{"taxonomy":"product_brand","embeddable":true,"href":"https:\/\/wwsystem.com.pl\/dev\/wp-json\/wp\/v2\/product_brand?post=1217"},{"taxonomy":"product_cat","embeddable":true,"href":"https:\/\/wwsystem.com.pl\/dev\/wp-json\/wp\/v2\/product_cat?post=1217"},{"taxonomy":"product_tag","embeddable":true,"href":"https:\/\/wwsystem.com.pl\/dev\/wp-json\/wp\/v2\/product_tag?post=1217"}],"curies":[{"name":"wp","href":"https:\/\/api.w.org\/{rel}","templated":true}]}}