{"id":1231,"date":"2024-08-08T13:04:47","date_gmt":"2024-08-08T13:04:47","guid":{"rendered":"https:\/\/wwsystem.com.pl\/dev\/produkt\/gratyfikant-gt-rozszerzenie-o-5-podmiotow-e-lic\/"},"modified":"2024-08-08T13:04:47","modified_gmt":"2024-08-08T13:04:47","slug":"gratyfikant-gt-rozszerzenie-o-5-podmiotow-e-lic","status":"publish","type":"product","link":"https:\/\/wwsystem.com.pl\/dev\/produkt\/gratyfikant-gt-rozszerzenie-o-5-podmiotow-e-lic\/","title":{"rendered":"Gratyfikant GT &#8211; rozszerzenie o 5 podmiot\u00f3w (e-lic)"},"content":{"rendered":"<p>Opis<br \/>\nGratyfikant GT &#8211; rozszerzenie o kolejne 5 podmiot\u00f3w dla biur rachunkowych (e-lic)<br \/>\nCharakterystyka<br \/>\nLicencja programu Gratyfikant GT wprowadza ograniczenie do 5 podmiot\u00f3w gospodarczych obs\u0142ugiwanych przez biura rachunkowe.<br \/>\nKupno rozszerzenia umo\u017cliwi obs\u0142ug\u0119 kolejnych 5 podmiot\u00f3w.<br \/>\nRozszerzenie mo\u017cna kupowa\u0107 wielokrotnie, uzyskuj\u0105c mo\u017cliwo\u015b\u0107 obs\u0142ugi 10, 15, 20 podmiot\u00f3w itp.<\/p>\n","protected":false},"excerpt":{"rendered":"<p>Testowy produkt<\/p>\n","protected":false},"featured_media":1230,"comment_status":"open","ping_status":"closed","template":"","meta":[],"product_brand":[],"product_cat":[39],"product_tag":[],"class_list":{"0":"post-1231","1":"product","2":"type-product","3":"status-publish","4":"has-post-thumbnail","6":"product_cat-rozszerzenia-insert-gt-dla-biur-rachunkowych","8":"first","9":"instock","10":"shipping-taxable","11":"purchasable","12":"product-type-simple"},"_links":{"self":[{"href":"https:\/\/wwsystem.com.pl\/dev\/wp-json\/wp\/v2\/product\/1231"}],"collection":[{"href":"https:\/\/wwsystem.com.pl\/dev\/wp-json\/wp\/v2\/product"}],"about":[{"href":"https:\/\/wwsystem.com.pl\/dev\/wp-json\/wp\/v2\/types\/product"}],"replies":[{"embeddable":true,"href":"https:\/\/wwsystem.com.pl\/dev\/wp-json\/wp\/v2\/comments?post=1231"}],"version-history":[{"count":0,"href":"https:\/\/wwsystem.com.pl\/dev\/wp-json\/wp\/v2\/product\/1231\/revisions"}],"wp:featuredmedia":[{"embeddable":true,"href":"https:\/\/wwsystem.com.pl\/dev\/wp-json\/wp\/v2\/media\/1230"}],"wp:attachment":[{"href":"https:\/\/wwsystem.com.pl\/dev\/wp-json\/wp\/v2\/media?parent=1231"}],"wp:term":[{"taxonomy":"product_brand","embeddable":true,"href":"https:\/\/wwsystem.com.pl\/dev\/wp-json\/wp\/v2\/product_brand?post=1231"},{"taxonomy":"product_cat","embeddable":true,"href":"https:\/\/wwsystem.com.pl\/dev\/wp-json\/wp\/v2\/product_cat?post=1231"},{"taxonomy":"product_tag","embeddable":true,"href":"https:\/\/wwsystem.com.pl\/dev\/wp-json\/wp\/v2\/product_tag?post=1231"}],"curies":[{"name":"wp","href":"https:\/\/api.w.org\/{rel}","templated":true}]}}