{"id":1233,"date":"2024-08-08T13:04:48","date_gmt":"2024-08-08T13:04:48","guid":{"rendered":"https:\/\/wwsystem.com.pl\/dev\/produkt\/subiekt-gt-licencja-oddzialowa-na-prace-zdalna-licencja-elektroniczna\/"},"modified":"2024-08-08T13:04:48","modified_gmt":"2024-08-08T13:04:48","slug":"subiekt-gt-licencja-oddzialowa-na-prace-zdalna-licencja-elektroniczna","status":"publish","type":"product","link":"https:\/\/wwsystem.com.pl\/dev\/produkt\/subiekt-gt-licencja-oddzialowa-na-prace-zdalna-licencja-elektroniczna\/","title":{"rendered":"Subiekt GT &#8211; licencja oddzia\u0142owa na prac\u0119 zdaln\u0105 (licencja elektroniczna)"},"content":{"rendered":"<p>Opis<br \/>\nSubiekt GT &#8211; licencja oddzia\u0142owa na prac\u0119 zdaln\u0105 (e-lic)<br \/>\nSubiekt GT &#8211; licencja oddzia\u0142owa na prac\u0119 zdaln\u0105<br \/>\nCharakterystyka<br \/>\nLicencja na prac\u0119 zdaln\u0105\/oddzia\u0142ow\u0105 uprawnia przedsi\u0119biorstwo u\u017cywaj\u0105ce zdalnie stanowisk w oddzia\u0142ach (po\u0142\u0105czenie online z danymi zlokalizowanymi w centrali) do u\u017cytkowania w tych oddzia\u0142ach stanowisk Subiekta GT, bez konieczno\u015bci zakupu pe\u0142nego pakietu programu dla ka\u017cdego oddzia\u0142u.<br \/>\nOznacza to, \u017ce np. firma posiadaj\u0105ca jedno stanowisko w centrali i po jednym w oddzia\u0142ach nie musi kupowa\u0107 trzech podstawowych pakiet\u00f3w Subiekta GT, lecz mo\u017ce naby\u0107 jeden pakiet (obejmuj\u0105cy prac\u0119 na 3 stanowiskach) oraz dwie licencje oddzia\u0142owe. Rozwi\u0105zanie to pozwala obni\u017cy\u0107 koszty zwi\u0105zane z zakupem licencji i dodatkowo daje mo\u017cliwo\u015b\u0107 bardzo elastycznego zarz\u0105dzania licencjami stanowiskowymi.<br \/>\nNale\u017cy zaznaczy\u0107, \u017ce licencja oddzia\u0142owa nie zawiera w sobie \u017cadnych stanowisk, upowa\u017cnia za to do wykorzystania w oddziale stanowisk z ca\u0142ej puli zakupionych przez firm\u0119. Jest to podstawowa zaleta takiej licencji, pozwala bowiem na dowoln\u0105 konfiguracj\u0119 stanowisk w oddzia\u0142ach.<\/p>\n","protected":false},"excerpt":{"rendered":"<p>Testowy produkt<\/p>\n","protected":false},"featured_media":1232,"comment_status":"open","ping_status":"closed","template":"","meta":[],"product_brand":[],"product_cat":[40],"product_tag":[],"class_list":{"0":"post-1233","1":"product","2":"type-product","3":"status-publish","4":"has-post-thumbnail","6":"product_cat-sprzedaz-i-crm","8":"first","9":"instock","10":"shipping-taxable","11":"purchasable","12":"product-type-simple"},"_links":{"self":[{"href":"https:\/\/wwsystem.com.pl\/dev\/wp-json\/wp\/v2\/product\/1233"}],"collection":[{"href":"https:\/\/wwsystem.com.pl\/dev\/wp-json\/wp\/v2\/product"}],"about":[{"href":"https:\/\/wwsystem.com.pl\/dev\/wp-json\/wp\/v2\/types\/product"}],"replies":[{"embeddable":true,"href":"https:\/\/wwsystem.com.pl\/dev\/wp-json\/wp\/v2\/comments?post=1233"}],"version-history":[{"count":0,"href":"https:\/\/wwsystem.com.pl\/dev\/wp-json\/wp\/v2\/product\/1233\/revisions"}],"wp:featuredmedia":[{"embeddable":true,"href":"https:\/\/wwsystem.com.pl\/dev\/wp-json\/wp\/v2\/media\/1232"}],"wp:attachment":[{"href":"https:\/\/wwsystem.com.pl\/dev\/wp-json\/wp\/v2\/media?parent=1233"}],"wp:term":[{"taxonomy":"product_brand","embeddable":true,"href":"https:\/\/wwsystem.com.pl\/dev\/wp-json\/wp\/v2\/product_brand?post=1233"},{"taxonomy":"product_cat","embeddable":true,"href":"https:\/\/wwsystem.com.pl\/dev\/wp-json\/wp\/v2\/product_cat?post=1233"},{"taxonomy":"product_tag","embeddable":true,"href":"https:\/\/wwsystem.com.pl\/dev\/wp-json\/wp\/v2\/product_tag?post=1233"}],"curies":[{"name":"wp","href":"https:\/\/api.w.org\/{rel}","templated":true}]}}