{"id":1241,"date":"2024-08-08T13:04:49","date_gmt":"2024-08-08T13:04:49","guid":{"rendered":"https:\/\/wwsystem.com.pl\/dev\/produkt\/rewizor-gt-licencja-oddzialowa-na-prace-zdalna-licencja-elektroniczna\/"},"modified":"2024-08-08T13:04:49","modified_gmt":"2024-08-08T13:04:49","slug":"rewizor-gt-licencja-oddzialowa-na-prace-zdalna-licencja-elektroniczna","status":"publish","type":"product","link":"https:\/\/wwsystem.com.pl\/dev\/produkt\/rewizor-gt-licencja-oddzialowa-na-prace-zdalna-licencja-elektroniczna\/","title":{"rendered":"Rewizor GT &#8211; licencja oddzia\u0142owa na prac\u0119 zdaln\u0105 (licencja elektroniczna)"},"content":{"rendered":"<p>Opis<br \/>\nRewizor GT &#8211; licencja oddzia\u0142owa na prac\u0119 zdaln\u0105 (e.lic)<br \/>\nRewizor GT &#8211; licencja oddzia\u0142owa na prac\u0119 zdaln\u0105<br \/>\nCharakterystyka<br \/>\nLicencja na prac\u0119 zdaln\u0105\/oddzia\u0142ow\u0105 do programu Rewizor GT umo\u017cliwia przetwarzanie danych wszystkich jednostek organizacyjnych przedsi\u0119biorstwa poza siedzib\u0105 jednostki organizacyjnej wskazanej w karcie rejestracyjnej licencji zwyk\u0142ej.<br \/>\nCelem wprowadzenia tego produktu jest legalna praca na danych przedsi\u0119biorstwa, np. w domu pracownika, w przypadku przetwarzania danych wszystkich jednostek organizacyjnych firmy, lub w innym oddziale firmy.<br \/>\nLicencja na prac\u0119 zdaln\u0105\/oddzia\u0142ow\u0105 ma form\u0119 aneksu do og\u00f3lnych &#8222;Warunk\u00f3w licencji&#8221; i wprowadza w nich kilka najistotniejszych zmian, kt\u00f3re umo\u017cliwi\u0105 prac\u0119 zdaln\u0105 na programach ksi\u0119gowych i kadrowo-p\u0142acowych z linii InsERT GT.<\/p>\n","protected":false},"excerpt":{"rendered":"<p>Testowy produkt<\/p>\n","protected":false},"featured_media":1240,"comment_status":"open","ping_status":"closed","template":"","meta":[],"product_brand":[],"product_cat":[41],"product_tag":[],"class_list":{"0":"post-1241","1":"product","2":"type-product","3":"status-publish","4":"has-post-thumbnail","6":"product_cat-ksiegowosc","8":"first","9":"instock","10":"shipping-taxable","11":"purchasable","12":"product-type-simple"},"_links":{"self":[{"href":"https:\/\/wwsystem.com.pl\/dev\/wp-json\/wp\/v2\/product\/1241"}],"collection":[{"href":"https:\/\/wwsystem.com.pl\/dev\/wp-json\/wp\/v2\/product"}],"about":[{"href":"https:\/\/wwsystem.com.pl\/dev\/wp-json\/wp\/v2\/types\/product"}],"replies":[{"embeddable":true,"href":"https:\/\/wwsystem.com.pl\/dev\/wp-json\/wp\/v2\/comments?post=1241"}],"version-history":[{"count":0,"href":"https:\/\/wwsystem.com.pl\/dev\/wp-json\/wp\/v2\/product\/1241\/revisions"}],"wp:featuredmedia":[{"embeddable":true,"href":"https:\/\/wwsystem.com.pl\/dev\/wp-json\/wp\/v2\/media\/1240"}],"wp:attachment":[{"href":"https:\/\/wwsystem.com.pl\/dev\/wp-json\/wp\/v2\/media?parent=1241"}],"wp:term":[{"taxonomy":"product_brand","embeddable":true,"href":"https:\/\/wwsystem.com.pl\/dev\/wp-json\/wp\/v2\/product_brand?post=1241"},{"taxonomy":"product_cat","embeddable":true,"href":"https:\/\/wwsystem.com.pl\/dev\/wp-json\/wp\/v2\/product_cat?post=1241"},{"taxonomy":"product_tag","embeddable":true,"href":"https:\/\/wwsystem.com.pl\/dev\/wp-json\/wp\/v2\/product_tag?post=1241"}],"curies":[{"name":"wp","href":"https:\/\/api.w.org\/{rel}","templated":true}]}}