{"id":1247,"date":"2024-08-08T13:04:51","date_gmt":"2024-08-08T13:04:51","guid":{"rendered":"https:\/\/wwsystem.com.pl\/dev\/produkt\/gratyfikant-gt-licencja-oddzialowa-na-prace-zdalna-e-lic-dla-biur-rachunkowych\/"},"modified":"2024-08-08T13:04:51","modified_gmt":"2024-08-08T13:04:51","slug":"gratyfikant-gt-licencja-oddzialowa-na-prace-zdalna-e-lic-dla-biur-rachunkowych","status":"publish","type":"product","link":"https:\/\/wwsystem.com.pl\/dev\/produkt\/gratyfikant-gt-licencja-oddzialowa-na-prace-zdalna-e-lic-dla-biur-rachunkowych\/","title":{"rendered":"Gratyfikant GT &#8211; licencja oddzia\u0142owa na prac\u0119 zdaln\u0105 (e-lic.) dla biur rachunkowych"},"content":{"rendered":"<p>Opis<br \/>\nGratyfikant GT &#8211; licencja oddzia\u0142owa na prac\u0119 zdaln\u0105 dla biura rachunkowego (e.lic)<br \/>\nGratyfikant GT &#8211; licencja oddzia\u0142owa na prac\u0119 zdaln\u0105 dla biur rachunkowych<br \/>\nCharakterystyka<br \/>\nLicencja na prac\u0119 zdaln\u0105\/oddzia\u0142ow\u0105 do programu Gratyfikant GT jest dost\u0119pna w dw\u00f3ch wersjach dla biur rachunkowych oraz dla pozosta\u0142ych firm, kt\u00f3re chc\u0105 mie\u0107 mo\u017cliwo\u015b\u0107 korzystania z programu poza miejscem wskazanym w karcie rejestracyjnej.<br \/>\nW przypadku licencji na prac\u0119 zdaln\u0105\/oddzia\u0142ow\u0105 przeznaczonej dla biur rachunkowych mo\u017cliwa jest praca:<br \/>\nw jednostce organizacyjnej klienta biura \u2013 mog\u0105 tam by\u0107 przetwarzane dane wy\u0142\u0105cznie tego klienta;<br \/>\npoza biurem oraz poza jednostk\u0105 klienta, czyli np. w prywatnym mieszkaniu pracownika biura;<br \/>\nna komputerze przeno\u015bnym przypisanym do jednostki organizacyjnej biura, niezale\u017cnie od miejsca pracy na tym komputerze, r\u00f3wnie\u017c w siedzibie klienta biura \u2013 w tym wypadku obowi\u0105zuje jednak ograniczenie czasowe do 12 godzin pracy miesi\u0119cznie w siedzibie danego klienta.<br \/>\nLicencja na prac\u0119 zdaln\u0105\/oddzia\u0142ow\u0105 ma form\u0119 aneksu do og\u00f3lnych &#8222;Warunk\u00f3w licencji&#8221; i wprowadza w nich kilka najistotniejszych zmian, kt\u00f3re umo\u017cliwi\u0105 prac\u0119 zdaln\u0105 na programach ksi\u0119gowych i kadrowo-p\u0142acowych z linii InsERT GT.<\/p>\n","protected":false},"excerpt":{"rendered":"<p>Testowy produkt<\/p>\n","protected":false},"featured_media":1246,"comment_status":"open","ping_status":"closed","template":"","meta":[],"product_brand":[],"product_cat":[35],"product_tag":[],"class_list":{"0":"post-1247","1":"product","2":"type-product","3":"status-publish","4":"has-post-thumbnail","6":"product_cat-kadry-i-place","8":"first","9":"instock","10":"shipping-taxable","11":"purchasable","12":"product-type-simple"},"_links":{"self":[{"href":"https:\/\/wwsystem.com.pl\/dev\/wp-json\/wp\/v2\/product\/1247"}],"collection":[{"href":"https:\/\/wwsystem.com.pl\/dev\/wp-json\/wp\/v2\/product"}],"about":[{"href":"https:\/\/wwsystem.com.pl\/dev\/wp-json\/wp\/v2\/types\/product"}],"replies":[{"embeddable":true,"href":"https:\/\/wwsystem.com.pl\/dev\/wp-json\/wp\/v2\/comments?post=1247"}],"version-history":[{"count":0,"href":"https:\/\/wwsystem.com.pl\/dev\/wp-json\/wp\/v2\/product\/1247\/revisions"}],"wp:featuredmedia":[{"embeddable":true,"href":"https:\/\/wwsystem.com.pl\/dev\/wp-json\/wp\/v2\/media\/1246"}],"wp:attachment":[{"href":"https:\/\/wwsystem.com.pl\/dev\/wp-json\/wp\/v2\/media?parent=1247"}],"wp:term":[{"taxonomy":"product_brand","embeddable":true,"href":"https:\/\/wwsystem.com.pl\/dev\/wp-json\/wp\/v2\/product_brand?post=1247"},{"taxonomy":"product_cat","embeddable":true,"href":"https:\/\/wwsystem.com.pl\/dev\/wp-json\/wp\/v2\/product_cat?post=1247"},{"taxonomy":"product_tag","embeddable":true,"href":"https:\/\/wwsystem.com.pl\/dev\/wp-json\/wp\/v2\/product_tag?post=1247"}],"curies":[{"name":"wp","href":"https:\/\/api.w.org\/{rel}","templated":true}]}}