{"id":1249,"date":"2024-08-08T13:04:51","date_gmt":"2024-08-08T13:04:51","guid":{"rendered":"https:\/\/wwsystem.com.pl\/dev\/produkt\/biuro-nexo-licencja-elektroniczna-zarezerwuj-pl\/"},"modified":"2024-08-08T13:04:51","modified_gmt":"2024-08-08T13:04:51","slug":"biuro-nexo-licencja-elektroniczna-zarezerwuj-pl","status":"publish","type":"product","link":"https:\/\/wwsystem.com.pl\/dev\/produkt\/biuro-nexo-licencja-elektroniczna-zarezerwuj-pl\/","title":{"rendered":"Biuro nexo (licencja elektroniczna) + zarezerwuj.pl"},"content":{"rendered":"<p>Opis<br \/>\nBiuro nexo &#8211; system wspomagania pracy biura rachunkowego (licencja elektroniczna). Kupuj\u0105c program otrzymasz dodatkowo licencj\u0119 do systemu zarezerwuj.pl na 12 miesi\u0119cy bezp\u0142atnie.<br \/>\nLicencja InsERT nexo<br \/>\nCharakterystyka<br \/>\nZosta\u0144 biurem PRO! W dniach od 1 do 31 lipca 2024 mo\u017cesz kupi\u0107 dowolny program tej nowoczesnej linii lub zestaw dla biur rachunkowych 70% taniej. Promocj\u0105 obj\u0119te s\u0105 tak\u017ce rozszerzenia do nexo PRO. <\/p>\n<p>Jak skorzysta\u0107 z promocji<\/p>\n<p>Aby kupi\u0107 program InsERT nexo PRO lub zestaw dla biur rachunkowych 70% taniej, wystarczy skorzysta\u0107 ze specjalnego kodu rabatowego.<br \/>\nRozszerzenia w promocyjnej cenie mo\u017cna kupowa\u0107 bez kodu, przez ca\u0142y okres trwania promocji.<br \/>\nKod rabatowy mo\u017cesz uzyska\u0107 na kilka sposob\u00f3w:<br \/>\nWchodz\u0105c na t\u0119 stron\u0119 i uzupe\u0142niaj\u0105c swoje dane. Po weryfikacji otrzymasz e-mail z kodem na podany w zg\u0142oszeniu adres.<br \/>\nKontaktuj\u0105c si\u0119 z naszym Partnerem.<br \/>\nKontaktuj\u0105c si\u0119 bezpo\u015brednio z Dzia\u0142em Sprzeda\u017cy InsERT &#8211; tel. 71 78 76 110, e-mail: sprzedaz@insert.com.pl.<br \/>\nUzyskany kod rabatowy mo\u017cesz wykorzysta\u0107 na kupno dowolnego programu\/zestawu dla biur, kt\u00f3ry jest obj\u0119ty promocj\u0105.<br \/>\nSprawd\u017a szczeg\u00f3\u0142y promocji.<\/p>\n<p>Biuro nexo to program stworzony z my\u015bl\u0105 o biurach rachunkowych i doradcach podatkowych u\u017cywaj\u0105cych w codziennej pracy system\u00f3w z linii InsERT nexo. Wspiera biura rachunkowe w trzech g\u0142\u00f3wnych obszarach pracy:<br \/>\nwspomaga typowe czynno\u015bci wykonywane w ka\u017cdym biurze, jak np. rozliczanie klient\u00f3w czy \u015bledzenie stanu zaawansowania prac w comiesi\u0119cznej obs\u0142udze klient\u00f3w;<br \/>\nautomatyzuje prac\u0119 na wielu podmiotach systemu InsERT nexo;<br \/>\nu\u0142atwia komunikacj\u0119 z klientami biura poprzez dedykowany portal.<br \/>\nBiuro nexo jest integralnym sk\u0142adnikiem systemu InsERT nexo. Pracuje na tej samej bazie z innymi programami obs\u0142uguj\u0105cymi biuro rachunkowe. Dzi\u0119ki takiej architekturze zapewniony jest dost\u0119p do wszystkich mechanizm\u00f3w platformowych, takich jak: pola w\u0142asne, flagi, InsMAIL, zestawienia, wydruki, Sfera, biblioteka dokument\u00f3w i wiele innych.<br \/>\nNajwa\u017cniejsze mo\u017cliwo\u015bci Biura nexo<br \/>\ne-Sprawozdawczo\u015b\u0107 JPK_VAT \u2013 operacja e-Sprawozdawczo\u015b\u0107 JPK_VAT, kt\u00f3ra wchodzi w sk\u0142ad operacji zbiorczych, pozwala generowa\u0107 i wysy\u0142a\u0107 do Ministerstwo Finans\u00f3w podpisany plik kontrolny z ewidencj\u0105 VAT z danego miesi\u0105ca. Mo\u017cliwe jest generowanie plik\u00f3w na podstawie ewidencji VAT, a tak\u017ce scalenie zaimportowanych plik\u00f3w wewn\u0119trznych. System pozwala te\u017c na eksport plik\u00f3w XML, wysy\u0142k\u0119, odbi\u00f3r UPO, korekt\u0119. Ustalaj\u0105c parametry tych operacji nale\u017cy poda\u0107 \u015bcie\u017ck\u0119 eksportu pliku XML, wybra\u0107 bramk\u0119 (produkcyjn\u0105 lub testow\u0105) i wskaza\u0107 certyfikat. Mo\u017cna r\u00f3wnie\u017c wybra\u0107 dzia\u0142anie cykliczne dla danego miesi\u0105ca.<br \/>\nKlienci, cenniki \u2013 kartoteka klient\u00f3w Biura nexo zosta\u0142a zintegrowana z kartotek\u0105 klient\u00f3w InsERT nexo. Klientom mo\u017cna przypisywa\u0107 rozbudowane cenniki, na podstawie kt\u00f3rych system dokonuje wyceny pracy biura rachunkowego. Rozliczanie pomi\u0119dzy biurem rachunkowym a jego klientami wspieraj\u0105 odpowiednie raporty, a w przypadku posiadania programu Subiekt nexo tak\u017ce automatyczna funkcja generowania faktur dla klient\u00f3w.<br \/>\nRejestr us\u0142ug ksi\u0119gowych \u2013 pozwala odnotowywa\u0107 zdarzenia, kt\u00f3re dziej\u0105 si\u0119 poza systemem InsERT nexo, a kt\u00f3re biuro chce uj\u0105\u0107 w rozliczeniu za obs\u0142ug\u0119. Jako przyk\u0142ad mo\u017cna poda\u0107 konsultacje prawne, za\u0142atwianie spraw w urz\u0119dach w imieniu klienta i wiele innych.<br \/>\nWarunki umowy \u2013 elastyczny mechanizm pozwalaj\u0105cy zanotowa\u0107 najwa\u017cniejsze ustalenia poczynione pomi\u0119dzy biurem rachunkowym a klientem, tak aby zawsze by\u0142y \u201epod r\u0119k\u0105\u201d.<br \/>\nDzia\u0142ania cykliczne \u2013 struktury z\u0142o\u017cone z r\u00f3\u017cnych typ\u00f3w danych (tak\/nie, liczba ca\u0142kowita, liczba rzeczywista, tekst, data, s\u0142ownik, flaga), kt\u00f3rych zadaniem jest u\u0142atwienie \u015bledzenia zada\u0144 wykonywanych cyklicznie dla ka\u017cdego klienta, takich jak: wprowadzanie dokument\u00f3w, sporz\u0105dzanie deklaracji i sprawozda\u0144 finansowych, rozliczanie pojazd\u00f3w, naliczanie wynagrodze\u0144, wysy\u0142anie dokument\u00f3w, przekazywanie informacji i wiele innych.<br \/>\nWzorce klient\u00f3w biura \u2013 wzorce baz danych mog\u0105 by\u0107 wykorzystywane przy tworzeniu nowych klient\u00f3w. Mo\u017cna w nich zdefiniowa\u0107 obiekty sprofilowane pod klient\u00f3w z okre\u015blonej bran\u017cy, np.: schematy importu, piecz\u0119cie ksi\u0119gowe. Dzi\u0119ki nim mo\u017cliwe jest szybkie tworzenie skonfigurowanych podmiot\u00f3w dla nowych klient\u00f3w.<br \/>\nOperacje zbiorcze \u2013 mechanizm pozwalaj\u0105cy szybko wykonywa\u0107 operacje na wielu podmiotach systemu InsERT nexo. Dzi\u0119ki niemu mo\u017cna sprawnie wykona\u0107 typowe czynno\u015bci ksi\u0119gowe, jak naliczanie i wysy\u0142ka deklaracji, drukowanie ksi\u0105g czy ewidencji VAT lub zak\u0142adanie nowych okres\u00f3w obrachunkowych. Automatyzuje on te\u017c wiele operacji administracyjnych, jak np. zarz\u0105dzanie personelem, archiwizacja, dearchiwizacja czy konwersja podmiot\u00f3w do nowych wersji.<br \/>\nProgram mo\u017ce wsp\u00f3\u0142pracowa\u0107 z bazami danych podmiot\u00f3w w dw\u00f3ch trybach. Tryb restrykcyjny wymaga zgodno\u015bci kont i hase\u0142 pomi\u0119dzy baz\u0105 Biura nexo a baz\u0105 podmiotu. Tryb bez kontroli jest przeznaczony dla klient\u00f3w, kt\u00f3rzy chc\u0105 \u0142atwo wykonywa\u0107 operacje bez wi\u0119kszej dba\u0142o\u015bci o kwestie bezpiecze\u0144stwa.<br \/>\nPortal biura \u2013 najwygodniejszy i najszybszy spos\u00f3b dostarczania niezb\u0119dnych informacji klientom biura rachunkowego. Ksi\u0119gowy mo\u017ce w portalu opublikowa\u0107 najwa\u017cniejsze informacje finansowo-ksi\u0119gowe dla swego klienta, takie jak:<br \/>\ninformacje o kwotach podatk\u00f3w i sk\u0142adkach ZUS do zap\u0142acenia wraz z parametrami przelew\u00f3w;<br \/>\nszczeg\u00f3\u0142owe informacje o podatku dochodowym i podatku VAT;<br \/>\ninformacje o wynagrodzeniach pracownik\u00f3w;<br \/>\npodsumowania miesi\u0119czne poszczeg\u00f3lnych typ\u00f3w podatk\u00f3w wraz z rozrachunkami i wynagrodzeniami;<br \/>\nszczeg\u00f3\u0142owe raporty.<br \/>\nzarezerwuj.pl<br \/>\nzarezerwuj.pl to aplikacja webowa do umawiania wizyt na miejscu w biurze rachunkowym lub spotka\u0144 online. Bogata funkcjonalno\u015b\u0107 programu, w tym m.in. powiadomienia SMS oraz e-mail czy kalendarz rezerwacji, pomo\u017ce usprawni\u0107 prac\u0119 Twojego biura, dzi\u0119ki czemu oszcz\u0119dzisz czas i zarobisz wi\u0119cej.<br \/>\nWymagania systemowe<br \/>\nInsERT Biuro nexo &#8211; aktualne wymagania systemowe.<\/p>\n","protected":false},"excerpt":{"rendered":"<p>Testowy produkt<\/p>\n","protected":false},"featured_media":1248,"comment_status":"open","ping_status":"closed","template":"","meta":[],"product_brand":[],"product_cat":[44],"product_tag":[],"class_list":{"0":"post-1249","1":"product","2":"type-product","3":"status-publish","4":"has-post-thumbnail","6":"product_cat-obsluga-biura-rachunkowego","8":"first","9":"instock","10":"featured","11":"shipping-taxable","12":"purchasable","13":"product-type-simple"},"_links":{"self":[{"href":"https:\/\/wwsystem.com.pl\/dev\/wp-json\/wp\/v2\/product\/1249"}],"collection":[{"href":"https:\/\/wwsystem.com.pl\/dev\/wp-json\/wp\/v2\/product"}],"about":[{"href":"https:\/\/wwsystem.com.pl\/dev\/wp-json\/wp\/v2\/types\/product"}],"replies":[{"embeddable":true,"href":"https:\/\/wwsystem.com.pl\/dev\/wp-json\/wp\/v2\/comments?post=1249"}],"version-history":[{"count":0,"href":"https:\/\/wwsystem.com.pl\/dev\/wp-json\/wp\/v2\/product\/1249\/revisions"}],"wp:featuredmedia":[{"embeddable":true,"href":"https:\/\/wwsystem.com.pl\/dev\/wp-json\/wp\/v2\/media\/1248"}],"wp:attachment":[{"href":"https:\/\/wwsystem.com.pl\/dev\/wp-json\/wp\/v2\/media?parent=1249"}],"wp:term":[{"taxonomy":"product_brand","embeddable":true,"href":"https:\/\/wwsystem.com.pl\/dev\/wp-json\/wp\/v2\/product_brand?post=1249"},{"taxonomy":"product_cat","embeddable":true,"href":"https:\/\/wwsystem.com.pl\/dev\/wp-json\/wp\/v2\/product_cat?post=1249"},{"taxonomy":"product_tag","embeddable":true,"href":"https:\/\/wwsystem.com.pl\/dev\/wp-json\/wp\/v2\/product_tag?post=1249"}],"curies":[{"name":"wp","href":"https:\/\/api.w.org\/{rel}","templated":true}]}}