{"id":1251,"date":"2024-08-08T13:04:53","date_gmt":"2024-08-08T13:04:53","guid":{"rendered":"https:\/\/wwsystem.com.pl\/dev\/produkt\/biuro-gt-licencja-elektroniczna-zarezerwuj-pl\/"},"modified":"2024-08-08T13:04:54","modified_gmt":"2024-08-08T13:04:54","slug":"biuro-gt-licencja-elektroniczna-zarezerwuj-pl","status":"publish","type":"product","link":"https:\/\/wwsystem.com.pl\/dev\/produkt\/biuro-gt-licencja-elektroniczna-zarezerwuj-pl\/","title":{"rendered":"Biuro GT (licencja elektroniczna) + zarezerwuj.pl"},"content":{"rendered":"<p>Opis<br \/>\nBiuro GT &#8211; system wspomagania pracy biura rachunkowego (licencja elektroniczna). Kupuj\u0105c program otrzymasz dodatkowo licencj\u0119 do systemu zarezerwuj.pl na 12 miesi\u0119cy bezp\u0142atnie.<br \/>\nCharakterystyka<br \/>\nBiuro GT to system przeznaczony dla ksi\u0119gowych i kadrowych zatrudnionych w biurze rachunkowym oraz dla doradc\u00f3w podatkowych. Jest on uzupe\u0142nieniem program\u00f3w ksi\u0119gowych i kadrowo-p\u0142acowych z linii InsERT GT (Rachmistrz GT, Rewizor GT, Gratyfikant GT, mikroGratyfikant GT) oraz narz\u0119dziem integruj\u0105cym operacje wykonywane w tych programach.<br \/>\nBiuro GT obs\u0142uguje proces generowania plik\u00f3w JPK_VAT. Umo\u017cliwia on zbiorcze wygenerowanie i wysy\u0142k\u0119 plik\u00f3w JPK_VAT dla klient\u00f3w biura rachunkowego. Szczeg\u00f3\u0142owe operacje zwi\u0105zane z t\u0105 opcj\u0105 to: przygotowanie plik\u00f3w w oparciu o ich statusy, zatwierdzanie plik\u00f3w niezatwierdzonych, wysy\u0142ka elektroniczna, pobieranie UPO oraz ich drukowanie. Mo\u017cliwe jest tak\u017ce ponowne generowanie plik\u00f3w JPK_VAT (przydatne przy poprawie zapis\u00f3w w ewidencji VAT) oraz ich ponowna wysy\u0142ka.<br \/>\nBiuro GT umo\u017cliwia sprawn\u0105 obs\u0142ug\u0119 du\u017cej liczby podmiot\u00f3w bez konieczno\u015bci wyboru wszystkich obs\u0142ugiwanych podmiot\u00f3w i odszukiwania odpowiedniego modu\u0142u administracyjnego. System automatyzuje wykonywanie operacji powtarzalnych, koniecznych do przeprowadzenia w ka\u017cdym z obs\u0142ugiwanych podmiot\u00f3w. W systemie mo\u017cliwe jest tak\u017ce automatyczne modyfikowanie najwa\u017cniejszych parametr\u00f3w program\u00f3w ksi\u0119gowych i kadrowych. Jest to program intuicyjny w obs\u0142udze, kt\u00f3rego zadaniem jest przede wszystkim znaczne przyspieszenie pracy os\u00f3b zatrudnionych w biurze rachunkowym.<br \/>\nBiuro GT zawiera mechanizmy pozwalaj\u0105ce na \u0142atwe harmonogramowanie pracy biura i kontrolowanie niekt\u00f3rych operacji wykonywanych przez biuro rachunkowe. Program u\u0142atwia zarz\u0105dzanie czynno\u015bciami administracyjnymi na wielu bazach danych \u2013 przede wszystkim przy archiwizacji i konwersji baz danych. System generuje tak\u017ce odpowiednie raporty u\u0142atwiaj\u0105ce rozliczanie pomi\u0119dzy biurem rachunkowym a jego klientami.<br \/>\nFunkcjonalno\u015b\u0107 Biura GT og\u00f3lnie mo\u017cna podzieli\u0107 na dwie p\u0142aszczyzny dzia\u0142ania. Pierwsza to wspomaganie pracy z programami linii InsERT GT, druga to funkcje, kt\u00f3re u\u0142atwiaj\u0105 planowanie rozmaitych zada\u0144 i kontroluj\u0105 prac\u0119 ca\u0142ego biura.<br \/>\nFunkcje, kt\u00f3re wspomagaj\u0105 prac\u0119 z programami linii InsERT GT<br \/>\nobs\u0142uga Jednolitego Pliku Kontrolnego: generowanie, wysy\u0142ka z podpisem kwalifikowanym, odbi\u00f3r i wydruk Urz\u0119dowego Po\u015bwiadczenia Odbioru;<br \/>\nzbiorcze naliczanie i wydruk deklaracji skarbowych oraz ich elektroniczn\u0105 wysy\u0142k\u0119; zbiorcze naliczanie i eksport deklaracji ZUS do pliku XML, kt\u00f3re s\u0105 nast\u0119pnie wczytywane przez program P\u0142atnik;<br \/>\nwydruk ksi\u0119gi przychod\u00f3w i rozchod\u00f3w oraz ewidencji VAT;<br \/>\nzbiorcze archiwizowanie i dearchiwizowanie baz danych podmiot\u00f3w obs\u0142ugiwanych przez biuro rachunkowe;<br \/>\nzbiorcza konwersja baz danych podmiot\u00f3w obs\u0142ugiwanych przez biuro rachunkowe;<br \/>\nustawianie wybranych parametr\u00f3w administracyjnych dla wielu podmiot\u00f3w (kopiowanie wzorc\u00f3w wydruku, kartotek instytucji US i ZUS i Innych).<br \/>\nFunkcje u\u0142atwiaj\u0105ce zarz\u0105dzanie biurem rachunkowym<br \/>\nzarz\u0105dzanie list\u0105 podmiot\u00f3w obs\u0142ugiwanych przez biuro;<br \/>\nzarz\u0105dzanie personelem i uprawnieniami;<br \/>\nzaawansowane opisywanie podmiot\u00f3w za pomoc\u0105 definiowalnych proces\u00f3w.<br \/>\nzarezerwuj.pl<br \/>\nzarezerwuj.pl to aplikacja webowa do umawiania wizyt na miejscu w biurze rachunkowym lub spotka\u0144 online. Bogata funkcjonalno\u015b\u0107 programu, w tym m.in. powiadomienia SMS oraz e-mail czy kalendarz rezerwacji, pomo\u017ce usprawni\u0107 prac\u0119 Twojego biura, dzi\u0119ki czemu oszcz\u0119dzisz czas i zarobisz wi\u0119cej.<br \/>\nWymagania systemowe<br \/>\nInsERT Biuro GT &#8211; aktualne wymagania systemowe.<\/p>\n","protected":false},"excerpt":{"rendered":"<p>Testowy produkt<\/p>\n","protected":false},"featured_media":1250,"comment_status":"open","ping_status":"closed","template":"","meta":[],"product_brand":[],"product_cat":[44],"product_tag":[],"class_list":{"0":"post-1251","1":"product","2":"type-product","3":"status-publish","4":"has-post-thumbnail","6":"product_cat-obsluga-biura-rachunkowego","8":"first","9":"instock","10":"shipping-taxable","11":"purchasable","12":"product-type-simple"},"_links":{"self":[{"href":"https:\/\/wwsystem.com.pl\/dev\/wp-json\/wp\/v2\/product\/1251"}],"collection":[{"href":"https:\/\/wwsystem.com.pl\/dev\/wp-json\/wp\/v2\/product"}],"about":[{"href":"https:\/\/wwsystem.com.pl\/dev\/wp-json\/wp\/v2\/types\/product"}],"replies":[{"embeddable":true,"href":"https:\/\/wwsystem.com.pl\/dev\/wp-json\/wp\/v2\/comments?post=1251"}],"version-history":[{"count":0,"href":"https:\/\/wwsystem.com.pl\/dev\/wp-json\/wp\/v2\/product\/1251\/revisions"}],"wp:featuredmedia":[{"embeddable":true,"href":"https:\/\/wwsystem.com.pl\/dev\/wp-json\/wp\/v2\/media\/1250"}],"wp:attachment":[{"href":"https:\/\/wwsystem.com.pl\/dev\/wp-json\/wp\/v2\/media?parent=1251"}],"wp:term":[{"taxonomy":"product_brand","embeddable":true,"href":"https:\/\/wwsystem.com.pl\/dev\/wp-json\/wp\/v2\/product_brand?post=1251"},{"taxonomy":"product_cat","embeddable":true,"href":"https:\/\/wwsystem.com.pl\/dev\/wp-json\/wp\/v2\/product_cat?post=1251"},{"taxonomy":"product_tag","embeddable":true,"href":"https:\/\/wwsystem.com.pl\/dev\/wp-json\/wp\/v2\/product_tag?post=1251"}],"curies":[{"name":"wp","href":"https:\/\/api.w.org\/{rel}","templated":true}]}}