{"id":1253,"date":"2024-08-08T13:04:55","date_gmt":"2024-08-08T13:04:55","guid":{"rendered":"https:\/\/wwsystem.com.pl\/dev\/produkt\/biuro-rachunkowe-nexo-pro-rewizor-rachmistrz-subiekt-e-lic\/"},"modified":"2024-08-08T13:04:55","modified_gmt":"2024-08-08T13:04:55","slug":"biuro-rachunkowe-nexo-pro-rewizor-rachmistrz-subiekt-e-lic","status":"publish","type":"product","link":"https:\/\/wwsystem.com.pl\/dev\/produkt\/biuro-rachunkowe-nexo-pro-rewizor-rachmistrz-subiekt-e-lic\/","title":{"rendered":"Biuro rachunkowe nexo PRO (Rewizor, Rachmistrz, Subiekt) e.lic."},"content":{"rendered":"<p>Opis<br \/>\nZestaw Biuro rachunkowe nexo (Rachmistrz nexo PRO, Rewizor nexo PRO, Subiekt nexo PRO+ zarezerwuj.pl) &#8211; licencje elektronicznee<br \/>\nLicencja InsERT nexo<br \/>\nCharakterystyka<br \/>\nZosta\u0144 biurem PRO! W dniach od 1 do 31 sierpnia 2024 mo\u017cesz kupi\u0107 dowolny program tej nowoczesnej linii lub zestaw dla biur rachunkowych 70% taniej. Promocj\u0105 obj\u0119te s\u0105 tak\u017ce rozszerzenia do nexo PRO. <\/p>\n<p>Jak skorzysta\u0107 z promocji<\/p>\n<p>Aby kupi\u0107 program InsERT nexo PRO lub zestaw dla biur rachunkowych 70% taniej, wystarczy skorzysta\u0107 ze specjalnego kodu rabatowego.<br \/>\nRozszerzenia w promocyjnej cenie mo\u017cna kupowa\u0107 bez kodu, przez ca\u0142y okres trwania promocji.<br \/>\nKod rabatowy mo\u017cesz uzyska\u0107 na kilka sposob\u00f3w:<br \/>\nWchodz\u0105c na t\u0119 stron\u0119 i uzupe\u0142niaj\u0105c swoje dane. Po weryfikacji otrzymasz e-mail z kodem na podany w zg\u0142oszeniu adres.<br \/>\nKontaktuj\u0105c si\u0119 z naszym Partnerem.<br \/>\nKontaktuj\u0105c si\u0119 bezpo\u015brednio z Dzia\u0142em Sprzeda\u017cy InsERT &#8211; tel. 71 78 76 110, e-mail: sprzedaz@insert.com.pl.<br \/>\nUzyskany kod rabatowy mo\u017cesz wykorzysta\u0107 na kupno dowolnego programu\/zestawu dla biur, kt\u00f3ry jest obj\u0119ty promocj\u0105.<br \/>\nSprawd\u017a szczeg\u00f3\u0142y promocji.<\/p>\n<p>Zestaw Biuro rachunkowe nexo sk\u0142ada si\u0119 z 3 program\u00f3w: Rewizor nexo PRO (ksi\u0119ga przychod\u00f3w i rozchod\u00f3w i system naliczania podatku zrycza\u0142towanego), Rachmistrz nexo PRO (system finansowo-ksi\u0119gowy) oraz Subiekt nexo PRO (system wspomagania sprzeda\u017cy). Kupuj\u0105c zestaw otrzymasz dodatkowo licencj\u0119 do systemu zarezerwuj.pl na 12 miesi\u0119cy bezp\u0142atnie.<br \/>\nRewizor nexo PRO<br \/>\nElastyczny system, kt\u00f3ry doskonale sprawdza si\u0119 w biurach rachunkowych, wspieraj\u0105c ich prac\u0119 na ka\u017cdym etapie: od zarz\u0105dzania planami kont, przez ewidencje VAT, p\u0142ac i obs\u0142ug\u0119 \u015brodk\u00f3w trwa\u0142ych, po wystawianie deklaracji skarbowych, operacje kasowe i na rachunkach bankowych oraz ewidencjonowanie i rozliczanie rozrachunk\u00f3w.<br \/>\nZawiera wiele niestandardowych rozwi\u0105za\u0144, pozwalaj\u0105cych dostosowa\u0107 go specyficznych potrzeb danej firmy (m.in. definiowanie w\u0142asnych raport\u00f3w, wydruk\u00f3w, transakcji VAT czy typ\u00f3w amortyzacji). Strefa dla Rewizora nexo pozwala dodatkowo rozszerza\u0107 funkcjonalno\u015b\u0107 programu.<br \/>\nWi\u0119cej o funkcjach i wymaganiach systemowych Rewizora nexo PRO znajdziesz tutaj.<br \/>\nRachmistrz nexo PRO<br \/>\nNowoczesny program, wyposa\u017cony w szereg funkcji u\u0142atwiaj\u0105cych prowadzenie ksi\u0119gi przychod\u00f3w i rozchod\u00f3w lub ewidencji podatku zrycza\u0142towanego (od ewidencji VAT i p\u0142ac, poprzez wystawianie deklaracji skarbowych i ZUS, po pe\u0142n\u0105 obs\u0142ug\u0119 finans\u00f3w i rozrachunk\u00f3w). Zawiera wiele niestandardowych rozwi\u0105za\u0144, pozwalaj\u0105cych dostosowa\u0107 go specyficznych potrzeb danej firmy (m.in. definiowanie w\u0142asnych raport\u00f3w, wydruk\u00f3w, transakcji VAT czy typ\u00f3w amortyzacji).<br \/>\nWi\u0119cej o funkcjach i wymaganiach systemowych Rachmistrza nexo PRO znajdziesz tutaj.<br \/>\nSubiekt nexo PRO<br \/>\nProgram do obs\u0142ugi dzia\u0142u handlowego biur rachunkowych, w pe\u0142ni zintegrowany z Rachmistrzem nexo PRO oraz Rewizorem nexo PRO. Charakteryzuje si\u0119 otwarto\u015bci\u0105 i elastyczno\u015bci\u0105, pozwalaj\u0105c np. dodawa\u0107 pola w\u0142asne do r\u00f3\u017cnych element\u00f3w programu, a tak\u017ce w\u0142asne raporty i wzorce wydruku. Gwarantuje m.in. pe\u0142n\u0105 obs\u0142ug\u0119 wszystkich typ\u00f3w dokument\u00f3w magazynowych i handlowych, pojedyncze lub zbiorcze generowanie faktur do dokument\u00f3w WZ, automatyczne generowanie dokumentu WZ do faktury, wystawianie faktury pro forma czy szczeg\u00f3\u0142owe monitorowanie u\u017cytkownik\u00f3w w zakresie dokonywanych zmian na dokumentach oraz w kartotece klient\u00f3w za pomoc\u0105 pe\u0142nego \u015bladu rewizyjnego.<br \/>\nWi\u0119cej o funkcjach i wymaganiach systemowych Subiekta nexo PRO znajdziesz tutaj.<br \/>\nzarezerwuj.pl<br \/>\nzarezerwuj.pl to aplikacja webowa do umawiania wizyt na miejscu w biurze rachunkowym lub spotka\u0144 online. Bogata funkcjonalno\u015b\u0107 programu, w tym m.in. powiadomienia SMS oraz e-mail czy kalendarz rezerwacji, pomo\u017ce usprawni\u0107 prac\u0119 Twojego biura, dzi\u0119ki czemu oszcz\u0119dzisz czas i zarobisz wi\u0119cej.<\/p>\n","protected":false},"excerpt":{"rendered":"<p>Testowy produkt<\/p>\n","protected":false},"featured_media":1252,"comment_status":"open","ping_status":"closed","template":"","meta":[],"product_brand":[],"product_cat":[42],"product_tag":[],"class_list":{"0":"post-1253","1":"product","2":"type-product","3":"status-publish","4":"has-post-thumbnail","6":"product_cat-insert-nexo-zestawy-dla-biur-rachunkowych","8":"first","9":"instock","10":"featured","11":"shipping-taxable","12":"purchasable","13":"product-type-simple"},"_links":{"self":[{"href":"https:\/\/wwsystem.com.pl\/dev\/wp-json\/wp\/v2\/product\/1253"}],"collection":[{"href":"https:\/\/wwsystem.com.pl\/dev\/wp-json\/wp\/v2\/product"}],"about":[{"href":"https:\/\/wwsystem.com.pl\/dev\/wp-json\/wp\/v2\/types\/product"}],"replies":[{"embeddable":true,"href":"https:\/\/wwsystem.com.pl\/dev\/wp-json\/wp\/v2\/comments?post=1253"}],"version-history":[{"count":0,"href":"https:\/\/wwsystem.com.pl\/dev\/wp-json\/wp\/v2\/product\/1253\/revisions"}],"wp:featuredmedia":[{"embeddable":true,"href":"https:\/\/wwsystem.com.pl\/dev\/wp-json\/wp\/v2\/media\/1252"}],"wp:attachment":[{"href":"https:\/\/wwsystem.com.pl\/dev\/wp-json\/wp\/v2\/media?parent=1253"}],"wp:term":[{"taxonomy":"product_brand","embeddable":true,"href":"https:\/\/wwsystem.com.pl\/dev\/wp-json\/wp\/v2\/product_brand?post=1253"},{"taxonomy":"product_cat","embeddable":true,"href":"https:\/\/wwsystem.com.pl\/dev\/wp-json\/wp\/v2\/product_cat?post=1253"},{"taxonomy":"product_tag","embeddable":true,"href":"https:\/\/wwsystem.com.pl\/dev\/wp-json\/wp\/v2\/product_tag?post=1253"}],"curies":[{"name":"wp","href":"https:\/\/api.w.org\/{rel}","templated":true}]}}