{"id":1263,"date":"2024-08-08T13:05:02","date_gmt":"2024-08-08T13:05:02","guid":{"rendered":"https:\/\/wwsystem.com.pl\/dev\/produkt\/doradca-podatkowy-nexo-pro-plus-rewizor-rachmistrz-gratyfikant-subiekt-gestor-biuro-e-lic\/"},"modified":"2024-08-08T13:05:02","modified_gmt":"2024-08-08T13:05:02","slug":"doradca-podatkowy-nexo-pro-plus-rewizor-rachmistrz-gratyfikant-subiekt-gestor-biuro-e-lic","status":"publish","type":"product","link":"https:\/\/wwsystem.com.pl\/dev\/produkt\/doradca-podatkowy-nexo-pro-plus-rewizor-rachmistrz-gratyfikant-subiekt-gestor-biuro-e-lic\/","title":{"rendered":"Doradca podatkowy nexo PRO PLUS (Rewizor, Rachmistrz, Gratyfikant, Subiekt, Gestor, Biuro) e.lic."},"content":{"rendered":"<p>Opis<br \/>\nZestaw Doradca podatkowy nexo plus (Rachmistrz nexo PRO, Rewizor nexo PRO, Gratyfikant nexo PRO, Gestor nexo PRO, Biuro nexo, Subiekt nexo PRO + zarezerwuj.pl) &#8211; licencje elektroniczne<br \/>\nLicencja InsERT nexo<br \/>\nCharakterystyka<br \/>\nZosta\u0144 biurem PRO! W dniach od 1 do 31 sierpnia 2024 mo\u017cesz kupi\u0107 dowolny program tej nowoczesnej linii lub zestaw dla biur rachunkowych 70% taniej. Promocj\u0105 obj\u0119te s\u0105 tak\u017ce rozszerzenia do nexo PRO. <\/p>\n<p>Jak skorzysta\u0107 z promocji<\/p>\n<p>Aby kupi\u0107 program InsERT nexo PRO lub zestaw dla biur rachunkowych 70% taniej, wystarczy skorzysta\u0107 ze specjalnego kodu rabatowego.<br \/>\nRozszerzenia w promocyjnej cenie mo\u017cna kupowa\u0107 bez kodu, przez ca\u0142y okres trwania promocji.<br \/>\nKod rabatowy mo\u017cesz uzyska\u0107 na kilka sposob\u00f3w:<br \/>\nWchodz\u0105c na t\u0119 stron\u0119 i uzupe\u0142niaj\u0105c swoje dane. Po weryfikacji otrzymasz e-mail z kodem na podany w zg\u0142oszeniu adres.<br \/>\nKontaktuj\u0105c si\u0119 z naszym Partnerem.<br \/>\nKontaktuj\u0105c si\u0119 bezpo\u015brednio z Dzia\u0142em Sprzeda\u017cy InsERT &#8211; tel. 71 78 76 110, e-mail: sprzedaz@insert.com.pl.<br \/>\nUzyskany kod rabatowy mo\u017cesz wykorzysta\u0107 na kupno dowolnego programu\/zestawu dla biur, kt\u00f3ry jest obj\u0119ty promocj\u0105.<br \/>\nSprawd\u017a szczeg\u00f3\u0142y promocji.<\/p>\n<p>Zestaw Doradca podatkowy nexo plus sk\u0142ada si\u0119 z 6 program\u00f3w: Rewizor nexo PRO (system finansowo-ksi\u0119gowy), Rachmistrz nexo PRO (ksi\u0119ga przychod\u00f3w i rozchod\u00f3w i system naliczania podatku zrycza\u0142towanego), Gratyfikant nexo PRO (system kadrowo-p\u0142acowy), Subiekt nexo PRO (system wspomagania sprzeda\u017cy), Gestor nexo PRO (system zarz\u0105dzania relacjami z klientami) oraz Biuro nexo (system wspomagania pracy biura rachunkowego). Kupuj\u0105c zestaw otrzymasz dodatkowo licencj\u0119 do systemu zarezerwuj.pl na 12 miesi\u0119cy bezp\u0142atnie.<br \/>\nRewizor nexo PRO<br \/>\nElastyczny system, kt\u00f3ry doskonale sprawdza si\u0119 w biurach rachunkowych, wspieraj\u0105c ich prac\u0119 na ka\u017cdym etapie: od zarz\u0105dzania planami kont, przez ewidencje VAT, p\u0142ac i obs\u0142ug\u0119 \u015brodk\u00f3w trwa\u0142ych, po wystawianie deklaracji skarbowych, operacje kasowe i na rachunkach bankowych oraz ewidencjonowanie i rozliczanie rozrachunk\u00f3w.<br \/>\nZawiera wiele niestandardowych rozwi\u0105za\u0144, pozwalaj\u0105cych dostosowa\u0107 go specyficznych potrzeb danej firmy (m.in. definiowanie w\u0142asnych raport\u00f3w, wydruk\u00f3w, transakcji VAT czy typ\u00f3w amortyzacji). Strefa dla Rewizora nexo pozwala dodatkowo rozszerza\u0107 funkcjonalno\u015b\u0107 programu.<br \/>\nWi\u0119cej o funkcjach i wymaganiach systemowych Rewizora nexo PRO znajdziesz tutaj.<br \/>\nRachmistrz nexo PRO<br \/>\nNowoczesny program, wyposa\u017cony w szereg funkcji u\u0142atwiaj\u0105cych prowadzenie ksi\u0119gi przychod\u00f3w i rozchod\u00f3w lub ewidencji podatku zrycza\u0142towanego (od ewidencji VAT i p\u0142ac, poprzez wystawianie deklaracji skarbowych i ZUS, po pe\u0142n\u0105 obs\u0142ug\u0119 finans\u00f3w i rozrachunk\u00f3w). Zawiera wiele niestandardowych rozwi\u0105za\u0144, pozwalaj\u0105cych dostosowa\u0107 go specyficznych potrzeb danej firmy (m.in. definiowanie w\u0142asnych raport\u00f3w, wydruk\u00f3w, transakcji VAT czy typ\u00f3w amortyzacji).<br \/>\nWi\u0119cej o funkcjach i wymaganiach systemowych Rachmistrza nexo PRO znajdziesz tutaj.<br \/>\nGratyfikant nexo PRO<br \/>\nSystem kompleksowo wspomagaj\u0105cy obs\u0142ug\u0119 kadr i p\u0142ac w ma\u0142ych i \u015brednich firmach, a tak\u017ce w biurach rachunkowych. Intuicyjny interfejs i automatyzacja wielu czynno\u015bci znacznie przy\u015bpieszaj\u0105 prac\u0119, a du\u017ca elastyczno\u015b\u0107 daje szerokie mo\u017cliwo\u015bci konfiguracji. Program zawiera wszystkie funkcje niezb\u0119dne w dziale kadr i p\u0142ac \u2013 od prowadzenia rozbudowanej ewidencji osobowej i wystawiania um\u00f3w o prac\u0119 i um\u00f3w cywilnoprawnych, przez proste i zaawansowane planowanie i naliczanie wynagrodze\u0144, po generowanie rozlicze\u0144 z urz\u0119dem skarbowym i ZUS oraz wystawianie r\u00f3\u017cnych dokument\u00f3w kadrowo-p\u0142acowych.<br \/>\nWi\u0119cej o funkcjach i wymaganiach systemowych Gratyfikanta nexo PRO znajdziesz tutaj.<br \/>\nSubiekt nexo PRO<br \/>\nProgram do obs\u0142ugi dzia\u0142u handlowego biur rachunkowych, w pe\u0142ni zintegrowany z Rachmistrzem nexo PRO oraz Rewizorem nexo PRO. Charakteryzuje si\u0119 otwarto\u015bci\u0105 i elastyczno\u015bci\u0105, pozwalaj\u0105c np. dodawa\u0107 pola w\u0142asne do r\u00f3\u017cnych element\u00f3w programu, a tak\u017ce w\u0142asne raporty i wzorce wydruku. Gwarantuje m.in. pe\u0142n\u0105 obs\u0142ug\u0119 wszystkich typ\u00f3w dokument\u00f3w magazynowych i handlowych, pojedyncze lub zbiorcze generowanie faktur do dokument\u00f3w WZ, automatyczne generowanie dokumentu WZ do faktury, wystawianie faktury pro forma czy szczeg\u00f3\u0142owe monitorowanie u\u017cytkownik\u00f3w w zakresie dokonywanych zmian na dokumentach oraz w kartotece klient\u00f3w za pomoc\u0105 pe\u0142nego \u015bladu rewizyjnego.<br \/>\nWi\u0119cej o funkcjach i wymaganiach systemowych Subiekta nexo PRO znajdziesz tutaj.<br \/>\nGestor nexo PRO<br \/>\nSystem wspomagaj\u0105cy budowanie trwa\u0142ych relacji z klientami oraz zarz\u0105dzanie prac\u0105 w firmie lub biurze rachunkowym. Dzi\u0119ki automatyzacji wielu czynno\u015bci pozwala zaoszcz\u0119dzi\u0107 czas, zapewniaj\u0105c wi\u0119ksz\u0105 wydajno\u015b\u0107 i efektywno\u015b\u0107. Umo\u017cliwia m.in. ewidencjonowanie szczeg\u00f3\u0142owych danych klient\u00f3w wraz z histori\u0105 kontakt\u00f3w, przedstawianie i negocjowanie ofert oraz prowadzenie korespondencji mailowej czy zbiorcz\u0105 wysy\u0142k\u0119 maili za pomoc\u0105 wbudowanego klienta pocztowego. Dzia\u0142a r\u00f3wnie\u017c w obszarze wewn\u0105trzfirmowym, organizuj\u0105c i usprawniaj\u0105c prac\u0119.<br \/>\nWi\u0119cej o funkcjach i wymaganiach systemowych Gestora nexo PRO znajdziesz tutaj.<br \/>\nBiuro nexo<br \/>\nProgram stworzony z my\u015bl\u0105 o biurach rachunkowych i doradcach podatkowych, u\u017cywaj\u0105cych w codziennej pracy system\u00f3w linii InsERT nexo. Wspiera biura rachunkowe w wykonywaniu standardowych czynno\u015bci, automatyzuje prac\u0119 na wielu podmiotach systemu InsERT nexo, a tak\u017ce u\u0142atwia komunikacj\u0119 z klientami biura poprzez dedykowany portal. System jest integralnym sk\u0142adnikiem pakietu InsERT nexo i pracuje na tej samej bazie z innymi programami obs\u0142uguj\u0105cymi biuro rachunkowe. Dzi\u0119ki temu ma zapewniony dost\u0119p do wszystkich mechanizm\u00f3w platformowych, takich jak: pola w\u0142asne, flagi, InsMAIL, zestawienia, wydruki, Sfera, biblioteka dokument\u00f3w i wiele innych.<br \/>\nWi\u0119cej o funkcjach i wymaganiach systemowych Biura nexo znajdziesz tutaj.<br \/>\nzarezerwuj.pl<br \/>\nzarezerwuj.pl to aplikacja webowa do umawiania wizyt na miejscu w biurze rachunkowym lub spotka\u0144 online. Bogata funkcjonalno\u015b\u0107 programu, w tym m.in. powiadomienia SMS oraz e-mail czy kalendarz rezerwacji, pomo\u017ce usprawni\u0107 prac\u0119 Twojego biura, dzi\u0119ki czemu oszcz\u0119dzisz czas i zarobisz wi\u0119cej.<\/p>\n","protected":false},"excerpt":{"rendered":"<p>Testowy produkt<\/p>\n","protected":false},"featured_media":1262,"comment_status":"open","ping_status":"closed","template":"","meta":[],"product_brand":[],"product_cat":[42],"product_tag":[],"class_list":{"0":"post-1263","1":"product","2":"type-product","3":"status-publish","4":"has-post-thumbnail","6":"product_cat-insert-nexo-zestawy-dla-biur-rachunkowych","8":"first","9":"instock","10":"featured","11":"shipping-taxable","12":"purchasable","13":"product-type-simple"},"_links":{"self":[{"href":"https:\/\/wwsystem.com.pl\/dev\/wp-json\/wp\/v2\/product\/1263"}],"collection":[{"href":"https:\/\/wwsystem.com.pl\/dev\/wp-json\/wp\/v2\/product"}],"about":[{"href":"https:\/\/wwsystem.com.pl\/dev\/wp-json\/wp\/v2\/types\/product"}],"replies":[{"embeddable":true,"href":"https:\/\/wwsystem.com.pl\/dev\/wp-json\/wp\/v2\/comments?post=1263"}],"version-history":[{"count":0,"href":"https:\/\/wwsystem.com.pl\/dev\/wp-json\/wp\/v2\/product\/1263\/revisions"}],"wp:featuredmedia":[{"embeddable":true,"href":"https:\/\/wwsystem.com.pl\/dev\/wp-json\/wp\/v2\/media\/1262"}],"wp:attachment":[{"href":"https:\/\/wwsystem.com.pl\/dev\/wp-json\/wp\/v2\/media?parent=1263"}],"wp:term":[{"taxonomy":"product_brand","embeddable":true,"href":"https:\/\/wwsystem.com.pl\/dev\/wp-json\/wp\/v2\/product_brand?post=1263"},{"taxonomy":"product_cat","embeddable":true,"href":"https:\/\/wwsystem.com.pl\/dev\/wp-json\/wp\/v2\/product_cat?post=1263"},{"taxonomy":"product_tag","embeddable":true,"href":"https:\/\/wwsystem.com.pl\/dev\/wp-json\/wp\/v2\/product_tag?post=1263"}],"curies":[{"name":"wp","href":"https:\/\/api.w.org\/{rel}","templated":true}]}}