{"id":1271,"date":"2024-08-08T13:05:09","date_gmt":"2024-08-08T13:05:09","guid":{"rendered":"https:\/\/wwsystem.com.pl\/dev\/produkt\/biuro-rachunkowo-placowe-plus-rewizor-rachmistrz-gratyfikant-subiekt-biuro-e-lic\/"},"modified":"2024-08-08T13:05:09","modified_gmt":"2024-08-08T13:05:09","slug":"biuro-rachunkowo-placowe-plus-rewizor-rachmistrz-gratyfikant-subiekt-biuro-e-lic","status":"publish","type":"product","link":"https:\/\/wwsystem.com.pl\/dev\/produkt\/biuro-rachunkowo-placowe-plus-rewizor-rachmistrz-gratyfikant-subiekt-biuro-e-lic\/","title":{"rendered":"Biuro Rachunkowo-p\u0142acowe PLUS (Rewizor, Rachmistrz, Gratyfikant, Subiekt, Biuro) e.lic"},"content":{"rendered":"<p>Opis<br \/>\nZestaw Biuro rachunkowo-p\u0142acowe plus (Rachmistrz GT, Rewizor GT, Gratyfikant GT, Biuro GT, Subiekt GT + zarezerwuj.pl) &#8211; licencje elektroniczne<br \/>\nLicencja InsERT GT<br \/>\nCharakterystyka<br \/>\nZestaw Biuro rachunkowo-p\u0142acowe plus sk\u0142ada si\u0119 z 5 program\u00f3w: Rewizor GT (system finansowo-ksi\u0119gowy), Rachmistrz GT (ksi\u0119ga przychod\u00f3w i rozchod\u00f3w i system naliczania podatku zrycza\u0142towanego), Gratyfikant GT (system kadrowo-p\u0142acowy), Subiekt GT (system sprzeda\u017cy) oraz Biuro GT (system wspomagania pracy biura rachunkowego). Kupuj\u0105c zestaw otrzymasz dodatkowo licencj\u0119 do systemu zarezerwuj.pl na 12 miesi\u0119cy bezp\u0142atnie.<br \/>\nRewizor GT<br \/>\nSystem do prowadzenia pe\u0142nej ksi\u0119gowo\u015bci, przeznaczony dla ma\u0142ych i \u015brednich firm oraz biur rachunkowych. Umo\u017cliwia m.in. tworzenie planu kont, dekretowanie i ksi\u0119gowanie dokument\u00f3w czy zarz\u0105dzanie rozrachunkami i obs\u0142ug\u0119 \u015brodk\u00f3w trwa\u0142ych. Zawiera funkcje przygotowane specjalnie dla biur rachunkowych i jest zintegrowany z Gratyfikantem GT.<br \/>\nWi\u0119cej o funkcjach i wymaganiach systemowych Rewizora GT znajdziesz tutaj.<br \/>\nRachmistrz GT<br \/>\nProgram przeznaczony do obs\u0142ugi firm prowadz\u0105cych ksi\u0119g\u0119 przychod\u00f3w i rozchod\u00f3w, a tak\u017ce dla p\u0142atnik\u00f3w rozliczaj\u0105cych si\u0119 w formie rycza\u0142tu od przychod\u00f3w ewidencjonowanych. Z jego pomoc\u0105 mo\u017cna m.in. obs\u0142ugiwa\u0107 transakcje VAT, prowadzi\u0107 ewidencj\u0119 pojazd\u00f3w wykorzystywanych do cel\u00f3w s\u0142u\u017cbowych oraz automatycznie nalicza\u0107 i ksi\u0119gowa\u0107 amortyzacje. System jest zintegrowany z Gratyfikantem GT.<br \/>\nWi\u0119cej o funkcjach i wymaganiach systemowych Rachmistrza GT znajdziesz tutaj.<br \/>\nGratyfikant GT<br \/>\nProgram przeznaczony do obs\u0142ugi kadrowo-p\u0142acowej w ma\u0142ych i \u015brednich firmach oraz w biurach rachunkowych. Umo\u017cliwia m.in. prowadzenie ewidencji osobowej, wystawianie r\u00f3\u017cnego rodzaju um\u00f3w oraz ewidencjonowanie wyp\u0142at. Obs\u0142uguje Zak\u0142adowy Fundusz \u015awiadcze\u0144 Socjalnych oraz program P\u0142atnik, a tak\u017ce u\u0142atwia wystawianie deklaracji skarbowych i ZUS. Jest zintegrowany z Rachmistrzem GT oraz Rewizorem GT.<br \/>\nWi\u0119cej o funkcjach i wymaganiach systemowych Gratyfikanta GT znajdziesz tutaj.<br \/>\nSubiekt GT<br \/>\nSystem zintegrowany ze wszystkimi programami linii InsERT GT. Zapewnia m.in. wygodne fakturowanie klient\u00f3w obs\u0142ugiwanych za pomoc\u0105 Biura GT, umo\u017cliwia wystawianie wszystkich typ\u00f3w dokument\u00f3w handlowych, obs\u0142ug\u0119 finans\u00f3w i rozrachunk\u00f3w, prowadzenie rozbudowanych kartotek (kontrahent\u00f3w, us\u0142ug itd.), a tak\u017ce tworzenie zestawie\u0144 i raport\u00f3w.<br \/>\nWi\u0119cej o funkcjach i wymaganiach systemowych Subiekta GT znajdziesz tutaj.<br \/>\nBiuro GT<br \/>\nProgram stworzony z my\u015bl\u0105 o biurach rachunkowych i doradcach podatkowych, u\u017cywaj\u0105cych w codziennej pracy system\u00f3w linii InsERT nexo. Wspiera biura rachunkowe w wykonywaniu standardowych czynno\u015bci, automatyzuje prac\u0119 na wielu podmiotach systemu InsERT nexo, a tak\u017ce u\u0142atwia komunikacj\u0119 z klientami biura poprzez dedykowany portal. System jest integralnym sk\u0142adnikiem pakietu InsERT nexo i pracuje na tej samej bazie z innymi programami obs\u0142uguj\u0105cymi biuro rachunkowe. Dzi\u0119ki temu ma zapewniony dost\u0119p do wszystkich mechanizm\u00f3w platformowych, takich jak: pola w\u0142asne, flagi, InsMAIL, zestawienia, wydruki, Sfera, biblioteka dokument\u00f3w i wiele innych.<br \/>\nWi\u0119cej o funkcjach i wymaganiach systemowych Biura GT znajdziesz tutaj.<br \/>\nzarezerwuj.pl<br \/>\nzarezerwuj.pl to aplikacja webowa do umawiania wizyt na miejscu w biurze rachunkowym lub spotka\u0144 online. Bogata funkcjonalno\u015b\u0107 programu, w tym m.in. powiadomienia SMS oraz e-mail czy kalendarz rezerwacji, pomo\u017ce usprawni\u0107 prac\u0119 Twojego biura, dzi\u0119ki czemu oszcz\u0119dzisz czas i zarobisz wi\u0119cej.<\/p>\n","protected":false},"excerpt":{"rendered":"<p>Testowy produkt<\/p>\n","protected":false},"featured_media":1270,"comment_status":"open","ping_status":"closed","template":"","meta":[],"product_brand":[],"product_cat":[43],"product_tag":[],"class_list":{"0":"post-1271","1":"product","2":"type-product","3":"status-publish","4":"has-post-thumbnail","6":"product_cat-insert-gt-zestawy-dla-biur-rachunkowych","8":"first","9":"instock","10":"featured","11":"shipping-taxable","12":"purchasable","13":"product-type-simple"},"_links":{"self":[{"href":"https:\/\/wwsystem.com.pl\/dev\/wp-json\/wp\/v2\/product\/1271"}],"collection":[{"href":"https:\/\/wwsystem.com.pl\/dev\/wp-json\/wp\/v2\/product"}],"about":[{"href":"https:\/\/wwsystem.com.pl\/dev\/wp-json\/wp\/v2\/types\/product"}],"replies":[{"embeddable":true,"href":"https:\/\/wwsystem.com.pl\/dev\/wp-json\/wp\/v2\/comments?post=1271"}],"version-history":[{"count":0,"href":"https:\/\/wwsystem.com.pl\/dev\/wp-json\/wp\/v2\/product\/1271\/revisions"}],"wp:featuredmedia":[{"embeddable":true,"href":"https:\/\/wwsystem.com.pl\/dev\/wp-json\/wp\/v2\/media\/1270"}],"wp:attachment":[{"href":"https:\/\/wwsystem.com.pl\/dev\/wp-json\/wp\/v2\/media?parent=1271"}],"wp:term":[{"taxonomy":"product_brand","embeddable":true,"href":"https:\/\/wwsystem.com.pl\/dev\/wp-json\/wp\/v2\/product_brand?post=1271"},{"taxonomy":"product_cat","embeddable":true,"href":"https:\/\/wwsystem.com.pl\/dev\/wp-json\/wp\/v2\/product_cat?post=1271"},{"taxonomy":"product_tag","embeddable":true,"href":"https:\/\/wwsystem.com.pl\/dev\/wp-json\/wp\/v2\/product_tag?post=1271"}],"curies":[{"name":"wp","href":"https:\/\/api.w.org\/{rel}","templated":true}]}}